{"id":6608,"date":"2024-12-31T12:32:59","date_gmt":"2024-12-31T11:32:59","guid":{"rendered":"https:\/\/luther-akademie.de\/datenschutzordnung\/"},"modified":"2025-02-24T15:42:45","modified_gmt":"2025-02-24T14:42:45","slug":"datenschutzordnung","status":"publish","type":"page","link":"https:\/\/luther-akademie.de\/pl\/impressum\/datenschutzordnung\/","title":{"rendered":"Datenschutzordnung | Polityka prywatno\u015bci"},"content":{"rendered":"\t\t<div data-elementor-type=\"wp-page\" data-elementor-id=\"6608\" class=\"elementor elementor-6608\" data-elementor-post-type=\"page\">\n\t\t\t\t<div class=\"elementor-element elementor-element-7620418e e-con-full e-flex e-con e-parent\" data-id=\"7620418e\" data-element_type=\"container\" data-e-type=\"container\">\n\t\t\t\t<div class=\"elementor-element elementor-element-554cf642 elementor-widget elementor-widget-text-editor\" data-id=\"554cf642\" data-element_type=\"widget\" data-e-type=\"widget\" data-widget_type=\"text-editor.default\">\n\t\t\t\t<div class=\"elementor-widget-container\">\n\t\t\t\t\t\t\t\t\t<h1>Polityka prywatno\u015bci<\/h1><div class=\"contentbereich-text\"><p><strong>Preambu\u0142a<\/strong><br \/><strong>\u00a7 1 <\/strong><strong>Og\u00f3lnie<\/strong><br \/><strong>\u00a7 2 Przetwarzanie danych osobowych cz\u0142onk\u00f3w<\/strong><br \/><strong>\u00a7 3 Przetwarzanie danych w kontek\u015bcie public relations<\/strong><br \/><strong>\u00a7 4 Odpowiedzialno\u015b\u0107 za przetwarzanie danych <\/strong><br \/><strong>\u00a7 5 Wykorzystywanie i udost\u0119pnianie danych i list cz\u0142onk\u00f3w<\/strong><br \/><strong>\u00a7 6 Komunikacja drog\u0105 e-mailow\u0105<\/strong><br \/><strong>\u00a7 7 Zobowi\u0105zanie do zachowania poufno\u015bci<\/strong><br \/><strong>\u00a7 8 Tworzenie i utrzymywanie stron internetowych<\/strong><br \/><strong>\u00a7 9 Uprawnienia do przetwarzania tylko w kontek\u015bcie przepis\u00f3w o ochronie danych<\/strong><br \/><strong>\u00a7 10 Wej\u015bcie w \u017cycie<\/strong><br \/><br \/><strong>Preambu\u0142a<\/strong><br \/>Akademia Luther e.V przetwarza na wiele sposob\u00f3w zautomatyzowane dane osobowe (na przyk\u0142ad w kontek\u015bcie przygotowania i realizacji spotka\u0144, w zakresie administracji cz\u0142onk\u00f3w, public relations Akademii Lutra). Aby zachowa\u0107 zgodno\u015b\u0107 z przepisami unijnego og\u00f3lnego rozporz\u0105dzenia o ochronie danych, aby unikn\u0105\u0107 naruszenia ochrony danych i zapewni\u0107 jednolite przetwarzanie danych osobowych w ramach Akademii Lutra, Akademia zapewnia sobie nast\u0119puj\u0105ce przepisy dotycz\u0105ce ochrony danych.<br \/><br \/><strong>\u00a7 1<\/strong><br \/><strong>Og\u00f3lnie<\/strong><br \/>Akademia Lutra przetwarza dane osobowe, tj. przez cz\u0142onk\u00f3w, uczestnik\u00f3w konferencji, uczestnik\u00f3w Nagrody Sponsorskiej za badania Lutra, a tak\u017ce pracownik\u00f3w honorowych i ewentualnie pe\u0142noetatowych, zar\u00f3wno zautomatyzowanych za pomoc\u0105 programu komputerowego, jak i nie zautomatyzowanych w systemie plik\u00f3w, np. w formie drukowanych list. Ponadto dane osobowe b\u0119d\u0105 publikowane w Internecie i przekazywane i ujawnione osobom trzecim lub stronom trzecim. We wszystkich tych przypadkach wszystkie osoby przetwarzaj\u0105ce dane osobowe Akademii Lutra musz\u0105 przestrzega\u0107 og\u00f3lnego rozporz\u0105dzenia UE o ochronie danych, federalnej ustawy o ochronie danych i niniejszej polityki prywatno\u015bci.<br \/><br \/><br \/><strong>\u00a7 2<\/strong><br \/><strong>Przetwarzanie danych osobowych cz\u0142onk\u00f3w<\/strong><br \/>(1) Akademia Lutra przetwarza dane r\u00f3\u017cnych kategorii os\u00f3b. Dla ka\u017cdej kategorii podmiotu danych na li\u015bcie czynno\u015bci przetwarzania tworzony jest pojedynczy arkusz.<br \/>(2) W ramach relacji cz\u0142onkowskiej Akademia Lutra przetwarza w szczeg\u00f3lno\u015bci nast\u0119puj\u0105ce dane cz\u0142onk\u00f3w: tytu\u0142, imi\u0119, nazwisko, adres (ulica, numer domu, kod pocztowy, miasto), p\u0142e\u0107, dat\u0119 urodzenia, dat\u0119 przyst\u0105pienia do Akademii Lutra, numery telefon\u00f3w i e-mail, je\u015bli to konieczne, by funkcjonowa\u0107 w Akademii Lutra, w razie potrzeby przynale\u017cno\u015b\u0107 do gospodarstwa domowego i rodziny.<\/p><p><strong>\u00a7 3<\/strong><br \/><strong>Przetwarzanie danych w kontek\u015bcie public relations<\/strong><br \/>(1) W ramach dzia\u0142a\u0144 public relations dane osobowe mog\u0105 by\u0107 publikowane w publikacjach informacyjnych oraz na stronach internetowych i dystrybuowane do prasy.<br \/>(2) Obejmuje to w szczeg\u00f3lno\u015bci dane pochodz\u0105ce z og\u00f3lnie dost\u0119pnych \u017ar\u00f3de\u0142.<br \/>(3) Publikacja zdj\u0119\u0107 i film\u00f3w odbywa si\u0119 wy\u0142\u0105cznie na podstawie zgody przedstawionych os\u00f3b.<br \/>(4) Na stronie internetowej Akademii Lutra publikowane s\u0105 dane cz\u0142onk\u00f3w zarz\u0105du i innych urz\u0119dnik\u00f3w z tytu\u0142em, imieniem, nazwiskiem, funkcj\u0105, adresem e-mail i numerem telefonu.<\/p><p><br \/><strong>\u00a7 4<\/strong><br \/><strong>Odpowiedzialno\u015b\u0107 za przetwarzanie danych<\/strong><br \/>Odpowiedzialno\u015b\u0107 za przestrzeganie przepis\u00f3w o ochronie danych spoczywa na Radzie Nadzorczej zgodnie z \u00a7 26 BGB. Funkcjonalnie zadanie jest przydzielane sekretarzowi i urz\u0119dowi, o ile statut lub przepisy nie reguluj\u0105 czego\u015b innego. Zapewniaj\u0105 one, \u017ce wykazy czynno\u015bci przetwarzania s\u0105 przeprowadzane zgodnie z art. 30 DSGVO i \u017ce obowi\u0105zki informacyjne wynikaj\u0105ce z art. 13 i 14 DSGVO i s\u0105 odpowiedzialne za odpowiadanie na pro\u015bby o informacje od os\u00f3b, kt\u00f3rych dane dotycz\u0105.<\/p><p><br \/><strong>\u00a7 5<\/strong><br \/><strong>Wykorzystywanie i udost\u0119pnianie danych i list cz\u0142onk\u00f3w<\/strong><br \/>(1) Listy cz\u0142onk\u00f3w lub uczestnik\u00f3w s\u0105 udost\u0119pniane odpowiednim cz\u0142onkom Akademii Lutra (na przyk\u0142ad cz\u0142onkom zarz\u0105du), o ile wymaga tego odpowiednie zadanie. Zakres danych osobowych wykorzystywanych w tym przypadku musi by\u0107 zgodny z wymogiem gospodarowania danymi.<br \/>(2) Dane osobowe cz\u0142onk\u00f3w mog\u0105 by\u0107 wydawane innym cz\u0142onkom Akademii Lutra tylko wtedy, gdy istnieje zgoda osoby, kt\u00f3rej dane dotycz\u0105, lub je\u015bli jest to dozwolone na mocy og\u00f3lnego rozporz\u0105dzenia o ochronie danych. Korzystanie z list uczestnik\u00f3w, kt\u00f3re s\u0105 dystrybuowane na spotkaniach lub przekazywane uczestnikom, lub w kt\u00f3rych uczestnicy spotka\u0144 i innych wydarze\u0144, na przyk\u0142ad w celu udowodnienia obecno\u015bci, nie s\u0105 uwa\u017cane za tak\u0105 publikacj\u0119.<br \/>(3) Je\u015bli cz\u0142onek wiarygodnie twierdzi, \u017ce potrzebuje listy cz\u0142onk\u00f3w do cel\u00f3w ustawowych lub ustawowych (np. w celu za\u017c\u0105dania zwo\u0142ania walnego zgromadzenia w ramach wniosku mniejszo\u015bciowego), komitet wykonawczy powinien dostarczy\u0107 kopi\u0119 listy cz\u0142onk\u00f3w z imieniem, nazwiskiem i adresem jako wydruk lub jako plik dost\u0119pny. Cz\u0142onek, kt\u00f3ry inicjuje petycj\u0119 mniejszo\u015bciow\u0105, musi wcze\u015bniej upewni\u0107 si\u0119, \u017ce dane te zostan\u0105 wykorzystane wy\u0142\u0105cznie w tym celu i nie b\u0119d\u0105 wykorzystywane do innych cel\u00f3w po tym u\u017cyciu.<\/p><p><br \/><strong>\u00a7 6<\/strong><br \/><strong>Komunikacja drog\u0105 e-mailow\u0105<\/strong><br \/>(1) W celu komunikacji za po\u015brednictwem poczty elektronicznej Akademia Lutra mo\u017ce za\u0142o\u017cy\u0107 konto e-mailowe Akademii, kt\u00f3re mo\u017ce by\u0107 wykorzystywane w ramach wewn\u0119trznej komunikacji cz\u0142onk\u00f3w Akademii Lutra.<br \/>(2) Podczas wysy\u0142ania wiadomo\u015bci e-mail do du\u017cej liczby os\u00f3b, kt\u00f3re nie s\u0105 ze sob\u0105 w sta\u0142ym kontakcie za po\u015brednictwem poczty e-mail i \/ lub kt\u00f3rych prywatne konta e-mail s\u0105 u\u017cywane, adresy e-mail musz\u0105 zosta\u0107 wys\u0142ane jako&gt; bcc &lt;.<\/p><p><br \/><strong>\u00a7 7<\/strong><br \/><strong>Zobowi\u0105zanie do zachowania poufno\u015bci<\/strong><br \/>Wszyscy honorowi i pe\u0142noetatowi pracownicy Akademii Lutra, kt\u00f3rzy zajmuj\u0105 si\u0119 danymi osobowymi (na przyk\u0142ad cz\u0142onkami Zarz\u0105du, pracownikami kierownictwa firmy), musz\u0105 zobowi\u0105za\u0107 si\u0119 do poufnego przetwarzania danych osobowych.<\/p><p><br \/><strong>\u00a7 8<\/strong><br \/><strong>Tworzenie i utrzymywanie stron internetowych<\/strong><br \/>(1) Ustanawianie i utrzymywanie plik\u00f3w w internecie jest obowi\u0105zkiem szefa public relations. Zmiany mog\u0105 by\u0107 dokonywane wy\u0142\u0105cznie przez szefa public relations, sekretarza i przez Urz\u0105d i \/ lub administratora.<br \/>(2) Osoby odpowiedzialne za public relations s\u0105 odpowiedzialne za przestrzeganie przepis\u00f3w dotycz\u0105cych ochrony danych w zwi\u0105zku z publikacjami online.<br \/>(3) Komunikacja za po\u015brednictwem Facebooka i Twittera wymaga wyra\u017anej zgody szefa dzia\u0142u public relations. Ta zgoda musi by\u0107 udokumentowana na pi\u015bmie. W przypadku naruszenia przepis\u00f3w o ochronie danych i lekcewa\u017cenia instrukcji kierownika dzia\u0142u public relations, Zarz\u0105d mo\u017ce odwo\u0142a\u0107 licencj\u0119 zgodnie z \u00a7 26 BGB. Decyzja rady zgodnie z \u00a7 26 BGB jest bezsporna.<\/p><p><strong>\u00a7 9<\/strong><br \/><strong>Uprawnienia do przetwarzania tylko w kontek\u015bcie przepis\u00f3w o ochronie danych<\/strong><br \/>Wszyscy honorowi i pe\u0142noetatowi pracownicy Akademii Lutra mog\u0105 przetwarza\u0107 dane wy\u0142\u0105cznie w ramach swoich uprawnie\u0144. Nieuprawnione gromadzenie, wykorzystywanie lub ujawnianie danych zabronione.<\/p><p><strong>\u00a7 10<\/strong><br \/><strong>Wej\u015bcie w \u017cycie<\/strong><br \/>Niniejsza polityka prywatno\u015bci zosta\u0142a zatwierdzona przez Walne Zgromadzenie w najwcze\u015bniejszym mo\u017cliwym terminie 26 wrze\u015bnia 2018 roku. Zostanie on opublikowany na stronie g\u0142\u00f3wnej Akademii Lutra.<\/p><\/div>\t\t\t\t\t\t\t\t<\/div>\n\t\t\t\t<\/div>\n\t\t\t\t<\/div>\n\t\t\t\t<\/div>\n\t\t","protected":false},"excerpt":{"rendered":"<p>Polityka prywatno\u015bci Preambu\u0142a\u00a7 1 Og\u00f3lnie\u00a7 2 Przetwarzanie danych osobowych cz\u0142onk\u00f3w\u00a7 3 Przetwarzanie danych w kontek\u015bcie public relations\u00a7 4 Odpowiedzialno\u015b\u0107 za przetwarzanie danych \u00a7 5 Wykorzystywanie&hellip;<\/p>\n","protected":false},"author":1,"featured_media":0,"parent":6619,"menu_order":0,"comment_status":"closed","ping_status":"closed","template":"","meta":{"footnotes":""},"class_list":["post-6608","page","type-page","status-publish","hentry"],"aioseo_notices":[],"jetpack_sharing_enabled":true,"jetpack-related-posts":[{"id":6592,"url":"https:\/\/luther-akademie.de\/pl\/impressum\/datenschutz\/","url_meta":{"origin":6608,"position":0},"title":"Datenschutz | Prywatno\u015b\u0107","author":"Thomas M\u00fcller","date":"31. grudnia 2024","format":false,"excerpt":"Prywatno\u015b\u0107 - informacje i powiadomieniaPrzedmowa: Nie ma powodu do paniki, ale pow\u00f3d do dzia\u0142aniaAkademia Lutra chcia\u0142aby nadal informowa\u0107 o swoich dzia\u0142aniach i zaprasza\u0107 na inspiruj\u0105ce i edukacyjne wydarzenia teologiczne. Dzi\u0119kujemy za zaufanie, ci\u0105g\u0142e zainteresowanie i wsparcie naszej pracy.Ochrona Twoich danych osobowych podczas przetwarzania przy okazji wizyty na naszej stronie g\u0142\u00f3wnej\u2026","rel":"","context":"Podobny wpis","block_context":{"text":"Podobny wpis","link":""},"img":{"alt_text":"","src":"","width":0,"height":0},"classes":[]},{"id":6236,"url":"https:\/\/luther-akademie.de\/pl\/akademie\/","url_meta":{"origin":6608,"position":1},"title":"Informacje o Akademii Lutra","author":"Thomas M\u00fcller","date":"3. grudnia 2024","format":false,"excerpt":"Akademia Lutra zajmuje si\u0119 teologi\u0105 Marcina Lutra w kontek\u015bcie wsp\u00f3\u0142czesnych przemian w teologii, Ko\u015bciele i w spo\u0142ecze\u0144stwie.","rel":"","context":"Podobny wpis","block_context":{"text":"Podobny wpis","link":""},"img":{"alt_text":"Das Kuratorium tagt","src":"https:\/\/i0.wp.com\/luther-akademie.de\/wp-content\/uploads\/2024\/12\/P9232219-scaled.webp?resize=350%2C200&ssl=1","width":350,"height":200,"srcset":"https:\/\/i0.wp.com\/luther-akademie.de\/wp-content\/uploads\/2024\/12\/P9232219-scaled.webp?resize=350%2C200&ssl=1 1x, https:\/\/i0.wp.com\/luther-akademie.de\/wp-content\/uploads\/2024\/12\/P9232219-scaled.webp?resize=525%2C300&ssl=1 1.5x, https:\/\/i0.wp.com\/luther-akademie.de\/wp-content\/uploads\/2024\/12\/P9232219-scaled.webp?resize=700%2C400&ssl=1 2x, https:\/\/i0.wp.com\/luther-akademie.de\/wp-content\/uploads\/2024\/12\/P9232219-scaled.webp?resize=1050%2C600&ssl=1 3x, https:\/\/i0.wp.com\/luther-akademie.de\/wp-content\/uploads\/2024\/12\/P9232219-scaled.webp?resize=1400%2C800&ssl=1 4x"},"classes":[]},{"id":7514,"url":"https:\/\/luther-akademie.de\/pl\/foerderpreis\/foerderpreis-2018\/","url_meta":{"origin":6608,"position":2},"title":"F\u00f6rderpreis 2018 \/ Nagroda za badania lutera\u0144skie 2018","author":"Thomas M\u00fcller","date":"29. listopada 2024","format":false,"excerpt":"Nagroda za badania lutera\u0144skie 2018Rado\u015b\u0107 jury oraz laureat\u00f3w podczas ceremonii wr\u0119czenia nagr\u00f3d.Od lewej do prawej: Prof. Oswald Bayer, Prof. Bo Holm (z ty\u0142u), Biskup Frank Otfried July, trzej laureaci: Lorenz Opitz, Helge Preising, Maximilian Rosin, z ty\u0142u: pastor Winfried Krause.Zdj\u0119cie: Hannegreth Grundmann\u00a0Ceremonia wr\u0119czenia nagr\u00f3d za badania lutera\u0144skie przyznane przez Akademi\u0119\u2026","rel":"","context":"Podobny wpis","block_context":{"text":"Podobny wpis","link":""},"img":{"alt_text":"","src":"https:\/\/i0.wp.com\/luther-akademie.de\/wp-content\/uploads\/2024\/12\/ratzeburg2018_2-1.webp?resize=350%2C200&ssl=1","width":350,"height":200,"srcset":"https:\/\/i0.wp.com\/luther-akademie.de\/wp-content\/uploads\/2024\/12\/ratzeburg2018_2-1.webp?resize=350%2C200&ssl=1 1x, https:\/\/i0.wp.com\/luther-akademie.de\/wp-content\/uploads\/2024\/12\/ratzeburg2018_2-1.webp?resize=525%2C300&ssl=1 1.5x, https:\/\/i0.wp.com\/luther-akademie.de\/wp-content\/uploads\/2024\/12\/ratzeburg2018_2-1.webp?resize=700%2C400&ssl=1 2x"},"classes":[]},{"id":6299,"url":"https:\/\/luther-akademie.de\/pl\/akademie\/verein\/","url_meta":{"origin":6608,"position":3},"title":"Verein | Stowarzyszenie","author":"Thomas M\u00fcller","date":"26. stycznia 2025","format":false,"excerpt":"Dzia\u0142alno\u015b\u0107 Akademii Lutra finansowana jest przez Stowarzyszenie Akademii Lutra Sondershausen-Ratzeburg z siedzib\u0105 w Ratzenburgu. Do Stowarzyszenia nale\u017cy oko\u0142o 240 cz\u0142onk\u00f3w.","rel":"","context":"Podobny wpis","block_context":{"text":"Podobny wpis","link":""},"img":{"alt_text":"","src":"https:\/\/i0.wp.com\/luther-akademie.de\/wp-content\/uploads\/2024\/12\/20190228_Abenmahl-Foto-Hannegreth-Grundmann-scaled.webp?resize=350%2C200&ssl=1","width":350,"height":200,"srcset":"https:\/\/i0.wp.com\/luther-akademie.de\/wp-content\/uploads\/2024\/12\/20190228_Abenmahl-Foto-Hannegreth-Grundmann-scaled.webp?resize=350%2C200&ssl=1 1x, https:\/\/i0.wp.com\/luther-akademie.de\/wp-content\/uploads\/2024\/12\/20190228_Abenmahl-Foto-Hannegreth-Grundmann-scaled.webp?resize=525%2C300&ssl=1 1.5x, https:\/\/i0.wp.com\/luther-akademie.de\/wp-content\/uploads\/2024\/12\/20190228_Abenmahl-Foto-Hannegreth-Grundmann-scaled.webp?resize=700%2C400&ssl=1 2x, https:\/\/i0.wp.com\/luther-akademie.de\/wp-content\/uploads\/2024\/12\/20190228_Abenmahl-Foto-Hannegreth-Grundmann-scaled.webp?resize=1050%2C600&ssl=1 3x"},"classes":[]},{"id":6499,"url":"https:\/\/luther-akademie.de\/pl\/foerderpreis\/nagroda\/","url_meta":{"origin":6608,"position":4},"title":"F\u00f6rderpreis 2025 | Lutera\u0144skie badania naukowe 2025","author":"Thomas M\u00fcller","date":"2. grudnia 2024","format":false,"excerpt":"Lutera\u0144skie badania naukowe 2025 Nagroda Akademii Lutra dla student\u00f3w i studentek","rel":"","context":"Podobny wpis","block_context":{"text":"Podobny wpis","link":""},"img":{"alt_text":"","src":"https:\/\/i0.wp.com\/luther-akademie.de\/wp-content\/uploads\/2024\/12\/P9252383-scaled.webp?resize=350%2C200&ssl=1","width":350,"height":200,"srcset":"https:\/\/i0.wp.com\/luther-akademie.de\/wp-content\/uploads\/2024\/12\/P9252383-scaled.webp?resize=350%2C200&ssl=1 1x, https:\/\/i0.wp.com\/luther-akademie.de\/wp-content\/uploads\/2024\/12\/P9252383-scaled.webp?resize=525%2C300&ssl=1 1.5x, https:\/\/i0.wp.com\/luther-akademie.de\/wp-content\/uploads\/2024\/12\/P9252383-scaled.webp?resize=700%2C400&ssl=1 2x, https:\/\/i0.wp.com\/luther-akademie.de\/wp-content\/uploads\/2024\/12\/P9252383-scaled.webp?resize=1050%2C600&ssl=1 3x, https:\/\/i0.wp.com\/luther-akademie.de\/wp-content\/uploads\/2024\/12\/P9252383-scaled.webp?resize=1400%2C800&ssl=1 4x"},"classes":[]},{"id":8180,"url":"https:\/\/luther-akademie.de\/pl\/foerderpreis\/foerderpreis-2025-luteranskie-badania-naukowe-2025\/","url_meta":{"origin":6608,"position":5},"title":"F\u00f6rderpreis 2025 | Lutera\u0144skie badania naukowe 2025","author":"B\u00fcro Luther-Akademie","date":"5. stycznia 2026","format":false,"excerpt":"Lutera\u0144skie badania naukowe 2025 Nagroda Akademii Lutra dla student\u00f3w i studentek","rel":"","context":"Podobny wpis","block_context":{"text":"Podobny wpis","link":""},"img":{"alt_text":"","src":"https:\/\/i0.wp.com\/luther-akademie.de\/wp-content\/uploads\/2024\/12\/P9252383-scaled.webp?resize=350%2C200&ssl=1","width":350,"height":200,"srcset":"https:\/\/i0.wp.com\/luther-akademie.de\/wp-content\/uploads\/2024\/12\/P9252383-scaled.webp?resize=350%2C200&ssl=1 1x, https:\/\/i0.wp.com\/luther-akademie.de\/wp-content\/uploads\/2024\/12\/P9252383-scaled.webp?resize=525%2C300&ssl=1 1.5x, https:\/\/i0.wp.com\/luther-akademie.de\/wp-content\/uploads\/2024\/12\/P9252383-scaled.webp?resize=700%2C400&ssl=1 2x, https:\/\/i0.wp.com\/luther-akademie.de\/wp-content\/uploads\/2024\/12\/P9252383-scaled.webp?resize=1050%2C600&ssl=1 3x, https:\/\/i0.wp.com\/luther-akademie.de\/wp-content\/uploads\/2024\/12\/P9252383-scaled.webp?resize=1400%2C800&ssl=1 4x"},"classes":[]}],"_links":{"self":[{"href":"https:\/\/luther-akademie.de\/pl\/wp-json\/wp\/v2\/pages\/6608","targetHints":{"allow":["GET"]}}],"collection":[{"href":"https:\/\/luther-akademie.de\/pl\/wp-json\/wp\/v2\/pages"}],"about":[{"href":"https:\/\/luther-akademie.de\/pl\/wp-json\/wp\/v2\/types\/page"}],"author":[{"embeddable":true,"href":"https:\/\/luther-akademie.de\/pl\/wp-json\/wp\/v2\/users\/1"}],"replies":[{"embeddable":true,"href":"https:\/\/luther-akademie.de\/pl\/wp-json\/wp\/v2\/comments?post=6608"}],"version-history":[{"count":0,"href":"https:\/\/luther-akademie.de\/pl\/wp-json\/wp\/v2\/pages\/6608\/revisions"}],"up":[{"embeddable":true,"href":"https:\/\/luther-akademie.de\/pl\/wp-json\/wp\/v2\/pages\/6619"}],"wp:attachment":[{"href":"https:\/\/luther-akademie.de\/pl\/wp-json\/wp\/v2\/media?parent=6608"}],"curies":[{"name":"wp","href":"https:\/\/api.w.org\/{rel}","templated":true}]}}