{"id":6499,"date":"2024-12-02T11:52:27","date_gmt":"2024-12-02T10:52:27","guid":{"rendered":"https:\/\/luther-akademie.de\/foerderpreis\/nagroda\/"},"modified":"2025-02-23T19:03:52","modified_gmt":"2025-02-23T18:03:52","slug":"nagroda","status":"publish","type":"page","link":"https:\/\/luther-akademie.de\/pl\/foerderpreis\/nagroda\/","title":{"rendered":"F\u00f6rderpreis 2025 | Lutera\u0144skie badania naukowe 2025"},"content":{"rendered":"\t\t<div data-elementor-type=\"wp-page\" data-elementor-id=\"6499\" class=\"elementor elementor-6499\" data-elementor-post-type=\"page\">\n\t\t\t\t<div class=\"elementor-element elementor-element-d46a575 e-flex e-con-boxed e-con e-parent\" data-id=\"d46a575\" data-element_type=\"container\" data-e-type=\"container\">\n\t\t\t\t\t<div class=\"e-con-inner\">\n\t\t\t\t<div class=\"elementor-element elementor-element-8c869cb elementor-widget elementor-widget-shortcode\" data-id=\"8c869cb\" data-element_type=\"widget\" data-e-type=\"widget\" data-widget_type=\"shortcode.default\">\n\t\t\t\t<div class=\"elementor-widget-container\">\n\t\t\t\t\t\t\t<div class=\"elementor-shortcode\">  <\/div>\n\t\t\t\t\t\t<\/div>\n\t\t\t\t<\/div>\n\t\t\t\t\t<\/div>\n\t\t\t\t<\/div>\n\t\t<div class=\"elementor-element elementor-element-299807f e-flex e-con-boxed e-con e-parent\" data-id=\"299807f\" data-element_type=\"container\" data-e-type=\"container\">\n\t\t\t\t\t<div class=\"e-con-inner\">\n\t\t\t\t<div class=\"elementor-element elementor-element-b92d345 elementor-widget elementor-widget-spacer\" data-id=\"b92d345\" data-element_type=\"widget\" data-e-type=\"widget\" data-widget_type=\"spacer.default\">\n\t\t\t\t<div class=\"elementor-widget-container\">\n\t\t\t\t\t\t\t<div class=\"elementor-spacer\">\n\t\t\t<div class=\"elementor-spacer-inner\"><\/div>\n\t\t<\/div>\n\t\t\t\t\t\t<\/div>\n\t\t\t\t<\/div>\n\t\t\t\t\t<\/div>\n\t\t\t\t<\/div>\n\t\t<div class=\"elementor-element elementor-element-424a002f e-con-full e-flex e-con e-parent\" data-id=\"424a002f\" data-element_type=\"container\" data-e-type=\"container\">\n\t\t\t\t<div class=\"elementor-element elementor-element-714c773e elementor-widget elementor-widget-text-editor\" data-id=\"714c773e\" data-element_type=\"widget\" data-e-type=\"widget\" data-widget_type=\"text-editor.default\">\n\t\t\t\t<div class=\"elementor-widget-container\">\n\t\t\t\t\t\t\t\t\t<h2>Lutera\u0144skie badania naukowe 2025<br \/>Nagroda Akademii Lutra dla student\u00f3w i studentek<\/h2><p class=\"has-medium-font-size\">Przesy\u0142a\u0107 mo\u017cna prace napisane w ramach studi\u00f3w (np. prace semestralne lub prace zaliczeniowe o charakterze naukowym), kt\u00f3re dotycz\u0105 teologii lutera\u0144skiej w perspektywie historycznej, systematyczno-teologicznej lub praktyczno-teologicznej. Za prac\u0119 konkursow\u0105\u00a0 uznawane s\u0105 tak\u017ce artyku\u0142y naukowe po\u015bwi\u0119cone innym reformatorom, o ile mo\u017cna je odnie\u015b\u0107 do teologii lutera\u0144skiej. Przyjmowane s\u0105 prace tylko w j\u0119zyku niemieckim!<\/p><p>Nadsy\u0142a\u0107 mo\u017cna prace, kt\u00f3re nie licz\u0105 sobie wi\u0119cej ni\u017c 3 lata. <br \/>Prace napisane po zaliczeniu pierwszego egzaminu z teologii niestety nie b\u0119d\u0105 przyjmowane.<\/p><p>Aby zg\u0142osi\u0107 si\u0119 dom konkursu, nale\u017cy przes\u0142a\u0107 nast\u0119puj\u0105ce dokumenty:<\/p><ul><li>prac\u0119 na konkurs (je\u015bli praca na konkurs jest prac\u0105 zaliczeniow\u0105, do\u0142\u0105czy\u0107 nale\u017cy recenzj\u0119 wyk\u0142adowcy),<\/li><li>\u017cyciorys w formie tabelarycznej,<\/li><li>streszczenie pracy zg\u0142aszanej na konkurs (d\u0142ugo\u015b\u0107 streszczenia do dw\u00f3ch stron).<\/li><\/ul><p>Prace oraz dokumenty zg\u0142oszeniowe prosz\u0119 przesy\u0142a\u0107 drog\u0105 mailow\u0105 <br \/>do pana dr. Reinera Rauscha:\u00a0 <span style=\"text-decoration: underline;\"><em><strong><a href=\"mailto:dr.rainer.rausch@luther-akademie.de\">dr.rainer.rausch@luther-akademie.de<\/a><\/strong><\/em><\/span><\/p><p>Termin nadsy\u0142ania prac: 15 maja 2025 r.<\/p><p>Pierwsza nagroda wynosi 400,00 \u20ac. <br \/>Mo\u017cliwe jest tak\u017ce przyznanie kolejnych nagr\u00f3d. <br \/>W\u00f3wczas druga nagroda wynosi 200,00 \u20ac, a trzecia 100,00 \u20ac.<\/p><p class=\"has-medium-font-size\">Nagrodzone prace mog\u0105 zosta\u0107 opublikowane na stronie internetowej Akademii lub w jednym z tom\u00f3w pokonferencyjnych.<\/p>\t\t\t\t\t\t\t\t<\/div>\n\t\t\t\t<\/div>\n\t\t\t\t<\/div>\n\t\t\t\t<\/div>\n\t\t","protected":false},"excerpt":{"rendered":"<p>Lutera\u0144skie badania naukowe 2025<br \/>\nNagroda Akademii Lutra dla student\u00f3w i studentek<\/p>\n","protected":false},"author":1,"featured_media":5767,"parent":6479,"menu_order":0,"comment_status":"closed","ping_status":"closed","template":"","meta":{"footnotes":""},"class_list":["post-6499","page","type-page","status-publish","has-post-thumbnail","hentry"],"aioseo_notices":[],"jetpack_sharing_enabled":true,"jetpack-related-posts":[{"id":8180,"url":"https:\/\/luther-akademie.de\/pl\/foerderpreis\/foerderpreis-2025-luteranskie-badania-naukowe-2025\/","url_meta":{"origin":6499,"position":0},"title":"F\u00f6rderpreis 2025 | Lutera\u0144skie badania naukowe 2025","author":"B\u00fcro Luther-Akademie","date":"5. stycznia 2026","format":false,"excerpt":"Lutera\u0144skie badania naukowe 2025 Nagroda Akademii Lutra dla student\u00f3w i studentek","rel":"","context":"Podobny wpis","block_context":{"text":"Podobny wpis","link":""},"img":{"alt_text":"","src":"https:\/\/i0.wp.com\/luther-akademie.de\/wp-content\/uploads\/2024\/12\/P9252383-scaled.webp?resize=350%2C200&ssl=1","width":350,"height":200,"srcset":"https:\/\/i0.wp.com\/luther-akademie.de\/wp-content\/uploads\/2024\/12\/P9252383-scaled.webp?resize=350%2C200&ssl=1 1x, https:\/\/i0.wp.com\/luther-akademie.de\/wp-content\/uploads\/2024\/12\/P9252383-scaled.webp?resize=525%2C300&ssl=1 1.5x, https:\/\/i0.wp.com\/luther-akademie.de\/wp-content\/uploads\/2024\/12\/P9252383-scaled.webp?resize=700%2C400&ssl=1 2x, https:\/\/i0.wp.com\/luther-akademie.de\/wp-content\/uploads\/2024\/12\/P9252383-scaled.webp?resize=1050%2C600&ssl=1 3x, https:\/\/i0.wp.com\/luther-akademie.de\/wp-content\/uploads\/2024\/12\/P9252383-scaled.webp?resize=1400%2C800&ssl=1 4x"},"classes":[]},{"id":8195,"url":"https:\/\/luther-akademie.de\/pl\/foerderpreis\/foerderpreis-2025-luteranskie-badania-naukowe-2025-2\/","url_meta":{"origin":6499,"position":1},"title":"F\u00f6rderpreis 2025 | Lutera\u0144skie badania naukowe 2025","author":"Daniel Piasecki","date":"5. stycznia 2026","format":false,"excerpt":"Lutera\u0144skie badania naukowe 2025 Nagroda Akademii Lutra dla student\u00f3w i studentek","rel":"","context":"Podobny wpis","block_context":{"text":"Podobny wpis","link":""},"img":{"alt_text":"","src":"https:\/\/i0.wp.com\/luther-akademie.de\/wp-content\/uploads\/2024\/12\/P9252383-scaled.webp?resize=350%2C200&ssl=1","width":350,"height":200,"srcset":"https:\/\/i0.wp.com\/luther-akademie.de\/wp-content\/uploads\/2024\/12\/P9252383-scaled.webp?resize=350%2C200&ssl=1 1x, https:\/\/i0.wp.com\/luther-akademie.de\/wp-content\/uploads\/2024\/12\/P9252383-scaled.webp?resize=525%2C300&ssl=1 1.5x, https:\/\/i0.wp.com\/luther-akademie.de\/wp-content\/uploads\/2024\/12\/P9252383-scaled.webp?resize=700%2C400&ssl=1 2x, https:\/\/i0.wp.com\/luther-akademie.de\/wp-content\/uploads\/2024\/12\/P9252383-scaled.webp?resize=1050%2C600&ssl=1 3x, https:\/\/i0.wp.com\/luther-akademie.de\/wp-content\/uploads\/2024\/12\/P9252383-scaled.webp?resize=1400%2C800&ssl=1 4x"},"classes":[]},{"id":6479,"url":"https:\/\/luther-akademie.de\/pl\/foerderpreis\/","url_meta":{"origin":6499,"position":2},"title":"F\u00f6rderpreis | Nagrody","author":"Thomas M\u00fcller","date":"20. stycznia 2025","format":false,"excerpt":"Eingereicht werden k\u00f6nnen im Rahmen des Studiums entstandene Arbeiten (Seminararbeiten oder wissenschaftliche Hausarbeiten), die sich mit der Theologie Luthers in historischer, systhematisch-theologischer oder praktisch-theologischer Perspektive befassen.","rel":"","context":"Podobny wpis","block_context":{"text":"Podobny wpis","link":""},"img":{"alt_text":"","src":"https:\/\/i0.wp.com\/luther-akademie.de\/wp-content\/uploads\/2024\/12\/P9252383-scaled.webp?resize=350%2C200&ssl=1","width":350,"height":200,"srcset":"https:\/\/i0.wp.com\/luther-akademie.de\/wp-content\/uploads\/2024\/12\/P9252383-scaled.webp?resize=350%2C200&ssl=1 1x, https:\/\/i0.wp.com\/luther-akademie.de\/wp-content\/uploads\/2024\/12\/P9252383-scaled.webp?resize=525%2C300&ssl=1 1.5x, https:\/\/i0.wp.com\/luther-akademie.de\/wp-content\/uploads\/2024\/12\/P9252383-scaled.webp?resize=700%2C400&ssl=1 2x, https:\/\/i0.wp.com\/luther-akademie.de\/wp-content\/uploads\/2024\/12\/P9252383-scaled.webp?resize=1050%2C600&ssl=1 3x, https:\/\/i0.wp.com\/luther-akademie.de\/wp-content\/uploads\/2024\/12\/P9252383-scaled.webp?resize=1400%2C800&ssl=1 4x"},"classes":[]},{"id":6236,"url":"https:\/\/luther-akademie.de\/pl\/akademie\/","url_meta":{"origin":6499,"position":3},"title":"Informacje o Akademii Lutra","author":"Thomas M\u00fcller","date":"3. grudnia 2024","format":false,"excerpt":"Akademia Lutra zajmuje si\u0119 teologi\u0105 Marcina Lutra w kontek\u015bcie wsp\u00f3\u0142czesnych przemian w teologii, Ko\u015bciele i w spo\u0142ecze\u0144stwie.","rel":"","context":"Podobny wpis","block_context":{"text":"Podobny wpis","link":""},"img":{"alt_text":"Das Kuratorium tagt","src":"https:\/\/i0.wp.com\/luther-akademie.de\/wp-content\/uploads\/2024\/12\/P9232219-scaled.webp?resize=350%2C200&ssl=1","width":350,"height":200,"srcset":"https:\/\/i0.wp.com\/luther-akademie.de\/wp-content\/uploads\/2024\/12\/P9232219-scaled.webp?resize=350%2C200&ssl=1 1x, https:\/\/i0.wp.com\/luther-akademie.de\/wp-content\/uploads\/2024\/12\/P9232219-scaled.webp?resize=525%2C300&ssl=1 1.5x, https:\/\/i0.wp.com\/luther-akademie.de\/wp-content\/uploads\/2024\/12\/P9232219-scaled.webp?resize=700%2C400&ssl=1 2x, https:\/\/i0.wp.com\/luther-akademie.de\/wp-content\/uploads\/2024\/12\/P9232219-scaled.webp?resize=1050%2C600&ssl=1 3x, https:\/\/i0.wp.com\/luther-akademie.de\/wp-content\/uploads\/2024\/12\/P9232219-scaled.webp?resize=1400%2C800&ssl=1 4x"},"classes":[]},{"id":7514,"url":"https:\/\/luther-akademie.de\/pl\/foerderpreis\/foerderpreis-2018\/","url_meta":{"origin":6499,"position":4},"title":"F\u00f6rderpreis 2018 \/ Nagroda za badania lutera\u0144skie 2018","author":"Thomas M\u00fcller","date":"29. listopada 2024","format":false,"excerpt":"Nagroda za badania lutera\u0144skie 2018Rado\u015b\u0107 jury oraz laureat\u00f3w podczas ceremonii wr\u0119czenia nagr\u00f3d.Od lewej do prawej: Prof. Oswald Bayer, Prof. Bo Holm (z ty\u0142u), Biskup Frank Otfried July, trzej laureaci: Lorenz Opitz, Helge Preising, Maximilian Rosin, z ty\u0142u: pastor Winfried Krause.Zdj\u0119cie: Hannegreth Grundmann\u00a0Ceremonia wr\u0119czenia nagr\u00f3d za badania lutera\u0144skie przyznane przez Akademi\u0119\u2026","rel":"","context":"Podobny wpis","block_context":{"text":"Podobny wpis","link":""},"img":{"alt_text":"","src":"https:\/\/i0.wp.com\/luther-akademie.de\/wp-content\/uploads\/2024\/12\/ratzeburg2018_2-1.webp?resize=350%2C200&ssl=1","width":350,"height":200,"srcset":"https:\/\/i0.wp.com\/luther-akademie.de\/wp-content\/uploads\/2024\/12\/ratzeburg2018_2-1.webp?resize=350%2C200&ssl=1 1x, https:\/\/i0.wp.com\/luther-akademie.de\/wp-content\/uploads\/2024\/12\/ratzeburg2018_2-1.webp?resize=525%2C300&ssl=1 1.5x, https:\/\/i0.wp.com\/luther-akademie.de\/wp-content\/uploads\/2024\/12\/ratzeburg2018_2-1.webp?resize=700%2C400&ssl=1 2x"},"classes":[]},{"id":6592,"url":"https:\/\/luther-akademie.de\/pl\/impressum\/datenschutz\/","url_meta":{"origin":6499,"position":5},"title":"Datenschutz | Prywatno\u015b\u0107","author":"Thomas M\u00fcller","date":"31. grudnia 2024","format":false,"excerpt":"Prywatno\u015b\u0107 - informacje i powiadomieniaPrzedmowa: Nie ma powodu do paniki, ale pow\u00f3d do dzia\u0142aniaAkademia Lutra chcia\u0142aby nadal informowa\u0107 o swoich dzia\u0142aniach i zaprasza\u0107 na inspiruj\u0105ce i edukacyjne wydarzenia teologiczne. Dzi\u0119kujemy za zaufanie, ci\u0105g\u0142e zainteresowanie i wsparcie naszej pracy.Ochrona Twoich danych osobowych podczas przetwarzania przy okazji wizyty na naszej stronie g\u0142\u00f3wnej\u2026","rel":"","context":"Podobny wpis","block_context":{"text":"Podobny wpis","link":""},"img":{"alt_text":"","src":"","width":0,"height":0},"classes":[]}],"_links":{"self":[{"href":"https:\/\/luther-akademie.de\/pl\/wp-json\/wp\/v2\/pages\/6499","targetHints":{"allow":["GET"]}}],"collection":[{"href":"https:\/\/luther-akademie.de\/pl\/wp-json\/wp\/v2\/pages"}],"about":[{"href":"https:\/\/luther-akademie.de\/pl\/wp-json\/wp\/v2\/types\/page"}],"author":[{"embeddable":true,"href":"https:\/\/luther-akademie.de\/pl\/wp-json\/wp\/v2\/users\/1"}],"replies":[{"embeddable":true,"href":"https:\/\/luther-akademie.de\/pl\/wp-json\/wp\/v2\/comments?post=6499"}],"version-history":[{"count":0,"href":"https:\/\/luther-akademie.de\/pl\/wp-json\/wp\/v2\/pages\/6499\/revisions"}],"up":[{"embeddable":true,"href":"https:\/\/luther-akademie.de\/pl\/wp-json\/wp\/v2\/pages\/6479"}],"wp:featuredmedia":[{"embeddable":true,"href":"https:\/\/luther-akademie.de\/pl\/wp-json\/wp\/v2\/media\/5767"}],"wp:attachment":[{"href":"https:\/\/luther-akademie.de\/pl\/wp-json\/wp\/v2\/media?parent=6499"}],"curies":[{"name":"wp","href":"https:\/\/api.w.org\/{rel}","templated":true}]}}