{"id":6479,"date":"2025-01-20T10:36:22","date_gmt":"2025-01-20T09:36:22","guid":{"rendered":"https:\/\/luther-akademie.de\/foerderpreis\/"},"modified":"2025-02-25T17:53:19","modified_gmt":"2025-02-25T16:53:19","slug":"foerderpreis","status":"publish","type":"page","link":"https:\/\/luther-akademie.de\/pl\/foerderpreis\/","title":{"rendered":"F\u00f6rderpreis | Nagrody"},"content":{"rendered":"\t\t<div data-elementor-type=\"wp-page\" data-elementor-id=\"6479\" class=\"elementor elementor-6479\" data-elementor-post-type=\"page\">\n\t\t\t\t<div class=\"elementor-element elementor-element-e9c6b08 e-flex e-con-boxed e-con e-parent\" data-id=\"e9c6b08\" data-element_type=\"container\" data-e-type=\"container\">\n\t\t\t\t\t<div class=\"e-con-inner\">\n\t\t\t\t<div class=\"elementor-element elementor-element-17fb545 elementor-widget__width-initial elementor-widget elementor-widget-shortcode\" data-id=\"17fb545\" data-element_type=\"widget\" data-e-type=\"widget\" data-widget_type=\"shortcode.default\">\n\t\t\t\t<div class=\"elementor-widget-container\">\n\t\t\t\t\t\t\t<div class=\"elementor-shortcode\">  <\/div>\n\t\t\t\t\t\t<\/div>\n\t\t\t\t<\/div>\n\t\t\t\t\t<\/div>\n\t\t\t\t<\/div>\n\t\t<div class=\"elementor-element elementor-element-7620418e e-con-full e-flex e-con e-parent\" data-id=\"7620418e\" data-element_type=\"container\" data-e-type=\"container\">\n\t\t\t\t<div class=\"elementor-element elementor-element-554cf642 elementor-widget elementor-widget-text-editor\" data-id=\"554cf642\" data-element_type=\"widget\" data-e-type=\"widget\" data-widget_type=\"text-editor.default\">\n\t\t\t\t<div class=\"elementor-widget-container\">\n\t\t\t\t\t\t\t\t\t<h1>Nagrody<\/h1><div class=\"contentbereich-text\"><p><strong>Lutera\u0144ska Akademia Sondershausen-Ratzeburg przyznaje rocznie: <\/strong><\/p><ul><li><strong>Nagrod\u0119 za badania lutera\u0144skie<\/strong><br \/><p>\u00a0<\/p>Przesy\u0142a\u0107 mo\u017cna prace napisane w ramach studi\u00f3w (np. prace semestralne lub prace zaliczeniowe o charakterze naukowym), kt\u00f3re dotycz\u0105 teologii lutera\u0144skiej w perspektywie historycznej, systematyczno-teologicznej lub praktyczno-teologicznej. Za prac\u0119 konkursow\u0105\u00a0 uznawane s\u0105 tak\u017ce artyku\u0142y naukowe po\u015bwi\u0119cone innym reformatorom, o ile mo\u017cne je odnie\u015b\u0107 do teologii lutera\u0144skiej. <\/li><\/ul><\/div>\t\t\t\t\t\t\t\t<\/div>\n\t\t\t\t<\/div>\n\t\t\t\t<\/div>\n\t\t\t\t<\/div>\n\t\t","protected":false},"excerpt":{"rendered":"<p>Eingereicht werden k\u00f6nnen im Rahmen des Studiums entstandene Arbeiten (Seminararbeiten oder wissenschaftliche Hausarbeiten), die sich mit der Theologie Luthers in historischer, systhematisch-theologischer oder praktisch-theologischer Perspektive befassen. <\/p>\n","protected":false},"author":1,"featured_media":5767,"parent":0,"menu_order":0,"comment_status":"closed","ping_status":"closed","template":"","meta":{"footnotes":""},"class_list":["post-6479","page","type-page","status-publish","has-post-thumbnail","hentry"],"aioseo_notices":[],"jetpack_sharing_enabled":true,"jetpack-related-posts":[{"id":6499,"url":"https:\/\/luther-akademie.de\/pl\/foerderpreis\/nagroda\/","url_meta":{"origin":6479,"position":0},"title":"F\u00f6rderpreis 2025 | Lutera\u0144skie badania naukowe 2025","author":"Thomas M\u00fcller","date":"2. grudnia 2024","format":false,"excerpt":"Lutera\u0144skie badania naukowe 2025 Nagroda Akademii Lutra dla student\u00f3w i studentek","rel":"","context":"Podobny wpis","block_context":{"text":"Podobny wpis","link":""},"img":{"alt_text":"","src":"https:\/\/i0.wp.com\/luther-akademie.de\/wp-content\/uploads\/2024\/12\/P9252383-scaled.webp?resize=350%2C200&ssl=1","width":350,"height":200,"srcset":"https:\/\/i0.wp.com\/luther-akademie.de\/wp-content\/uploads\/2024\/12\/P9252383-scaled.webp?resize=350%2C200&ssl=1 1x, https:\/\/i0.wp.com\/luther-akademie.de\/wp-content\/uploads\/2024\/12\/P9252383-scaled.webp?resize=525%2C300&ssl=1 1.5x, https:\/\/i0.wp.com\/luther-akademie.de\/wp-content\/uploads\/2024\/12\/P9252383-scaled.webp?resize=700%2C400&ssl=1 2x, https:\/\/i0.wp.com\/luther-akademie.de\/wp-content\/uploads\/2024\/12\/P9252383-scaled.webp?resize=1050%2C600&ssl=1 3x, https:\/\/i0.wp.com\/luther-akademie.de\/wp-content\/uploads\/2024\/12\/P9252383-scaled.webp?resize=1400%2C800&ssl=1 4x"},"classes":[]},{"id":8180,"url":"https:\/\/luther-akademie.de\/pl\/foerderpreis\/foerderpreis-2025-luteranskie-badania-naukowe-2025\/","url_meta":{"origin":6479,"position":1},"title":"F\u00f6rderpreis 2025 | Lutera\u0144skie badania naukowe 2025","author":"B\u00fcro Luther-Akademie","date":"5. stycznia 2026","format":false,"excerpt":"Lutera\u0144skie badania naukowe 2025 Nagroda Akademii Lutra dla student\u00f3w i studentek","rel":"","context":"Podobny wpis","block_context":{"text":"Podobny wpis","link":""},"img":{"alt_text":"","src":"https:\/\/i0.wp.com\/luther-akademie.de\/wp-content\/uploads\/2024\/12\/P9252383-scaled.webp?resize=350%2C200&ssl=1","width":350,"height":200,"srcset":"https:\/\/i0.wp.com\/luther-akademie.de\/wp-content\/uploads\/2024\/12\/P9252383-scaled.webp?resize=350%2C200&ssl=1 1x, https:\/\/i0.wp.com\/luther-akademie.de\/wp-content\/uploads\/2024\/12\/P9252383-scaled.webp?resize=525%2C300&ssl=1 1.5x, https:\/\/i0.wp.com\/luther-akademie.de\/wp-content\/uploads\/2024\/12\/P9252383-scaled.webp?resize=700%2C400&ssl=1 2x, https:\/\/i0.wp.com\/luther-akademie.de\/wp-content\/uploads\/2024\/12\/P9252383-scaled.webp?resize=1050%2C600&ssl=1 3x, https:\/\/i0.wp.com\/luther-akademie.de\/wp-content\/uploads\/2024\/12\/P9252383-scaled.webp?resize=1400%2C800&ssl=1 4x"},"classes":[]},{"id":8195,"url":"https:\/\/luther-akademie.de\/pl\/foerderpreis\/foerderpreis-2025-luteranskie-badania-naukowe-2025-2\/","url_meta":{"origin":6479,"position":2},"title":"F\u00f6rderpreis 2025 | Lutera\u0144skie badania naukowe 2025","author":"Daniel Piasecki","date":"5. stycznia 2026","format":false,"excerpt":"Lutera\u0144skie badania naukowe 2025 Nagroda Akademii Lutra dla student\u00f3w i studentek","rel":"","context":"Podobny wpis","block_context":{"text":"Podobny wpis","link":""},"img":{"alt_text":"","src":"https:\/\/i0.wp.com\/luther-akademie.de\/wp-content\/uploads\/2024\/12\/P9252383-scaled.webp?resize=350%2C200&ssl=1","width":350,"height":200,"srcset":"https:\/\/i0.wp.com\/luther-akademie.de\/wp-content\/uploads\/2024\/12\/P9252383-scaled.webp?resize=350%2C200&ssl=1 1x, https:\/\/i0.wp.com\/luther-akademie.de\/wp-content\/uploads\/2024\/12\/P9252383-scaled.webp?resize=525%2C300&ssl=1 1.5x, https:\/\/i0.wp.com\/luther-akademie.de\/wp-content\/uploads\/2024\/12\/P9252383-scaled.webp?resize=700%2C400&ssl=1 2x, https:\/\/i0.wp.com\/luther-akademie.de\/wp-content\/uploads\/2024\/12\/P9252383-scaled.webp?resize=1050%2C600&ssl=1 3x, https:\/\/i0.wp.com\/luther-akademie.de\/wp-content\/uploads\/2024\/12\/P9252383-scaled.webp?resize=1400%2C800&ssl=1 4x"},"classes":[]},{"id":6236,"url":"https:\/\/luther-akademie.de\/pl\/akademie\/","url_meta":{"origin":6479,"position":3},"title":"Informacje o Akademii Lutra","author":"Thomas M\u00fcller","date":"3. grudnia 2024","format":false,"excerpt":"Akademia Lutra zajmuje si\u0119 teologi\u0105 Marcina Lutra w kontek\u015bcie wsp\u00f3\u0142czesnych przemian w teologii, Ko\u015bciele i w spo\u0142ecze\u0144stwie.","rel":"","context":"Podobny wpis","block_context":{"text":"Podobny wpis","link":""},"img":{"alt_text":"Das Kuratorium tagt","src":"https:\/\/i0.wp.com\/luther-akademie.de\/wp-content\/uploads\/2024\/12\/P9232219-scaled.webp?resize=350%2C200&ssl=1","width":350,"height":200,"srcset":"https:\/\/i0.wp.com\/luther-akademie.de\/wp-content\/uploads\/2024\/12\/P9232219-scaled.webp?resize=350%2C200&ssl=1 1x, https:\/\/i0.wp.com\/luther-akademie.de\/wp-content\/uploads\/2024\/12\/P9232219-scaled.webp?resize=525%2C300&ssl=1 1.5x, https:\/\/i0.wp.com\/luther-akademie.de\/wp-content\/uploads\/2024\/12\/P9232219-scaled.webp?resize=700%2C400&ssl=1 2x, https:\/\/i0.wp.com\/luther-akademie.de\/wp-content\/uploads\/2024\/12\/P9232219-scaled.webp?resize=1050%2C600&ssl=1 3x, https:\/\/i0.wp.com\/luther-akademie.de\/wp-content\/uploads\/2024\/12\/P9232219-scaled.webp?resize=1400%2C800&ssl=1 4x"},"classes":[]},{"id":7514,"url":"https:\/\/luther-akademie.de\/pl\/foerderpreis\/foerderpreis-2018\/","url_meta":{"origin":6479,"position":4},"title":"F\u00f6rderpreis 2018 \/ Nagroda za badania lutera\u0144skie 2018","author":"Thomas M\u00fcller","date":"29. listopada 2024","format":false,"excerpt":"Nagroda za badania lutera\u0144skie 2018Rado\u015b\u0107 jury oraz laureat\u00f3w podczas ceremonii wr\u0119czenia nagr\u00f3d.Od lewej do prawej: Prof. Oswald Bayer, Prof. Bo Holm (z ty\u0142u), Biskup Frank Otfried July, trzej laureaci: Lorenz Opitz, Helge Preising, Maximilian Rosin, z ty\u0142u: pastor Winfried Krause.Zdj\u0119cie: Hannegreth Grundmann\u00a0Ceremonia wr\u0119czenia nagr\u00f3d za badania lutera\u0144skie przyznane przez Akademi\u0119\u2026","rel":"","context":"Podobny wpis","block_context":{"text":"Podobny wpis","link":""},"img":{"alt_text":"","src":"https:\/\/i0.wp.com\/luther-akademie.de\/wp-content\/uploads\/2024\/12\/ratzeburg2018_2-1.webp?resize=350%2C200&ssl=1","width":350,"height":200,"srcset":"https:\/\/i0.wp.com\/luther-akademie.de\/wp-content\/uploads\/2024\/12\/ratzeburg2018_2-1.webp?resize=350%2C200&ssl=1 1x, https:\/\/i0.wp.com\/luther-akademie.de\/wp-content\/uploads\/2024\/12\/ratzeburg2018_2-1.webp?resize=525%2C300&ssl=1 1.5x, https:\/\/i0.wp.com\/luther-akademie.de\/wp-content\/uploads\/2024\/12\/ratzeburg2018_2-1.webp?resize=700%2C400&ssl=1 2x"},"classes":[]},{"id":6608,"url":"https:\/\/luther-akademie.de\/pl\/impressum\/datenschutzordnung\/","url_meta":{"origin":6479,"position":5},"title":"Datenschutzordnung | Polityka prywatno\u015bci","author":"Thomas M\u00fcller","date":"31. grudnia 2024","format":false,"excerpt":"Polityka prywatno\u015bciPreambu\u0142a\u00a7 1 Og\u00f3lnie\u00a7 2 Przetwarzanie danych osobowych cz\u0142onk\u00f3w\u00a7 3 Przetwarzanie danych w kontek\u015bcie public relations\u00a7 4 Odpowiedzialno\u015b\u0107 za przetwarzanie danych \u00a7 5 Wykorzystywanie i udost\u0119pnianie danych i list cz\u0142onk\u00f3w\u00a7 6 Komunikacja drog\u0105 e-mailow\u0105\u00a7 7 Zobowi\u0105zanie do zachowania poufno\u015bci\u00a7 8 Tworzenie i utrzymywanie stron internetowych\u00a7 9 Uprawnienia do przetwarzania tylko\u2026","rel":"","context":"Podobny wpis","block_context":{"text":"Podobny wpis","link":""},"img":{"alt_text":"","src":"","width":0,"height":0},"classes":[]}],"_links":{"self":[{"href":"https:\/\/luther-akademie.de\/pl\/wp-json\/wp\/v2\/pages\/6479","targetHints":{"allow":["GET"]}}],"collection":[{"href":"https:\/\/luther-akademie.de\/pl\/wp-json\/wp\/v2\/pages"}],"about":[{"href":"https:\/\/luther-akademie.de\/pl\/wp-json\/wp\/v2\/types\/page"}],"author":[{"embeddable":true,"href":"https:\/\/luther-akademie.de\/pl\/wp-json\/wp\/v2\/users\/1"}],"replies":[{"embeddable":true,"href":"https:\/\/luther-akademie.de\/pl\/wp-json\/wp\/v2\/comments?post=6479"}],"version-history":[{"count":5,"href":"https:\/\/luther-akademie.de\/pl\/wp-json\/wp\/v2\/pages\/6479\/revisions"}],"predecessor-version":[{"id":7129,"href":"https:\/\/luther-akademie.de\/pl\/wp-json\/wp\/v2\/pages\/6479\/revisions\/7129"}],"wp:featuredmedia":[{"embeddable":true,"href":"https:\/\/luther-akademie.de\/pl\/wp-json\/wp\/v2\/media\/5767"}],"wp:attachment":[{"href":"https:\/\/luther-akademie.de\/pl\/wp-json\/wp\/v2\/media?parent=6479"}],"curies":[{"name":"wp","href":"https:\/\/api.w.org\/{rel}","templated":true}]}}