{"id":6460,"date":"2024-12-20T11:44:32","date_gmt":"2024-12-20T10:44:32","guid":{"rendered":"https:\/\/luther-akademie.de\/tagungen\/"},"modified":"2025-02-23T14:18:25","modified_gmt":"2025-02-23T13:18:25","slug":"tagungen","status":"publish","type":"page","link":"https:\/\/luther-akademie.de\/pl\/tagungen\/","title":{"rendered":"Tagungen | Konferencje"},"content":{"rendered":"\t\t<div data-elementor-type=\"wp-page\" data-elementor-id=\"6460\" class=\"elementor elementor-6460\" data-elementor-post-type=\"page\">\n\t\t\t\t<div class=\"elementor-element elementor-element-3b5f66d e-con-full e-flex e-con e-parent\" data-id=\"3b5f66d\" data-element_type=\"container\" data-e-type=\"container\">\n\t\t\t\t<div class=\"elementor-element elementor-element-ddc9711 elementor-widget__width-initial elementor-widget elementor-widget-shortcode\" data-id=\"ddc9711\" data-element_type=\"widget\" data-e-type=\"widget\" data-widget_type=\"shortcode.default\">\n\t\t\t\t<div class=\"elementor-widget-container\">\n\t\t\t\t\t\t\t<div class=\"elementor-shortcode\">  <\/div>\n\t\t\t\t\t\t<\/div>\n\t\t\t\t<\/div>\n\t\t\t\t<\/div>\n\t\t<div class=\"elementor-element elementor-element-7620418e e-con-full e-flex e-con e-parent\" data-id=\"7620418e\" data-element_type=\"container\" data-e-type=\"container\">\n\t\t\t\t<div class=\"elementor-element elementor-element-554cf642 elementor-widget elementor-widget-text-editor\" data-id=\"554cf642\" data-element_type=\"widget\" data-e-type=\"widget\" data-widget_type=\"text-editor.default\">\n\t\t\t\t<div class=\"elementor-widget-container\">\n\t\t\t\t\t\t\t\t\t<h1>Konferencje<\/h1><div class=\"contentbereich-text\"><p><strong>Akademia Lutra Sondershausen-Ratzeburg organizuje:<\/strong><\/p><ul><li>coroczne warsztaty na tematy oscyluj\u0105ce wok\u00f3\u0142 teologii, Ko\u015bcio\u0142a, spo\u0142ecze\u0144stwa oraz nauki<\/li><li>spotkania specjalistyczne po\u015bwi\u0119cone szczeg\u00f3\u0142owym zagadnieniom dotycz\u0105cym Ko\u015bcio\u0142a, teologii, spo\u0142ecze\u0144stwa oraz zwi\u0105zanymi z nimi dziedzinami wiedzy<\/li><li>seminaria dla studentek i student\u00f3w teologii, kandydatek i kandydat\u00f3w na pastor\u00f3w, a tak\u017ce pastor\u00f3w znajduj\u0105cych si\u0119 w pierwszym roku s\u0142u\u017cby<\/li><\/ul><\/div>\t\t\t\t\t\t\t\t<\/div>\n\t\t\t\t<\/div>\n\t\t\t\t<\/div>\n\t\t\t\t<\/div>\n\t\t","protected":false},"excerpt":{"rendered":"<p>Akademia Lutera\u0144ska Sondershausen-Ratzeburg organizuje warsztaty, konferencje, seminaria dla student\u00f3w teologii<\/p>\n","protected":false},"author":1,"featured_media":5889,"parent":0,"menu_order":0,"comment_status":"closed","ping_status":"closed","template":"","meta":{"footnotes":""},"class_list":["post-6460","page","type-page","status-publish","has-post-thumbnail","hentry"],"aioseo_notices":[],"jetpack_sharing_enabled":true,"jetpack-related-posts":[{"id":6236,"url":"https:\/\/luther-akademie.de\/pl\/akademie\/","url_meta":{"origin":6460,"position":0},"title":"Informacje o Akademii Lutra","author":"Thomas M\u00fcller","date":"3. grudnia 2024","format":false,"excerpt":"Akademia Lutra zajmuje si\u0119 teologi\u0105 Marcina Lutra w kontek\u015bcie wsp\u00f3\u0142czesnych przemian w teologii, Ko\u015bciele i w spo\u0142ecze\u0144stwie.","rel":"","context":"Podobny wpis","block_context":{"text":"Podobny wpis","link":""},"img":{"alt_text":"Das Kuratorium tagt","src":"https:\/\/i0.wp.com\/luther-akademie.de\/wp-content\/uploads\/2024\/12\/P9232219-scaled.webp?resize=350%2C200&ssl=1","width":350,"height":200,"srcset":"https:\/\/i0.wp.com\/luther-akademie.de\/wp-content\/uploads\/2024\/12\/P9232219-scaled.webp?resize=350%2C200&ssl=1 1x, https:\/\/i0.wp.com\/luther-akademie.de\/wp-content\/uploads\/2024\/12\/P9232219-scaled.webp?resize=525%2C300&ssl=1 1.5x, https:\/\/i0.wp.com\/luther-akademie.de\/wp-content\/uploads\/2024\/12\/P9232219-scaled.webp?resize=700%2C400&ssl=1 2x, https:\/\/i0.wp.com\/luther-akademie.de\/wp-content\/uploads\/2024\/12\/P9232219-scaled.webp?resize=1050%2C600&ssl=1 3x, https:\/\/i0.wp.com\/luther-akademie.de\/wp-content\/uploads\/2024\/12\/P9232219-scaled.webp?resize=1400%2C800&ssl=1 4x"},"classes":[]},{"id":6299,"url":"https:\/\/luther-akademie.de\/pl\/akademie\/verein\/","url_meta":{"origin":6460,"position":1},"title":"Verein | Stowarzyszenie","author":"Thomas M\u00fcller","date":"26. stycznia 2025","format":false,"excerpt":"Dzia\u0142alno\u015b\u0107 Akademii Lutra finansowana jest przez Stowarzyszenie Akademii Lutra Sondershausen-Ratzeburg z siedzib\u0105 w Ratzenburgu. Do Stowarzyszenia nale\u017cy oko\u0142o 240 cz\u0142onk\u00f3w.","rel":"","context":"Podobny wpis","block_context":{"text":"Podobny wpis","link":""},"img":{"alt_text":"","src":"https:\/\/i0.wp.com\/luther-akademie.de\/wp-content\/uploads\/2024\/12\/20190228_Abenmahl-Foto-Hannegreth-Grundmann-scaled.webp?resize=350%2C200&ssl=1","width":350,"height":200,"srcset":"https:\/\/i0.wp.com\/luther-akademie.de\/wp-content\/uploads\/2024\/12\/20190228_Abenmahl-Foto-Hannegreth-Grundmann-scaled.webp?resize=350%2C200&ssl=1 1x, https:\/\/i0.wp.com\/luther-akademie.de\/wp-content\/uploads\/2024\/12\/20190228_Abenmahl-Foto-Hannegreth-Grundmann-scaled.webp?resize=525%2C300&ssl=1 1.5x, https:\/\/i0.wp.com\/luther-akademie.de\/wp-content\/uploads\/2024\/12\/20190228_Abenmahl-Foto-Hannegreth-Grundmann-scaled.webp?resize=700%2C400&ssl=1 2x, https:\/\/i0.wp.com\/luther-akademie.de\/wp-content\/uploads\/2024\/12\/20190228_Abenmahl-Foto-Hannegreth-Grundmann-scaled.webp?resize=1050%2C600&ssl=1 3x"},"classes":[]},{"id":6499,"url":"https:\/\/luther-akademie.de\/pl\/foerderpreis\/nagroda\/","url_meta":{"origin":6460,"position":2},"title":"F\u00f6rderpreis 2025 | Lutera\u0144skie badania naukowe 2025","author":"Thomas M\u00fcller","date":"2. grudnia 2024","format":false,"excerpt":"Lutera\u0144skie badania naukowe 2025 Nagroda Akademii Lutra dla student\u00f3w i studentek","rel":"","context":"Podobny wpis","block_context":{"text":"Podobny wpis","link":""},"img":{"alt_text":"","src":"https:\/\/i0.wp.com\/luther-akademie.de\/wp-content\/uploads\/2024\/12\/P9252383-scaled.webp?resize=350%2C200&ssl=1","width":350,"height":200,"srcset":"https:\/\/i0.wp.com\/luther-akademie.de\/wp-content\/uploads\/2024\/12\/P9252383-scaled.webp?resize=350%2C200&ssl=1 1x, https:\/\/i0.wp.com\/luther-akademie.de\/wp-content\/uploads\/2024\/12\/P9252383-scaled.webp?resize=525%2C300&ssl=1 1.5x, https:\/\/i0.wp.com\/luther-akademie.de\/wp-content\/uploads\/2024\/12\/P9252383-scaled.webp?resize=700%2C400&ssl=1 2x, https:\/\/i0.wp.com\/luther-akademie.de\/wp-content\/uploads\/2024\/12\/P9252383-scaled.webp?resize=1050%2C600&ssl=1 3x, https:\/\/i0.wp.com\/luther-akademie.de\/wp-content\/uploads\/2024\/12\/P9252383-scaled.webp?resize=1400%2C800&ssl=1 4x"},"classes":[]},{"id":8180,"url":"https:\/\/luther-akademie.de\/pl\/foerderpreis\/foerderpreis-2025-luteranskie-badania-naukowe-2025\/","url_meta":{"origin":6460,"position":3},"title":"F\u00f6rderpreis 2025 | Lutera\u0144skie badania naukowe 2025","author":"B\u00fcro Luther-Akademie","date":"5. stycznia 2026","format":false,"excerpt":"Lutera\u0144skie badania naukowe 2025 Nagroda Akademii Lutra dla student\u00f3w i studentek","rel":"","context":"Podobny wpis","block_context":{"text":"Podobny wpis","link":""},"img":{"alt_text":"","src":"https:\/\/i0.wp.com\/luther-akademie.de\/wp-content\/uploads\/2024\/12\/P9252383-scaled.webp?resize=350%2C200&ssl=1","width":350,"height":200,"srcset":"https:\/\/i0.wp.com\/luther-akademie.de\/wp-content\/uploads\/2024\/12\/P9252383-scaled.webp?resize=350%2C200&ssl=1 1x, https:\/\/i0.wp.com\/luther-akademie.de\/wp-content\/uploads\/2024\/12\/P9252383-scaled.webp?resize=525%2C300&ssl=1 1.5x, https:\/\/i0.wp.com\/luther-akademie.de\/wp-content\/uploads\/2024\/12\/P9252383-scaled.webp?resize=700%2C400&ssl=1 2x, https:\/\/i0.wp.com\/luther-akademie.de\/wp-content\/uploads\/2024\/12\/P9252383-scaled.webp?resize=1050%2C600&ssl=1 3x, https:\/\/i0.wp.com\/luther-akademie.de\/wp-content\/uploads\/2024\/12\/P9252383-scaled.webp?resize=1400%2C800&ssl=1 4x"},"classes":[]},{"id":8195,"url":"https:\/\/luther-akademie.de\/pl\/foerderpreis\/foerderpreis-2025-luteranskie-badania-naukowe-2025-2\/","url_meta":{"origin":6460,"position":4},"title":"F\u00f6rderpreis 2025 | Lutera\u0144skie badania naukowe 2025","author":"Daniel Piasecki","date":"5. stycznia 2026","format":false,"excerpt":"Lutera\u0144skie badania naukowe 2025 Nagroda Akademii Lutra dla student\u00f3w i studentek","rel":"","context":"Podobny wpis","block_context":{"text":"Podobny wpis","link":""},"img":{"alt_text":"","src":"https:\/\/i0.wp.com\/luther-akademie.de\/wp-content\/uploads\/2024\/12\/P9252383-scaled.webp?resize=350%2C200&ssl=1","width":350,"height":200,"srcset":"https:\/\/i0.wp.com\/luther-akademie.de\/wp-content\/uploads\/2024\/12\/P9252383-scaled.webp?resize=350%2C200&ssl=1 1x, https:\/\/i0.wp.com\/luther-akademie.de\/wp-content\/uploads\/2024\/12\/P9252383-scaled.webp?resize=525%2C300&ssl=1 1.5x, https:\/\/i0.wp.com\/luther-akademie.de\/wp-content\/uploads\/2024\/12\/P9252383-scaled.webp?resize=700%2C400&ssl=1 2x, https:\/\/i0.wp.com\/luther-akademie.de\/wp-content\/uploads\/2024\/12\/P9252383-scaled.webp?resize=1050%2C600&ssl=1 3x, https:\/\/i0.wp.com\/luther-akademie.de\/wp-content\/uploads\/2024\/12\/P9252383-scaled.webp?resize=1400%2C800&ssl=1 4x"},"classes":[]},{"id":7514,"url":"https:\/\/luther-akademie.de\/pl\/foerderpreis\/foerderpreis-2018\/","url_meta":{"origin":6460,"position":5},"title":"F\u00f6rderpreis 2018 \/ Nagroda za badania lutera\u0144skie 2018","author":"Thomas M\u00fcller","date":"29. listopada 2024","format":false,"excerpt":"Nagroda za badania lutera\u0144skie 2018Rado\u015b\u0107 jury oraz laureat\u00f3w podczas ceremonii wr\u0119czenia nagr\u00f3d.Od lewej do prawej: Prof. Oswald Bayer, Prof. Bo Holm (z ty\u0142u), Biskup Frank Otfried July, trzej laureaci: Lorenz Opitz, Helge Preising, Maximilian Rosin, z ty\u0142u: pastor Winfried Krause.Zdj\u0119cie: Hannegreth Grundmann\u00a0Ceremonia wr\u0119czenia nagr\u00f3d za badania lutera\u0144skie przyznane przez Akademi\u0119\u2026","rel":"","context":"Podobny wpis","block_context":{"text":"Podobny wpis","link":""},"img":{"alt_text":"","src":"https:\/\/i0.wp.com\/luther-akademie.de\/wp-content\/uploads\/2024\/12\/ratzeburg2018_2-1.webp?resize=350%2C200&ssl=1","width":350,"height":200,"srcset":"https:\/\/i0.wp.com\/luther-akademie.de\/wp-content\/uploads\/2024\/12\/ratzeburg2018_2-1.webp?resize=350%2C200&ssl=1 1x, https:\/\/i0.wp.com\/luther-akademie.de\/wp-content\/uploads\/2024\/12\/ratzeburg2018_2-1.webp?resize=525%2C300&ssl=1 1.5x, https:\/\/i0.wp.com\/luther-akademie.de\/wp-content\/uploads\/2024\/12\/ratzeburg2018_2-1.webp?resize=700%2C400&ssl=1 2x"},"classes":[]}],"_links":{"self":[{"href":"https:\/\/luther-akademie.de\/pl\/wp-json\/wp\/v2\/pages\/6460","targetHints":{"allow":["GET"]}}],"collection":[{"href":"https:\/\/luther-akademie.de\/pl\/wp-json\/wp\/v2\/pages"}],"about":[{"href":"https:\/\/luther-akademie.de\/pl\/wp-json\/wp\/v2\/types\/page"}],"author":[{"embeddable":true,"href":"https:\/\/luther-akademie.de\/pl\/wp-json\/wp\/v2\/users\/1"}],"replies":[{"embeddable":true,"href":"https:\/\/luther-akademie.de\/pl\/wp-json\/wp\/v2\/comments?post=6460"}],"version-history":[{"count":0,"href":"https:\/\/luther-akademie.de\/pl\/wp-json\/wp\/v2\/pages\/6460\/revisions"}],"wp:featuredmedia":[{"embeddable":true,"href":"https:\/\/luther-akademie.de\/pl\/wp-json\/wp\/v2\/media\/5889"}],"wp:attachment":[{"href":"https:\/\/luther-akademie.de\/pl\/wp-json\/wp\/v2\/media?parent=6460"}],"curies":[{"name":"wp","href":"https:\/\/api.w.org\/{rel}","templated":true}]}}