{"id":6433,"date":"2024-12-17T15:31:44","date_gmt":"2024-12-17T14:31:44","guid":{"rendered":"https:\/\/luther-akademie.de\/akademie-3\/kuratorium\/"},"modified":"2025-02-24T21:43:38","modified_gmt":"2025-02-24T20:43:38","slug":"kuratorium","status":"publish","type":"page","link":"https:\/\/luther-akademie.de\/pl\/akademie\/kuratorium\/","title":{"rendered":"Kuratorium | Rada Powiernicza"},"content":{"rendered":"\t\t<div data-elementor-type=\"wp-page\" data-elementor-id=\"6433\" class=\"elementor elementor-6433\" data-elementor-post-type=\"page\">\n\t\t\t\t<div class=\"elementor-element elementor-element-09218ba e-con-full e-flex e-con e-parent\" data-id=\"09218ba\" data-element_type=\"container\" data-e-type=\"container\" data-settings=\"{&quot;background_background&quot;:&quot;classic&quot;}\">\n\t\t\t\t<div class=\"elementor-element elementor-element-b100b9a elementor-skin-coverflow elementor-pagination-position-inside elementor-arrows-yes elementor-pagination-type-bullets elementor-widget elementor-widget-media-carousel\" data-id=\"b100b9a\" data-element_type=\"widget\" data-e-type=\"widget\" data-settings=\"{&quot;skin&quot;:&quot;coverflow&quot;,&quot;show_arrows&quot;:&quot;yes&quot;,&quot;pagination&quot;:&quot;bullets&quot;,&quot;speed&quot;:500,&quot;autoplay&quot;:&quot;yes&quot;,&quot;autoplay_speed&quot;:5000,&quot;loop&quot;:&quot;yes&quot;,&quot;pause_on_hover&quot;:&quot;yes&quot;,&quot;pause_on_interaction&quot;:&quot;yes&quot;,&quot;space_between&quot;:{&quot;unit&quot;:&quot;px&quot;,&quot;size&quot;:10,&quot;sizes&quot;:[]},&quot;space_between_tablet&quot;:{&quot;unit&quot;:&quot;px&quot;,&quot;size&quot;:10,&quot;sizes&quot;:[]},&quot;space_between_mobile&quot;:{&quot;unit&quot;:&quot;px&quot;,&quot;size&quot;:10,&quot;sizes&quot;:[]}}\" data-widget_type=\"media-carousel.default\">\n\t\t\t\t<div class=\"elementor-widget-container\">\n\t\t\t\t\t\t\t\t\t<div class=\"elementor-swiper\">\n\t\t\t\t\t<div class=\"elementor-main-swiper swiper\" role=\"region\" aria-roledescription=\"carousel\" aria-label=\"Slides\">\n\t\t\t\t<div class=\"swiper-wrapper\">\n\t\t\t\t\t\t\t\t\t\t\t<div class=\"swiper-slide\" role=\"group\" aria-roledescription=\"slide\">\n\t\t\t\t\t\t\t\t\t<div class=\"elementor-carousel-image\" role=\"img\" aria-label=\"OLYMPUS DIGITAL CAMERA\" style=\"background-image: url(&#039;https:\/\/luther-akademie.de\/wp-content\/uploads\/2025\/01\/P9232251-scaled.jpg&#039;)\">\n\n\t\t\t\n\t\t\t\t\t<\/div>\n\t\t\t\t\t\t\t\t<\/div>\n\t\t\t\t\t\t\t\t\t\t\t<div class=\"swiper-slide\" role=\"group\" aria-roledescription=\"slide\">\n\t\t\t\t\t\t\t\t\t<div class=\"elementor-carousel-image\" role=\"img\" aria-label=\"OLYMPUS DIGITAL CAMERA\" style=\"background-image: url(&#039;https:\/\/luther-akademie.de\/wp-content\/uploads\/2024\/12\/P9242330-scaled.webp&#039;)\">\n\n\t\t\t\n\t\t\t\t\t<\/div>\n\t\t\t\t\t\t\t\t<\/div>\n\t\t\t\t\t\t\t\t\t\t\t<div class=\"swiper-slide\" role=\"group\" aria-roledescription=\"slide\">\n\t\t\t\t\t\t\t\t\t<div class=\"elementor-carousel-image\" role=\"img\" aria-label=\"IMG_2755\" style=\"background-image: url(&#039;https:\/\/luther-akademie.de\/wp-content\/uploads\/2025\/01\/IMG_2755-scaled.jpg&#039;)\">\n\n\t\t\t\n\t\t\t\t\t<\/div>\n\t\t\t\t\t\t\t\t<\/div>\n\t\t\t\t\t\t\t\t\t\t\t<div class=\"swiper-slide\" role=\"group\" aria-roledescription=\"slide\">\n\t\t\t\t\t\t\t\t\t<div class=\"elementor-carousel-image\" role=\"img\" aria-label=\"OLYMPUS DIGITAL CAMERA\" style=\"background-image: url(&#039;https:\/\/luther-akademie.de\/wp-content\/uploads\/2025\/01\/P9242326-scaled.jpg&#039;)\">\n\n\t\t\t\n\t\t\t\t\t<\/div>\n\t\t\t\t\t\t\t\t<\/div>\n\t\t\t\t\t\t\t\t\t\t\t<div class=\"swiper-slide\" role=\"group\" aria-roledescription=\"slide\">\n\t\t\t\t\t\t\t\t\t<div class=\"elementor-carousel-image\" role=\"img\" aria-label=\"OLYMPUS DIGITAL CAMERA\" style=\"background-image: url(&#039;https:\/\/luther-akademie.de\/wp-content\/uploads\/2025\/01\/P9252361-2_red-rotated.jpg&#039;)\">\n\n\t\t\t\n\t\t\t\t\t<\/div>\n\t\t\t\t\t\t\t\t<\/div>\n\t\t\t\t\t\t\t\t\t\t\t<div class=\"swiper-slide\" role=\"group\" aria-roledescription=\"slide\">\n\t\t\t\t\t\t\t\t\t<div class=\"elementor-carousel-image\" role=\"img\" aria-label=\"Das Kuratorium tagt\" style=\"background-image: url(&#039;https:\/\/luther-akademie.de\/wp-content\/uploads\/2024\/12\/P9232219-scaled.webp&#039;)\">\n\n\t\t\t\n\t\t\t\t\t<\/div>\n\t\t\t\t\t\t\t\t<\/div>\n\t\t\t\t\t\t\t\t\t\t\t<div class=\"swiper-slide\" role=\"group\" aria-roledescription=\"slide\">\n\t\t\t\t\t\t\t\t\t<div class=\"elementor-carousel-image\" role=\"img\" aria-label=\"OLYMPUS DIGITAL CAMERA\" style=\"background-image: url(&#039;https:\/\/luther-akademie.de\/wp-content\/uploads\/2025\/01\/P9242323-scaled.jpg&#039;)\">\n\n\t\t\t\n\t\t\t\t\t<\/div>\n\t\t\t\t\t\t\t\t<\/div>\n\t\t\t\t\t\t\t\t\t<\/div>\n\t\t\t\t\t\t\t\t\t\t\t\t\t\t\t<div class=\"elementor-swiper-button elementor-swiper-button-prev\" role=\"button\" tabindex=\"0\" aria-label=\"Poprzedni\">\n\t\t\t\t\t\t\t<svg aria-hidden=\"true\" class=\"e-font-icon-svg e-eicon-chevron-left\" viewBox=\"0 0 1000 1000\" xmlns=\"http:\/\/www.w3.org\/2000\/svg\"><path d=\"M646 125C629 125 613 133 604 142L308 442C296 454 292 471 292 487 292 504 296 521 308 533L604 854C617 867 629 875 646 875 663 875 679 871 692 858 704 846 713 829 713 812 713 796 708 779 692 767L438 487 692 225C700 217 708 204 708 187 708 171 704 154 692 142 675 129 663 125 646 125Z\"><\/path><\/svg>\t\t\t\t\t\t<\/div>\n\t\t\t\t\t\t<div class=\"elementor-swiper-button elementor-swiper-button-next\" role=\"button\" tabindex=\"0\" aria-label=\"Nast\u0119pny\">\n\t\t\t\t\t\t\t<svg aria-hidden=\"true\" class=\"e-font-icon-svg e-eicon-chevron-right\" viewBox=\"0 0 1000 1000\" xmlns=\"http:\/\/www.w3.org\/2000\/svg\"><path d=\"M696 533C708 521 713 504 713 487 713 471 708 454 696 446L400 146C388 133 375 125 354 125 338 125 325 129 313 142 300 154 292 171 292 187 292 204 296 221 308 233L563 492 304 771C292 783 288 800 288 817 288 833 296 850 308 863 321 871 338 875 354 875 371 875 388 867 400 854L696 533Z\"><\/path><\/svg>\t\t\t\t\t\t<\/div>\n\t\t\t\t\t\t\t\t\t\t\t\t\t\t\t\t<div class=\"swiper-pagination\"><\/div>\n\t\t\t\t\t\t\t\t\t\t\t\t<\/div>\n\t\t\t\t<\/div>\n\t\t\t\t\t\t\t\t<\/div>\n\t\t\t\t<\/div>\n\t\t\t\t<\/div>\n\t\t<div class=\"elementor-element elementor-element-cee7705 e-flex e-con-boxed e-con e-parent\" data-id=\"cee7705\" data-element_type=\"container\" data-e-type=\"container\">\n\t\t\t\t\t<div class=\"e-con-inner\">\n\t\t\t\t<div class=\"elementor-element elementor-element-64e2f43 elementor-widget elementor-widget-spacer\" data-id=\"64e2f43\" data-element_type=\"widget\" data-e-type=\"widget\" data-widget_type=\"spacer.default\">\n\t\t\t\t<div class=\"elementor-widget-container\">\n\t\t\t\t\t\t\t<div class=\"elementor-spacer\">\n\t\t\t<div class=\"elementor-spacer-inner\"><\/div>\n\t\t<\/div>\n\t\t\t\t\t\t<\/div>\n\t\t\t\t<\/div>\n\t\t\t\t\t<\/div>\n\t\t\t\t<\/div>\n\t\t<div class=\"elementor-element elementor-element-7620418e e-con-full e-flex e-con e-parent\" data-id=\"7620418e\" data-element_type=\"container\" data-e-type=\"container\">\n\t\t\t\t<div class=\"elementor-element elementor-element-554cf642 elementor-widget elementor-widget-text-editor\" data-id=\"554cf642\" data-element_type=\"widget\" data-e-type=\"widget\" data-widget_type=\"text-editor.default\">\n\t\t\t\t<div class=\"elementor-widget-container\">\n\t\t\t\t\t\t\t\t\t<h1>Rada Powiernicza<\/h1>\t\t\t\t\t\t\t\t<\/div>\n\t\t\t\t<\/div>\n\t\t\t\t<\/div>\n\t\t<div class=\"dce-visibility-event elementor-element elementor-element-e265567 e-con-full e-flex e-con e-parent\" data-id=\"e265567\" data-element_type=\"container\" data-e-type=\"container\" data-settings=\"{&quot;enabled_visibility&quot;:&quot;yes&quot;,&quot;dce_visibility_selected&quot;:&quot;yes&quot;,&quot;dce_visibility_event&quot;:&quot;click&quot;}\">\n\t\t<div class=\"elementor-element elementor-element-b290b35 e-con-full e-flex e-con e-child\" data-id=\"b290b35\" data-element_type=\"container\" data-e-type=\"container\">\n\t\t\t\t<div class=\"elementor-element elementor-element-b2ee4ac elementor-widget__width-initial elementor-widget elementor-widget-image\" data-id=\"b2ee4ac\" data-element_type=\"widget\" data-e-type=\"widget\" data-widget_type=\"image.default\">\n\t\t\t\t<div class=\"elementor-widget-container\">\n\t\t\t\t\t\t\t\t\t\t\t\t\t\t\t<img decoding=\"async\" src=\"https:\/\/luther-akademie.de\/wp-content\/uploads\/elementor\/thumbs\/christian.neddens_24-02-1-r1zs45vhj0x9uw9q9rdnc5fbcxqnso8xx32rue96bc.jpeg\" title=\"christian.neddens_24-02\" alt=\"Prof. Dr. Neddens\" loading=\"lazy\" \/>\t\t\t\t\t\t\t\t\t\t\t\t\t\t\t<\/div>\n\t\t\t\t<\/div>\n\t\t\t\t<div class=\"elementor-element elementor-element-cefe537 elementor-widget elementor-widget-text-editor\" data-id=\"cefe537\" data-element_type=\"widget\" data-e-type=\"widget\" data-widget_type=\"text-editor.default\">\n\t\t\t\t<div class=\"elementor-widget-container\">\n\t\t\t\t\t\t\t\t\t<p style=\"text-align: center;\"><em>Prof. Dr. <\/em><strong><em><br \/>Christian Neddens<\/em><\/strong><br \/><em>(Dyrektor Naukowy)<\/em><\/p><p style=\"text-align: center;\"><em>eMail: <\/em><a href=\"mailto:neddens@luther-akademie.de\">neddens@luther-akademie.de<\/a><\/p>\t\t\t\t\t\t\t\t<\/div>\n\t\t\t\t<\/div>\n\t\t\t\t<\/div>\n\t\t<div class=\"elementor-element elementor-element-32ca15c e-con-full e-flex e-con e-child\" data-id=\"32ca15c\" data-element_type=\"container\" data-e-type=\"container\">\n\t\t\t\t<div class=\"elementor-element elementor-element-21e4260 elementor-widget elementor-widget-image\" data-id=\"21e4260\" data-element_type=\"widget\" data-e-type=\"widget\" data-widget_type=\"image.default\">\n\t\t\t\t<div class=\"elementor-widget-container\">\n\t\t\t\t\t\t\t\t\t\t\t\t\t\t\t<img decoding=\"async\" src=\"https:\/\/luther-akademie.de\/wp-content\/uploads\/elementor\/thumbs\/Autor-scaled-r0ksixbo5qowmcydaa5ju0qz85qywfbdlbrso7kbi0.jpg\" title=\"Prof. Dr. Johannes Ehmann\" alt=\"Prof. Dr. Johannes Ehmann\" loading=\"lazy\" \/>\t\t\t\t\t\t\t\t\t\t\t\t\t\t\t<\/div>\n\t\t\t\t<\/div>\n\t\t\t\t<div class=\"elementor-element elementor-element-cf8b839 elementor-widget elementor-widget-text-editor\" data-id=\"cf8b839\" data-element_type=\"widget\" data-e-type=\"widget\" data-widget_type=\"text-editor.default\">\n\t\t\t\t<div class=\"elementor-widget-container\">\n\t\t\t\t\t\t\t\t\t<p style=\"text-align: center;\"><em>Prof. Dr. <br \/><\/em><strong><em>Johannes Ehmann<\/em><\/strong><br \/><em>(Zast\u0119pca Dyrektora Naukowego)<\/em><\/p><p style=\"text-align: center;\"><em>eMail:<\/em> <a href=\"mailto:ehmann@luther-akademie.de\">ehmann@luther-akademie.de<\/a><\/p>\t\t\t\t\t\t\t\t<\/div>\n\t\t\t\t<\/div>\n\t\t\t\t<\/div>\n\t\t\t\t<\/div>\n\t\t<div class=\"elementor-element elementor-element-26dc5a8 e-flex e-con-boxed e-con e-parent\" data-id=\"26dc5a8\" data-element_type=\"container\" data-e-type=\"container\">\n\t\t\t\t\t<div class=\"e-con-inner\">\n\t\t\t\t<div class=\"elementor-element elementor-element-be88da0 elementor-widget elementor-widget-spacer\" data-id=\"be88da0\" data-element_type=\"widget\" data-e-type=\"widget\" data-widget_type=\"spacer.default\">\n\t\t\t\t<div class=\"elementor-widget-container\">\n\t\t\t\t\t\t\t<div class=\"elementor-spacer\">\n\t\t\t<div class=\"elementor-spacer-inner\"><\/div>\n\t\t<\/div>\n\t\t\t\t\t\t<\/div>\n\t\t\t\t<\/div>\n\t\t\t\t\t<\/div>\n\t\t\t\t<\/div>\n\t\t<div class=\"elementor-element elementor-element-98d4b72 e-con-full e-flex e-con e-parent\" data-id=\"98d4b72\" data-element_type=\"container\" data-e-type=\"container\">\n\t\t\t\t<div class=\"elementor-element elementor-element-229993d elementor-widget elementor-widget-text-editor\" data-id=\"229993d\" data-element_type=\"widget\" data-e-type=\"widget\" data-widget_type=\"text-editor.default\">\n\t\t\t\t<div class=\"elementor-widget-container\">\n\t\t\t\t\t\t\t\t\t<p><em><strong>Pozostali cz\u0142onkowie Rady Powierniczej:<\/strong><\/em><\/p>\t\t\t\t\t\t\t\t<\/div>\n\t\t\t\t<\/div>\n\t\t\t\t<\/div>\n\t\t<div class=\"elementor-element elementor-element-fc83253 e-con-full e-flex e-con e-parent\" data-id=\"fc83253\" data-element_type=\"container\" data-e-type=\"container\">\n\t\t<div class=\"elementor-element elementor-element-a91abb7 e-con-full e-flex e-con e-child\" data-id=\"a91abb7\" data-element_type=\"container\" data-e-type=\"container\">\n\t\t\t\t<div class=\"elementor-element elementor-element-421ed82 elementor-widget elementor-widget-text-editor\" data-id=\"421ed82\" data-element_type=\"widget\" data-e-type=\"widget\" data-widget_type=\"text-editor.default\">\n\t\t\t\t<div class=\"elementor-widget-container\">\n\t\t\t\t\t\t\t\t\t<ul><li>Pfarrer <strong>Andreas Berg<\/strong>, <em>Neu-Moresnet \u2013 Belgien<\/em><\/li><li>Pastorin Dr. <strong>Hannegreth Grundmann<\/strong>, <em>Holtland<\/em><\/li><li>Pfarrer Dr.<strong> Volker Gummelt<\/strong>, <em>Neuenkirchen bei Greifswald<\/em><\/li><li>Dr. <strong>Torbj\u00f6rn Johansson<\/strong>, <em>G\u00f6teborg \u2013 Schweden<\/em><\/li><li>Pfarrer i.R. <strong>Winfrid Krause<\/strong>, <em>Buggingen<\/em><\/li><li>B\u00fcrgermeister a.D.<strong> Joachim Kreyer<\/strong>, <em>Sondershausen<\/em><\/li><li>Pfarrer Dr. <strong>Jonathan K\u00fchn<\/strong>, <em>Bamberg<\/em><\/li><li>Pfarrer Dr. <strong>Alexander Kupsch<\/strong>, <em>Balingen<\/em><\/li><li>Prof. Dr. <strong>Johannes von L\u00fcpke<\/strong>, <em>L\u00fcneburg<\/em><\/li><\/ul>\t\t\t\t\t\t\t\t<\/div>\n\t\t\t\t<\/div>\n\t\t\t\t<\/div>\n\t\t<div class=\"elementor-element elementor-element-ddf231e e-con-full e-flex e-con e-child\" data-id=\"ddf231e\" data-element_type=\"container\" data-e-type=\"container\">\n\t\t\t\t<div class=\"elementor-element elementor-element-8f0c06f elementor-widget elementor-widget-text-editor\" data-id=\"8f0c06f\" data-element_type=\"widget\" data-e-type=\"widget\" data-widget_type=\"text-editor.default\">\n\t\t\t\t<div class=\"elementor-widget-container\">\n\t\t\t\t\t\t\t\t\t<ul><li>Oberkirchenrat Dr. <strong>Georg Raatz<\/strong>, <em>Hannover<\/em><\/li><li>Pastorin i.R. <strong>Hanne Sander<\/strong>, <em>Charlottenlund \u2013 D\u00e4nemark<\/em><\/li><li>Pr\u00f6pstin em. Dr. <strong>Monika Schwinge<\/strong>, <em>Kiel<\/em><\/li><li>Pfarrer <strong>Christian Silbernagel<\/strong>, <em>Wetzlar<\/em><\/li><li>Prof. Dr. <strong>Christopher Spehr<\/strong>, <em>Jena<\/em><\/li><li>Regionalbischof i.R. Dr. <strong>Stawenow<\/strong>, <em>Eisenach<\/em><\/li><li>Prof. Dr. <strong>Volker St\u00fcmke<\/strong>, <em>Sparrieshoop<\/em><\/li><li>Oberkirchenrat Dr. <strong>Matthias Triebel<\/strong>, <em>Kiel<\/em><\/li><\/ul>\t\t\t\t\t\t\t\t<\/div>\n\t\t\t\t<\/div>\n\t\t\t\t<\/div>\n\t\t\t\t<\/div>\n\t\t\t\t<\/div>\n\t\t","protected":false},"excerpt":{"rendered":"<p>&#8230;Rada Powiernicza przedstawia si\u0119&#8230;.<\/p>\n","protected":false},"author":1,"featured_media":5747,"parent":6236,"menu_order":0,"comment_status":"closed","ping_status":"closed","template":"","meta":{"footnotes":""},"class_list":["post-6433","page","type-page","status-publish","has-post-thumbnail","hentry"],"aioseo_notices":[],"jetpack_sharing_enabled":true,"jetpack-related-posts":[{"id":768,"url":"https:\/\/luther-akademie.de\/akademie\/kuratorium\/","url_meta":{"origin":6433,"position":0},"title":"Kuratorium","author":"Thomas M\u00fcller","date":"17. grudnia 2024","format":false,"excerpt":"...das Kuratorium stellt sich vor....","rel":"","context":"Podobny wpis","block_context":{"text":"Podobny wpis","link":""},"img":{"alt_text":"Das Kuratorium tagt","src":"https:\/\/i0.wp.com\/luther-akademie.de\/wp-content\/uploads\/2024\/12\/P9232219-scaled.webp?resize=350%2C200&ssl=1","width":350,"height":200,"srcset":"https:\/\/i0.wp.com\/luther-akademie.de\/wp-content\/uploads\/2024\/12\/P9232219-scaled.webp?resize=350%2C200&ssl=1 1x, https:\/\/i0.wp.com\/luther-akademie.de\/wp-content\/uploads\/2024\/12\/P9232219-scaled.webp?resize=525%2C300&ssl=1 1.5x, https:\/\/i0.wp.com\/luther-akademie.de\/wp-content\/uploads\/2024\/12\/P9232219-scaled.webp?resize=700%2C400&ssl=1 2x, https:\/\/i0.wp.com\/luther-akademie.de\/wp-content\/uploads\/2024\/12\/P9232219-scaled.webp?resize=1050%2C600&ssl=1 3x, https:\/\/i0.wp.com\/luther-akademie.de\/wp-content\/uploads\/2024\/12\/P9232219-scaled.webp?resize=1400%2C800&ssl=1 4x"},"classes":[]},{"id":6432,"url":"https:\/\/luther-akademie.de\/da\/akademie\/kuratorium\/","url_meta":{"origin":6433,"position":1},"title":"Kuratorium (da)","author":"Thomas M\u00fcller","date":"17. grudnia 2024","format":false,"excerpt":"...foreningens bestyrelse pr\u00e6senterer sig....","rel":"","context":"Podobny wpis","block_context":{"text":"Podobny wpis","link":""},"img":{"alt_text":"Das Kuratorium tagt","src":"https:\/\/i0.wp.com\/luther-akademie.de\/wp-content\/uploads\/2024\/12\/P9232219-scaled.webp?resize=350%2C200&ssl=1","width":350,"height":200,"srcset":"https:\/\/i0.wp.com\/luther-akademie.de\/wp-content\/uploads\/2024\/12\/P9232219-scaled.webp?resize=350%2C200&ssl=1 1x, https:\/\/i0.wp.com\/luther-akademie.de\/wp-content\/uploads\/2024\/12\/P9232219-scaled.webp?resize=525%2C300&ssl=1 1.5x, https:\/\/i0.wp.com\/luther-akademie.de\/wp-content\/uploads\/2024\/12\/P9232219-scaled.webp?resize=700%2C400&ssl=1 2x, https:\/\/i0.wp.com\/luther-akademie.de\/wp-content\/uploads\/2024\/12\/P9232219-scaled.webp?resize=1050%2C600&ssl=1 3x, https:\/\/i0.wp.com\/luther-akademie.de\/wp-content\/uploads\/2024\/12\/P9232219-scaled.webp?resize=1400%2C800&ssl=1 4x"},"classes":[]},{"id":3876,"url":"https:\/\/luther-akademie.de\/akademie\/verein\/","url_meta":{"origin":6433,"position":2},"title":"Verein","author":"Thomas M\u00fcller","date":"26. stycznia 2025","format":false,"excerpt":"Die Arbeit der Luther-Akademie wird heute getragen von dem Verein Luther-Akademie Sondershausen-Ratzeburg e. V. mit Sitz in Ratzeburg-Sondershausen","rel":"","context":"Podobny wpis","block_context":{"text":"Podobny wpis","link":""},"img":{"alt_text":"","src":"https:\/\/i0.wp.com\/luther-akademie.de\/wp-content\/uploads\/2024\/12\/20190228_Abenmahl-Foto-Hannegreth-Grundmann-scaled.webp?resize=350%2C200&ssl=1","width":350,"height":200,"srcset":"https:\/\/i0.wp.com\/luther-akademie.de\/wp-content\/uploads\/2024\/12\/20190228_Abenmahl-Foto-Hannegreth-Grundmann-scaled.webp?resize=350%2C200&ssl=1 1x, https:\/\/i0.wp.com\/luther-akademie.de\/wp-content\/uploads\/2024\/12\/20190228_Abenmahl-Foto-Hannegreth-Grundmann-scaled.webp?resize=525%2C300&ssl=1 1.5x, https:\/\/i0.wp.com\/luther-akademie.de\/wp-content\/uploads\/2024\/12\/20190228_Abenmahl-Foto-Hannegreth-Grundmann-scaled.webp?resize=700%2C400&ssl=1 2x, https:\/\/i0.wp.com\/luther-akademie.de\/wp-content\/uploads\/2024\/12\/20190228_Abenmahl-Foto-Hannegreth-Grundmann-scaled.webp?resize=1050%2C600&ssl=1 3x"},"classes":[]},{"id":6389,"url":"https:\/\/luther-akademie.de\/pl\/akademie\/vorstand\/","url_meta":{"origin":6433,"position":3},"title":"Vorstand | Zarz\u0105d","author":"Thomas M\u00fcller","date":"17. grudnia 2024","format":false,"excerpt":"Zarz\u0105d przedstawia si\u0119","rel":"","context":"Podobny wpis","block_context":{"text":"Podobny wpis","link":""},"img":{"alt_text":"Landesbischof emeritus Dr. h.c. Frank Otfried July","src":"https:\/\/i0.wp.com\/luther-akademie.de\/wp-content\/uploads\/2024\/12\/july.webp?resize=350%2C200&ssl=1","width":350,"height":200},"classes":[]},{"id":180,"url":"https:\/\/luther-akademie.de\/akademie\/","url_meta":{"origin":6433,"position":4},"title":"Aufgaben der Luther-Akademie","author":"Thomas M\u00fcller","date":"3. grudnia 2024","format":false,"excerpt":"Die Luther-Akademie befasst sich mit Luthers Theologie unter den Anforderungen gegenw\u00e4rtiger Entwicklungen in Theologie, Kirche und Gesellschaft. Die Luther-Akademie Sondershausen-Ratzeburg hat insbesondere folgende Aufgaben:","rel":"","context":"Podobny wpis","block_context":{"text":"Podobny wpis","link":""},"img":{"alt_text":"Das Kuratorium tagt","src":"https:\/\/i0.wp.com\/luther-akademie.de\/wp-content\/uploads\/2024\/12\/P9232219-scaled.webp?resize=350%2C200&ssl=1","width":350,"height":200,"srcset":"https:\/\/i0.wp.com\/luther-akademie.de\/wp-content\/uploads\/2024\/12\/P9232219-scaled.webp?resize=350%2C200&ssl=1 1x, https:\/\/i0.wp.com\/luther-akademie.de\/wp-content\/uploads\/2024\/12\/P9232219-scaled.webp?resize=525%2C300&ssl=1 1.5x, https:\/\/i0.wp.com\/luther-akademie.de\/wp-content\/uploads\/2024\/12\/P9232219-scaled.webp?resize=700%2C400&ssl=1 2x, https:\/\/i0.wp.com\/luther-akademie.de\/wp-content\/uploads\/2024\/12\/P9232219-scaled.webp?resize=1050%2C600&ssl=1 3x, https:\/\/i0.wp.com\/luther-akademie.de\/wp-content\/uploads\/2024\/12\/P9232219-scaled.webp?resize=1400%2C800&ssl=1 4x"},"classes":[]},{"id":6235,"url":"https:\/\/luther-akademie.de\/da\/akademie\/","url_meta":{"origin":6433,"position":5},"title":"Aufgaben der Luther-Akademie | Information","author":"Thomas M\u00fcller","date":"3. grudnia 2024","format":false,"excerpt":"Lutherakademiet besk\u00e6ftiger sig med Luthers teologi i lyset af den aktuelle udvikling inden for teologi, kirke og samfund.","rel":"","context":"Podobny wpis","block_context":{"text":"Podobny wpis","link":""},"img":{"alt_text":"Das Kuratorium tagt","src":"https:\/\/i0.wp.com\/luther-akademie.de\/wp-content\/uploads\/2024\/12\/P9232219-scaled.webp?resize=350%2C200&ssl=1","width":350,"height":200,"srcset":"https:\/\/i0.wp.com\/luther-akademie.de\/wp-content\/uploads\/2024\/12\/P9232219-scaled.webp?resize=350%2C200&ssl=1 1x, https:\/\/i0.wp.com\/luther-akademie.de\/wp-content\/uploads\/2024\/12\/P9232219-scaled.webp?resize=525%2C300&ssl=1 1.5x, https:\/\/i0.wp.com\/luther-akademie.de\/wp-content\/uploads\/2024\/12\/P9232219-scaled.webp?resize=700%2C400&ssl=1 2x, https:\/\/i0.wp.com\/luther-akademie.de\/wp-content\/uploads\/2024\/12\/P9232219-scaled.webp?resize=1050%2C600&ssl=1 3x, https:\/\/i0.wp.com\/luther-akademie.de\/wp-content\/uploads\/2024\/12\/P9232219-scaled.webp?resize=1400%2C800&ssl=1 4x"},"classes":[]}],"_links":{"self":[{"href":"https:\/\/luther-akademie.de\/pl\/wp-json\/wp\/v2\/pages\/6433","targetHints":{"allow":["GET"]}}],"collection":[{"href":"https:\/\/luther-akademie.de\/pl\/wp-json\/wp\/v2\/pages"}],"about":[{"href":"https:\/\/luther-akademie.de\/pl\/wp-json\/wp\/v2\/types\/page"}],"author":[{"embeddable":true,"href":"https:\/\/luther-akademie.de\/pl\/wp-json\/wp\/v2\/users\/1"}],"replies":[{"embeddable":true,"href":"https:\/\/luther-akademie.de\/pl\/wp-json\/wp\/v2\/comments?post=6433"}],"version-history":[{"count":3,"href":"https:\/\/luther-akademie.de\/pl\/wp-json\/wp\/v2\/pages\/6433\/revisions"}],"predecessor-version":[{"id":6682,"href":"https:\/\/luther-akademie.de\/pl\/wp-json\/wp\/v2\/pages\/6433\/revisions\/6682"}],"up":[{"embeddable":true,"href":"https:\/\/luther-akademie.de\/pl\/wp-json\/wp\/v2\/pages\/6236"}],"wp:featuredmedia":[{"embeddable":true,"href":"https:\/\/luther-akademie.de\/pl\/wp-json\/wp\/v2\/media\/5747"}],"wp:attachment":[{"href":"https:\/\/luther-akademie.de\/pl\/wp-json\/wp\/v2\/media?parent=6433"}],"curies":[{"name":"wp","href":"https:\/\/api.w.org\/{rel}","templated":true}]}}