{"id":6389,"date":"2024-12-17T21:38:30","date_gmt":"2024-12-17T20:38:30","guid":{"rendered":"https:\/\/luther-akademie.de\/akademie-3\/vorstand\/"},"modified":"2025-02-24T21:54:58","modified_gmt":"2025-02-24T20:54:58","slug":"vorstand","status":"publish","type":"page","link":"https:\/\/luther-akademie.de\/pl\/akademie\/vorstand\/","title":{"rendered":"Vorstand | Zarz\u0105d"},"content":{"rendered":"\t\t<div data-elementor-type=\"wp-page\" data-elementor-id=\"6389\" class=\"elementor elementor-6389\" data-elementor-post-type=\"page\">\n\t\t\t\t<div class=\"elementor-element elementor-element-7620418e e-flex e-con-boxed e-con e-parent\" data-id=\"7620418e\" data-element_type=\"container\" data-e-type=\"container\">\n\t\t\t\t\t<div class=\"e-con-inner\">\n\t\t\t\t<div class=\"elementor-element elementor-element-554cf642 elementor-widget elementor-widget-text-editor\" data-id=\"554cf642\" data-element_type=\"widget\" data-e-type=\"widget\" data-widget_type=\"text-editor.default\">\n\t\t\t\t<div class=\"elementor-widget-container\">\n\t\t\t\t\t\t\t\t\t<h1>Zarz\u0105d<\/h1>\t\t\t\t\t\t\t\t<\/div>\n\t\t\t\t<\/div>\n\t\t\t\t\t<\/div>\n\t\t\t\t<\/div>\n\t\t<div class=\"elementor-element elementor-element-cf16873 e-con-full e-flex e-con e-parent\" data-id=\"cf16873\" data-element_type=\"container\" data-e-type=\"container\">\n\t\t<div class=\"elementor-element elementor-element-274b734 e-con-full e-flex e-con e-child\" data-id=\"274b734\" data-element_type=\"container\" data-e-type=\"container\">\n\t\t\t\t<div class=\"elementor-element elementor-element-8d55988 elementor-widget__width-initial elementor-widget elementor-widget-image\" data-id=\"8d55988\" data-element_type=\"widget\" data-e-type=\"widget\" data-widget_type=\"image.default\">\n\t\t\t\t<div class=\"elementor-widget-container\">\n\t\t\t\t\t\t\t\t\t\t\t\t\t\t\t<img decoding=\"async\" width=\"150\" height=\"209\" src=\"https:\/\/luther-akademie.de\/wp-content\/uploads\/2024\/12\/july.webp\" class=\"attachment-large size-large wp-image-797\" alt=\"Landesbischof emeritus Dr. h.c. Frank Otfried July\" data-attachment-id=\"797\" data-permalink=\"https:\/\/luther-akademie.de\/pl\/akademie\/vorstand\/july-2\/\" data-orig-file=\"https:\/\/luther-akademie.de\/wp-content\/uploads\/2024\/12\/july.webp\" data-orig-size=\"150,209\" data-comments-opened=\"1\" data-image-meta=\"{&quot;aperture&quot;:&quot;0&quot;,&quot;credit&quot;:&quot;&quot;,&quot;camera&quot;:&quot;&quot;,&quot;caption&quot;:&quot;&quot;,&quot;created_timestamp&quot;:&quot;0&quot;,&quot;copyright&quot;:&quot;&quot;,&quot;focal_length&quot;:&quot;0&quot;,&quot;iso&quot;:&quot;0&quot;,&quot;shutter_speed&quot;:&quot;0&quot;,&quot;title&quot;:&quot;&quot;,&quot;orientation&quot;:&quot;1&quot;}\" data-image-title=\"Landesbischof emeritus Dr. h.c. Frank Otfried July\" data-image-description=\"&lt;p&gt;Landesbischof emeritus Dr. h.c. Frank Otfried July&lt;\/p&gt;\n\" data-image-caption=\"\" data-large-file=\"https:\/\/luther-akademie.de\/wp-content\/uploads\/2024\/12\/july.webp\" \/>\t\t\t\t\t\t\t\t\t\t\t\t\t\t\t<\/div>\n\t\t\t\t<\/div>\n\t\t\t\t<div class=\"elementor-element elementor-element-e636417 elementor-widget elementor-widget-text-editor\" data-id=\"e636417\" data-element_type=\"widget\" data-e-type=\"widget\" data-widget_type=\"text-editor.default\">\n\t\t\t\t<div class=\"elementor-widget-container\">\n\t\t\t\t\t\t\t\t\t<p style=\"text-align: center;\"><em>Landesbischof emeritus Dr.\u00a0h.c.<\/em><br \/><strong><em>Frank Otfried July<\/em><\/strong><br \/><em>(Prezydent)<\/em><\/p><h5 style=\"text-align: center;\"><em>eMail: <\/em><a href=\"mailto:praesident@luther-akademie.de\">praesident@luther-akademie.de<\/a><\/h5>\t\t\t\t\t\t\t\t<\/div>\n\t\t\t\t<\/div>\n\t\t\t\t<\/div>\n\t\t<div class=\"elementor-element elementor-element-317263a e-con-full e-flex e-con e-child\" data-id=\"317263a\" data-element_type=\"container\" data-e-type=\"container\">\n\t\t\t\t<div class=\"elementor-element elementor-element-22b6f2e elementor-widget elementor-widget-image\" data-id=\"22b6f2e\" data-element_type=\"widget\" data-e-type=\"widget\" data-widget_type=\"image.default\">\n\t\t\t\t<div class=\"elementor-widget-container\">\n\t\t\t\t\t\t\t\t\t\t\t\t\t\t\t<img decoding=\"async\" width=\"150\" height=\"208\" src=\"https:\/\/luther-akademie.de\/wp-content\/uploads\/2024\/12\/bo-holm-web2016.webp\" class=\"attachment-large size-large wp-image-794\" alt=\"Prof. Dr. Bo Kristian Holm\" data-attachment-id=\"794\" data-permalink=\"https:\/\/luther-akademie.de\/pl\/akademie\/vorstand\/bo-holm-web2016-3\/\" data-orig-file=\"https:\/\/luther-akademie.de\/wp-content\/uploads\/2024\/12\/bo-holm-web2016.webp\" data-orig-size=\"150,208\" data-comments-opened=\"1\" data-image-meta=\"{&quot;aperture&quot;:&quot;0&quot;,&quot;credit&quot;:&quot;&quot;,&quot;camera&quot;:&quot;&quot;,&quot;caption&quot;:&quot;&quot;,&quot;created_timestamp&quot;:&quot;0&quot;,&quot;copyright&quot;:&quot;&quot;,&quot;focal_length&quot;:&quot;0&quot;,&quot;iso&quot;:&quot;0&quot;,&quot;shutter_speed&quot;:&quot;0&quot;,&quot;title&quot;:&quot;&quot;,&quot;orientation&quot;:&quot;1&quot;}\" data-image-title=\"Prof. Dr. Bo Kristian Holm\" data-image-description=\"&lt;p&gt;Prof. Dr. Bo Kristian Holm&lt;\/p&gt;\n\" data-image-caption=\"\" data-large-file=\"https:\/\/luther-akademie.de\/wp-content\/uploads\/2024\/12\/bo-holm-web2016.webp\" \/>\t\t\t\t\t\t\t\t\t\t\t\t\t\t\t<\/div>\n\t\t\t\t<\/div>\n\t\t\t\t<div class=\"elementor-element elementor-element-38fd261 elementor-widget elementor-widget-text-editor\" data-id=\"38fd261\" data-element_type=\"widget\" data-e-type=\"widget\" data-widget_type=\"text-editor.default\">\n\t\t\t\t<div class=\"elementor-widget-container\">\n\t\t\t\t\t\t\t\t\t<p style=\"text-align: center;\"><em>Prof. Dr.<\/em><br \/><strong><em>Bo Kristian Holm<\/em><\/strong><br \/><em>(Wiceprezydent)<\/em><\/p><h5 style=\"text-align: center;\"><em>eMail: <\/em><a href=\"mailto:vizepraesident@luther-akademie.de\">vizepraesident@luther-akademie.de<\/a><\/h5>\t\t\t\t\t\t\t\t<\/div>\n\t\t\t\t<\/div>\n\t\t\t\t<\/div>\n\t\t<div class=\"elementor-element elementor-element-deed566 e-con-full e-flex e-con e-child\" data-id=\"deed566\" data-element_type=\"container\" data-e-type=\"container\">\n\t\t\t\t<div class=\"elementor-element elementor-element-250d2a6 elementor-widget elementor-widget-image\" data-id=\"250d2a6\" data-element_type=\"widget\" data-e-type=\"widget\" data-widget_type=\"image.default\">\n\t\t\t\t<div class=\"elementor-widget-container\">\n\t\t\t\t\t\t\t\t\t\t\t\t\t\t\t<img decoding=\"async\" width=\"150\" height=\"208\" src=\"https:\/\/luther-akademie.de\/wp-content\/uploads\/2024\/12\/rausch.webp\" class=\"attachment-large size-large wp-image-800\" alt=\"Dr. Rainer Rausch\" data-attachment-id=\"800\" data-permalink=\"https:\/\/luther-akademie.de\/pl\/akademie\/vorstand\/rausch-2\/\" data-orig-file=\"https:\/\/luther-akademie.de\/wp-content\/uploads\/2024\/12\/rausch.webp\" data-orig-size=\"150,208\" data-comments-opened=\"1\" data-image-meta=\"{&quot;aperture&quot;:&quot;5.3&quot;,&quot;credit&quot;:&quot;&quot;,&quot;camera&quot;:&quot;NIKON D90&quot;,&quot;caption&quot;:&quot;&quot;,&quot;created_timestamp&quot;:&quot;1377252302&quot;,&quot;copyright&quot;:&quot;&quot;,&quot;focal_length&quot;:&quot;62&quot;,&quot;iso&quot;:&quot;200&quot;,&quot;shutter_speed&quot;:&quot;0.004&quot;,&quot;title&quot;:&quot;&quot;,&quot;orientation&quot;:&quot;1&quot;}\" data-image-title=\"Dr. Rainer Rausch\" data-image-description=\"&lt;p&gt;Dr. Rainer Rausch&lt;\/p&gt;\n\" data-image-caption=\"\" data-large-file=\"https:\/\/luther-akademie.de\/wp-content\/uploads\/2024\/12\/rausch.webp\" \/>\t\t\t\t\t\t\t\t\t\t\t\t\t\t\t<\/div>\n\t\t\t\t<\/div>\n\t\t\t\t<div class=\"elementor-element elementor-element-8ee475e elementor-widget elementor-widget-text-editor\" data-id=\"8ee475e\" data-element_type=\"widget\" data-e-type=\"widget\" data-widget_type=\"text-editor.default\">\n\t\t\t\t<div class=\"elementor-widget-container\">\n\t\t\t\t\t\t\t\t\t<p style=\"text-align: center;\"><em>Dr.<\/em><strong><em> <br \/>Rainer Rausch<br \/><\/em><\/strong><em>(Skarbnik)<\/em><\/p><h5 style=\"text-align: center;\"><em>eMail: <\/em><a href=\"mailto:schatzmeister@luther-akademie.de\">schatzmeister@luther-akademie.de<\/a><\/h5>\t\t\t\t\t\t\t\t<\/div>\n\t\t\t\t<\/div>\n\t\t\t\t<\/div>\n\t\t<div class=\"elementor-element elementor-element-8761b1b e-con-full e-flex e-con e-child\" data-id=\"8761b1b\" data-element_type=\"container\" data-e-type=\"container\">\n\t\t\t\t<div class=\"elementor-element elementor-element-63ad410 elementor-widget elementor-widget-image\" data-id=\"63ad410\" data-element_type=\"widget\" data-e-type=\"widget\" data-widget_type=\"image.default\">\n\t\t\t\t<div class=\"elementor-widget-container\">\n\t\t\t\t\t\t\t\t\t\t\t\t\t\t\t<img decoding=\"async\" src=\"https:\/\/luther-akademie.de\/wp-content\/uploads\/elementor\/thumbs\/christian.neddens_24-02-1-r1zs45vgb64vvthxsxlvi8ncr3syu6sin64mnmp5eo.jpeg\" title=\"christian.neddens_24-02\" alt=\"Prof. Dr. Neddens\" loading=\"lazy\" \/>\t\t\t\t\t\t\t\t\t\t\t\t\t\t\t<\/div>\n\t\t\t\t<\/div>\n\t\t\t\t<div class=\"elementor-element elementor-element-3eb8737 elementor-widget elementor-widget-text-editor\" data-id=\"3eb8737\" data-element_type=\"widget\" data-e-type=\"widget\" data-widget_type=\"text-editor.default\">\n\t\t\t\t<div class=\"elementor-widget-container\">\n\t\t\t\t\t\t\t\t\t<p style=\"text-align: center;\"><em>Prof. Dr. <\/em><strong><em><br \/>Christian Neddens<\/em><\/strong><br \/><em>(Dyrektor naukowy)<\/em><\/p><h5 style=\"text-align: center;\"><em>eMail: <\/em><a href=\"mailto:neddens@luther-akademie.de\">neddens@luther-akademie.de<\/a><\/h5>\t\t\t\t\t\t\t\t<\/div>\n\t\t\t\t<\/div>\n\t\t\t\t<\/div>\n\t\t\t\t<\/div>\n\t\t<div class=\"elementor-element elementor-element-c0bf37d e-flex e-con-boxed e-con e-parent\" data-id=\"c0bf37d\" data-element_type=\"container\" data-e-type=\"container\">\n\t\t\t\t\t<div class=\"e-con-inner\">\n\t\t\t\t<div class=\"elementor-element elementor-element-3096ed0 elementor-widget elementor-widget-spacer\" data-id=\"3096ed0\" data-element_type=\"widget\" data-e-type=\"widget\" data-widget_type=\"spacer.default\">\n\t\t\t\t<div class=\"elementor-widget-container\">\n\t\t\t\t\t\t\t<div class=\"elementor-spacer\">\n\t\t\t<div class=\"elementor-spacer-inner\"><\/div>\n\t\t<\/div>\n\t\t\t\t\t\t<\/div>\n\t\t\t\t<\/div>\n\t\t\t\t\t<\/div>\n\t\t\t\t<\/div>\n\t\t<div class=\"elementor-element elementor-element-cd0a8c3 e-flex e-con-boxed e-con e-parent\" data-id=\"cd0a8c3\" data-element_type=\"container\" data-e-type=\"container\">\n\t\t\t\t\t<div class=\"e-con-inner\">\n\t\t\t\t<div class=\"elementor-element elementor-element-b331f4c elementor-widget__width-initial elementor-widget elementor-widget-text-editor\" data-id=\"b331f4c\" data-element_type=\"widget\" data-e-type=\"widget\" data-widget_type=\"text-editor.default\">\n\t\t\t\t<div class=\"elementor-widget-container\">\n\t\t\t\t\t\t\t\t\t<p>\u00a0<strong>Inni cz\u0142onkowie Zarz\u0105du<\/strong><\/p><p>Prof. Dr. <strong>Christine Svinth-V\u00e6rge P\u00f5der<\/strong>, Kopenhagen<\/p><p>Prof. Dr. <strong>Tobias Jammerthal<\/strong>, MA (Dunelm.), Z\u00fcrich<\/p><p>Propst i.R. Dr. <strong>Hans Mikosch<\/strong>, Gera<\/p><p>Prof. Dr. <strong>Johannes Schwanke<\/strong>, T\u00fcbingen und Basel<\/p>\t\t\t\t\t\t\t\t<\/div>\n\t\t\t\t<\/div>\n\t\t\t\t\t<\/div>\n\t\t\t\t<\/div>\n\t\t<div class=\"elementor-element elementor-element-9fe842e e-flex e-con-boxed e-con e-parent\" data-id=\"9fe842e\" data-element_type=\"container\" data-e-type=\"container\">\n\t\t\t\t\t<div class=\"e-con-inner\">\n\t\t\t\t<div class=\"elementor-element elementor-element-c94c0c8 elementor-widget elementor-widget-spacer\" data-id=\"c94c0c8\" data-element_type=\"widget\" data-e-type=\"widget\" data-widget_type=\"spacer.default\">\n\t\t\t\t<div class=\"elementor-widget-container\">\n\t\t\t\t\t\t\t<div class=\"elementor-spacer\">\n\t\t\t<div class=\"elementor-spacer-inner\"><\/div>\n\t\t<\/div>\n\t\t\t\t\t\t<\/div>\n\t\t\t\t<\/div>\n\t\t\t\t\t<\/div>\n\t\t\t\t<\/div>\n\t\t\t\t<\/div>\n\t\t","protected":false},"excerpt":{"rendered":"<p>Zarz\u0105d przedstawia si\u0119<\/p>\n","protected":false},"author":1,"featured_media":5737,"parent":6236,"menu_order":0,"comment_status":"closed","ping_status":"closed","template":"","meta":{"footnotes":""},"class_list":["post-6389","page","type-page","status-publish","has-post-thumbnail","hentry"],"aioseo_notices":[],"jetpack_sharing_enabled":true,"jetpack-related-posts":[{"id":6299,"url":"https:\/\/luther-akademie.de\/pl\/akademie\/verein\/","url_meta":{"origin":6389,"position":0},"title":"Verein | Stowarzyszenie","author":"Thomas M\u00fcller","date":"26. stycznia 2025","format":false,"excerpt":"Dzia\u0142alno\u015b\u0107 Akademii Lutra finansowana jest przez Stowarzyszenie Akademii Lutra Sondershausen-Ratzeburg z siedzib\u0105 w Ratzenburgu. Do Stowarzyszenia nale\u017cy oko\u0142o 240 cz\u0142onk\u00f3w.","rel":"","context":"Podobny wpis","block_context":{"text":"Podobny wpis","link":""},"img":{"alt_text":"","src":"https:\/\/i0.wp.com\/luther-akademie.de\/wp-content\/uploads\/2024\/12\/20190228_Abenmahl-Foto-Hannegreth-Grundmann-scaled.webp?resize=350%2C200&ssl=1","width":350,"height":200,"srcset":"https:\/\/i0.wp.com\/luther-akademie.de\/wp-content\/uploads\/2024\/12\/20190228_Abenmahl-Foto-Hannegreth-Grundmann-scaled.webp?resize=350%2C200&ssl=1 1x, https:\/\/i0.wp.com\/luther-akademie.de\/wp-content\/uploads\/2024\/12\/20190228_Abenmahl-Foto-Hannegreth-Grundmann-scaled.webp?resize=525%2C300&ssl=1 1.5x, https:\/\/i0.wp.com\/luther-akademie.de\/wp-content\/uploads\/2024\/12\/20190228_Abenmahl-Foto-Hannegreth-Grundmann-scaled.webp?resize=700%2C400&ssl=1 2x, https:\/\/i0.wp.com\/luther-akademie.de\/wp-content\/uploads\/2024\/12\/20190228_Abenmahl-Foto-Hannegreth-Grundmann-scaled.webp?resize=1050%2C600&ssl=1 3x"},"classes":[]},{"id":6320,"url":"https:\/\/luther-akademie.de\/da\/akademie\/vorstand\/","url_meta":{"origin":6389,"position":1},"title":"Vorstand | Bestyrelsen","author":"Thomas M\u00fcller","date":"17. grudnia 2024","format":false,"excerpt":"Bestyrelsen pr\u00e6senterer sig selv...","rel":"","context":"Podobny wpis","block_context":{"text":"Podobny wpis","link":""},"img":{"alt_text":"Landesbischof emeritus Dr. h.c. Frank Otfried July","src":"https:\/\/i0.wp.com\/luther-akademie.de\/wp-content\/uploads\/2024\/12\/july.webp?resize=350%2C200&ssl=1","width":350,"height":200},"classes":[]},{"id":789,"url":"https:\/\/luther-akademie.de\/akademie\/vorstand\/","url_meta":{"origin":6389,"position":2},"title":"Vorstand","author":"Thomas M\u00fcller","date":"17. grudnia 2024","format":false,"excerpt":"Der Vorstand stellt sich vor...","rel":"","context":"Podobny wpis","block_context":{"text":"Podobny wpis","link":""},"img":{"alt_text":"Landesbischof emeritus Dr. h.c. Frank Otfried July","src":"https:\/\/i0.wp.com\/luther-akademie.de\/wp-content\/uploads\/2024\/12\/july.webp?resize=350%2C200&ssl=1","width":350,"height":200},"classes":[]},{"id":6432,"url":"https:\/\/luther-akademie.de\/da\/akademie\/kuratorium\/","url_meta":{"origin":6389,"position":3},"title":"Kuratorium (da)","author":"Thomas M\u00fcller","date":"17. grudnia 2024","format":false,"excerpt":"...foreningens bestyrelse pr\u00e6senterer sig....","rel":"","context":"Podobny wpis","block_context":{"text":"Podobny wpis","link":""},"img":{"alt_text":"Das Kuratorium tagt","src":"https:\/\/i0.wp.com\/luther-akademie.de\/wp-content\/uploads\/2024\/12\/P9232219-scaled.webp?resize=350%2C200&ssl=1","width":350,"height":200,"srcset":"https:\/\/i0.wp.com\/luther-akademie.de\/wp-content\/uploads\/2024\/12\/P9232219-scaled.webp?resize=350%2C200&ssl=1 1x, https:\/\/i0.wp.com\/luther-akademie.de\/wp-content\/uploads\/2024\/12\/P9232219-scaled.webp?resize=525%2C300&ssl=1 1.5x, https:\/\/i0.wp.com\/luther-akademie.de\/wp-content\/uploads\/2024\/12\/P9232219-scaled.webp?resize=700%2C400&ssl=1 2x, https:\/\/i0.wp.com\/luther-akademie.de\/wp-content\/uploads\/2024\/12\/P9232219-scaled.webp?resize=1050%2C600&ssl=1 3x, https:\/\/i0.wp.com\/luther-akademie.de\/wp-content\/uploads\/2024\/12\/P9232219-scaled.webp?resize=1400%2C800&ssl=1 4x"},"classes":[]},{"id":768,"url":"https:\/\/luther-akademie.de\/akademie\/kuratorium\/","url_meta":{"origin":6389,"position":4},"title":"Kuratorium","author":"Thomas M\u00fcller","date":"17. grudnia 2024","format":false,"excerpt":"...das Kuratorium stellt sich vor....","rel":"","context":"Podobny wpis","block_context":{"text":"Podobny wpis","link":""},"img":{"alt_text":"Das Kuratorium tagt","src":"https:\/\/i0.wp.com\/luther-akademie.de\/wp-content\/uploads\/2024\/12\/P9232219-scaled.webp?resize=350%2C200&ssl=1","width":350,"height":200,"srcset":"https:\/\/i0.wp.com\/luther-akademie.de\/wp-content\/uploads\/2024\/12\/P9232219-scaled.webp?resize=350%2C200&ssl=1 1x, https:\/\/i0.wp.com\/luther-akademie.de\/wp-content\/uploads\/2024\/12\/P9232219-scaled.webp?resize=525%2C300&ssl=1 1.5x, https:\/\/i0.wp.com\/luther-akademie.de\/wp-content\/uploads\/2024\/12\/P9232219-scaled.webp?resize=700%2C400&ssl=1 2x, https:\/\/i0.wp.com\/luther-akademie.de\/wp-content\/uploads\/2024\/12\/P9232219-scaled.webp?resize=1050%2C600&ssl=1 3x, https:\/\/i0.wp.com\/luther-akademie.de\/wp-content\/uploads\/2024\/12\/P9232219-scaled.webp?resize=1400%2C800&ssl=1 4x"},"classes":[]},{"id":6433,"url":"https:\/\/luther-akademie.de\/pl\/akademie\/kuratorium\/","url_meta":{"origin":6389,"position":5},"title":"Kuratorium | Rada Powiernicza","author":"Thomas M\u00fcller","date":"17. grudnia 2024","format":false,"excerpt":"...Rada Powiernicza przedstawia si\u0119....","rel":"","context":"Podobny wpis","block_context":{"text":"Podobny wpis","link":""},"img":{"alt_text":"Das Kuratorium tagt","src":"https:\/\/i0.wp.com\/luther-akademie.de\/wp-content\/uploads\/2024\/12\/P9232219-scaled.webp?resize=350%2C200&ssl=1","width":350,"height":200,"srcset":"https:\/\/i0.wp.com\/luther-akademie.de\/wp-content\/uploads\/2024\/12\/P9232219-scaled.webp?resize=350%2C200&ssl=1 1x, https:\/\/i0.wp.com\/luther-akademie.de\/wp-content\/uploads\/2024\/12\/P9232219-scaled.webp?resize=525%2C300&ssl=1 1.5x, https:\/\/i0.wp.com\/luther-akademie.de\/wp-content\/uploads\/2024\/12\/P9232219-scaled.webp?resize=700%2C400&ssl=1 2x, https:\/\/i0.wp.com\/luther-akademie.de\/wp-content\/uploads\/2024\/12\/P9232219-scaled.webp?resize=1050%2C600&ssl=1 3x, https:\/\/i0.wp.com\/luther-akademie.de\/wp-content\/uploads\/2024\/12\/P9232219-scaled.webp?resize=1400%2C800&ssl=1 4x"},"classes":[]}],"_links":{"self":[{"href":"https:\/\/luther-akademie.de\/pl\/wp-json\/wp\/v2\/pages\/6389","targetHints":{"allow":["GET"]}}],"collection":[{"href":"https:\/\/luther-akademie.de\/pl\/wp-json\/wp\/v2\/pages"}],"about":[{"href":"https:\/\/luther-akademie.de\/pl\/wp-json\/wp\/v2\/types\/page"}],"author":[{"embeddable":true,"href":"https:\/\/luther-akademie.de\/pl\/wp-json\/wp\/v2\/users\/1"}],"replies":[{"embeddable":true,"href":"https:\/\/luther-akademie.de\/pl\/wp-json\/wp\/v2\/comments?post=6389"}],"version-history":[{"count":14,"href":"https:\/\/luther-akademie.de\/pl\/wp-json\/wp\/v2\/pages\/6389\/revisions"}],"predecessor-version":[{"id":6695,"href":"https:\/\/luther-akademie.de\/pl\/wp-json\/wp\/v2\/pages\/6389\/revisions\/6695"}],"up":[{"embeddable":true,"href":"https:\/\/luther-akademie.de\/pl\/wp-json\/wp\/v2\/pages\/6236"}],"wp:featuredmedia":[{"embeddable":true,"href":"https:\/\/luther-akademie.de\/pl\/wp-json\/wp\/v2\/media\/5737"}],"wp:attachment":[{"href":"https:\/\/luther-akademie.de\/pl\/wp-json\/wp\/v2\/media?parent=6389"}],"curies":[{"name":"wp","href":"https:\/\/api.w.org\/{rel}","templated":true}]}}