{"id":6299,"date":"2025-01-26T19:24:07","date_gmt":"2025-01-26T18:24:07","guid":{"rendered":"https:\/\/luther-akademie.de\/akademie-3\/verein\/"},"modified":"2025-02-25T21:05:24","modified_gmt":"2025-02-25T20:05:24","slug":"verein","status":"publish","type":"page","link":"https:\/\/luther-akademie.de\/pl\/akademie\/verein\/","title":{"rendered":"Verein | Stowarzyszenie"},"content":{"rendered":"\t\t<div data-elementor-type=\"wp-page\" data-elementor-id=\"6299\" class=\"elementor elementor-6299\" data-elementor-post-type=\"page\">\n\t\t\t\t<div class=\"elementor-element elementor-element-7a652f7 e-con-full e-flex e-con e-parent\" data-id=\"7a652f7\" data-element_type=\"container\" data-e-type=\"container\" data-settings=\"{&quot;background_background&quot;:&quot;classic&quot;}\">\n\t\t\t\t<div class=\"elementor-element elementor-element-a0e750b elementor-skin-coverflow elementor-widget elementor-widget-media-carousel\" data-id=\"a0e750b\" data-element_type=\"widget\" data-e-type=\"widget\" data-settings=\"{&quot;skin&quot;:&quot;coverflow&quot;,&quot;speed&quot;:500,&quot;autoplay&quot;:&quot;yes&quot;,&quot;autoplay_speed&quot;:5000,&quot;loop&quot;:&quot;yes&quot;,&quot;pause_on_hover&quot;:&quot;yes&quot;,&quot;pause_on_interaction&quot;:&quot;yes&quot;,&quot;space_between&quot;:{&quot;unit&quot;:&quot;px&quot;,&quot;size&quot;:10,&quot;sizes&quot;:[]},&quot;space_between_tablet&quot;:{&quot;unit&quot;:&quot;px&quot;,&quot;size&quot;:10,&quot;sizes&quot;:[]},&quot;space_between_mobile&quot;:{&quot;unit&quot;:&quot;px&quot;,&quot;size&quot;:10,&quot;sizes&quot;:[]}}\" data-widget_type=\"media-carousel.default\">\n\t\t\t\t<div class=\"elementor-widget-container\">\n\t\t\t\t\t\t\t\t\t<div class=\"elementor-swiper\">\n\t\t\t\t\t<div class=\"elementor-main-swiper swiper\" role=\"region\" aria-roledescription=\"carousel\" aria-label=\"Slides\">\n\t\t\t\t<div class=\"swiper-wrapper\">\n\t\t\t\t\t\t\t\t\t\t\t<div class=\"swiper-slide\" role=\"group\" aria-roledescription=\"slide\">\n\t\t\t\t\t\t\t\t\t<div class=\"elementor-carousel-image\" role=\"img\" aria-label=\"20190228_Abenmahl-Foto-Hannegreth Grundmann\" style=\"background-image: url(&#039;https:\/\/luther-akademie.de\/wp-content\/uploads\/2024\/12\/20190228_Abenmahl-Foto-Hannegreth-Grundmann-scaled.webp&#039;)\">\n\n\t\t\t\n\t\t\t\t\t<\/div>\n\t\t\t\t\t\t\t\t<\/div>\n\t\t\t\t\t\t\t\t\t\t\t<div class=\"swiper-slide\" role=\"group\" aria-roledescription=\"slide\">\n\t\t\t\t\t\t\t\t\t<div class=\"elementor-carousel-image\" role=\"img\" aria-label=\"luther-woerlitz\" style=\"background-image: url(&#039;https:\/\/luther-akademie.de\/wp-content\/uploads\/2024\/12\/luther-woerlitz.webp&#039;)\">\n\n\t\t\t\n\t\t\t\t\t<\/div>\n\t\t\t\t\t\t\t\t<\/div>\n\t\t\t\t\t\t\t\t\t\t\t<div class=\"swiper-slide\" role=\"group\" aria-roledescription=\"slide\">\n\t\t\t\t\t\t\t\t\t<div class=\"elementor-carousel-image\" role=\"img\" aria-label=\"Lutherakademie Wittenberg 4.-06.10 2021 (402)\" style=\"background-image: url(&#039;https:\/\/luther-akademie.de\/wp-content\/uploads\/2024\/12\/Lutherakademie-Wittenberg-4.-06.10-2021-402-scaled.webp&#039;)\">\n\n\t\t\t\n\t\t\t\t\t<\/div>\n\t\t\t\t\t\t\t\t<\/div>\n\t\t\t\t\t\t\t\t\t\t\t<div class=\"swiper-slide\" role=\"group\" aria-roledescription=\"slide\">\n\t\t\t\t\t\t\t\t\t<div class=\"elementor-carousel-image\" role=\"img\" aria-label=\"Lutherakademie Wittenberg 4.-06.10 2021 (481)\" style=\"background-image: url(&#039;https:\/\/luther-akademie.de\/wp-content\/uploads\/2025\/01\/Lutherakademie-Wittenberg-4.-06.10-2021-481-scaled.jpg&#039;)\">\n\n\t\t\t\n\t\t\t\t\t<\/div>\n\t\t\t\t\t\t\t\t<\/div>\n\t\t\t\t\t\t\t\t\t\t\t<div class=\"swiper-slide\" role=\"group\" aria-roledescription=\"slide\">\n\t\t\t\t\t\t\t\t\t<div class=\"elementor-carousel-image\" role=\"img\" aria-label=\"Lutherakademie Wittenberg 4.-06.10 2021 (395)\" style=\"background-image: url(&#039;https:\/\/luther-akademie.de\/wp-content\/uploads\/2025\/01\/Lutherakademie-Wittenberg-4.-06.10-2021-395-scaled-e1737112471186.jpg&#039;)\">\n\n\t\t\t\n\t\t\t\t\t<\/div>\n\t\t\t\t\t\t\t\t<\/div>\n\t\t\t\t\t\t\t\t\t\t\t<div class=\"swiper-slide\" role=\"group\" aria-roledescription=\"slide\">\n\t\t\t\t\t\t\t\t\t<div class=\"elementor-carousel-image\" role=\"img\" aria-label=\"Luther-Akademie_FA_Bd\" style=\"background-image: url(&#039;https:\/\/luther-akademie.de\/wp-content\/uploads\/2025\/02\/Luther-Akademie_FA_Bd.jpg&#039;)\">\n\n\t\t\t\n\t\t\t\t\t<\/div>\n\t\t\t\t\t\t\t\t<\/div>\n\t\t\t\t\t\t\t\t\t\t\t<div class=\"swiper-slide\" role=\"group\" aria-roledescription=\"slide\">\n\t\t\t\t\t\t\t\t\t<div class=\"elementor-carousel-image\" role=\"img\" aria-label=\"Lutherkirche\" style=\"background-image: url(&#039;https:\/\/luther-akademie.de\/wp-content\/uploads\/2025\/01\/Lutherakademie-Wittenberg-4.-06.10-2021-393-scaled.jpg&#039;)\">\n\n\t\t\t\n\t\t\t\t\t<\/div>\n\t\t\t\t\t\t\t\t<\/div>\n\t\t\t\t\t\t\t\t\t<\/div>\n\t\t\t\t\t\t\t\t\t\t\t\t\t\t\t\t\t\t\t\t\t<\/div>\n\t\t\t\t<\/div>\n\t\t\t\t\t\t\t\t<\/div>\n\t\t\t\t<\/div>\n\t\t\t\t<\/div>\n\t\t<div class=\"elementor-element elementor-element-b702f22 e-flex e-con-boxed e-con e-parent\" data-id=\"b702f22\" data-element_type=\"container\" data-e-type=\"container\">\n\t\t\t\t\t<div class=\"e-con-inner\">\n\t\t\t\t<div class=\"elementor-element elementor-element-1d5cee1 elementor-widget elementor-widget-spacer\" data-id=\"1d5cee1\" data-element_type=\"widget\" data-e-type=\"widget\" data-widget_type=\"spacer.default\">\n\t\t\t\t<div class=\"elementor-widget-container\">\n\t\t\t\t\t\t\t<div class=\"elementor-spacer\">\n\t\t\t<div class=\"elementor-spacer-inner\"><\/div>\n\t\t<\/div>\n\t\t\t\t\t\t<\/div>\n\t\t\t\t<\/div>\n\t\t\t\t\t<\/div>\n\t\t\t\t<\/div>\n\t\t<div class=\"elementor-element elementor-element-c3e09f4 e-con-full e-flex e-con e-parent\" data-id=\"c3e09f4\" data-element_type=\"container\" data-e-type=\"container\">\n\t\t\t\t<div class=\"elementor-element elementor-element-61c1d74 elementor-widget elementor-widget-text-editor\" data-id=\"61c1d74\" data-element_type=\"widget\" data-e-type=\"widget\" data-widget_type=\"text-editor.default\">\n\t\t\t\t<div class=\"elementor-widget-container\">\n\t\t\t\t\t\t\t\t\t<h1>Stowarzyszenie<\/h1><p>Dzia\u0142alno\u015b\u0107 Akademii Lutra finansowana jest przez Stowarzyszenie Akademii Lutra Sondershausen-Ratzeburg z siedzib\u0105 w Ratzenburgu. Do Stowarzyszenia nale\u017cy oko\u0142o 240 cz\u0142onk\u00f3w.<\/p><p>Organami statutowymi Stowarzyszenia s\u0105: walne zebranie cz\u0142onk\u00f3w, zarz\u0105d oraz komisja rewizyjna. Stowarzyszeniu przewodnicz\u0105 prezes oraz zast\u0119puj\u0105cy go wiceprezes. Przewodnicz\u0105cy komisji rewizyjnej pe\u0142ni jednocze\u015bnie funkcj\u0119 kierownika naukowego Akademii.<\/p><p>Dzia\u0142alno\u015b\u0107 Stowarzyszenia finansowana jest\u00a0 ze sk\u0142adek cz\u0142onkowskich, dotacji ko\u015bcielnych i parafialnych, darowizn oraz przydzia\u0142\u00f3w Ratzeburskiej Fundacji Akademii Lutra. Stowarzyszenie jest uznane za organizacj\u0119 s\u0142u\u017c\u0105c\u0105 dobru powszechnemu.<\/p><p>Cz\u0142onkiem Stowarzyszenia mo\u017ce by\u0107 ka\u017cda osoba fizyczna lub prawna, kt\u00f3rej bliskie s\u0105 cele Akademii Lutra Sondershausen-Ratzeburg i kt\u00f3ra chce wspiera\u0107 jej dzia\u0142alno\u015b\u0107. Minimalna sk\u0142adka cz\u0142onkowska wynosi obecnie 45 \u20ac (dla student\u00f3w 12 \u20ac) rocznie.<\/p><p>Osoby zainteresowane mog\u0105 pobra\u0107 nast\u0119puj\u0105ce dokumenty w formacie PDF:<\/p><p style=\"padding-left: 40px;\">* <a href=\"https:\/\/luther-akademie.de\/wp-content\/uploads\/2024\/12\/Satzung_der_Luther-Akademie-Ratzeburg-Stiftung-2010.pdf\" target=\"_blank\" rel=\"noopener\"><span style=\"text-decoration: underline;\"><strong><em>Statut <\/em><\/strong><\/span><\/a> \u00a0 |\u00a0 *\u00a0<a href=\"https:\/\/luther-akademie.de\/wp-content\/uploads\/2025\/02\/Mitgliedschaftserklaerung-2.pdf\" target=\"_blank\" rel=\"noopener\"><span style=\"text-decoration: underline;\"><em><strong>Wniosek o cz\u0142onkostwo<\/strong> <\/em><\/span><\/a><\/p>\t\t\t\t\t\t\t\t<\/div>\n\t\t\t\t<\/div>\n\t\t\t\t<\/div>\n\t\t\t\t<\/div>\n\t\t","protected":false},"excerpt":{"rendered":"<p>Dzia\u0142alno\u015b\u0107 Akademii Lutra finansowana jest przez Stowarzyszenie Akademii Lutra Sondershausen-Ratzeburg z siedzib\u0105 w Ratzenburgu. Do Stowarzyszenia nale\u017cy oko\u0142o 240 cz\u0142onk\u00f3w.<\/p>\n","protected":false},"author":1,"featured_media":5887,"parent":6236,"menu_order":0,"comment_status":"closed","ping_status":"closed","template":"","meta":{"footnotes":""},"class_list":["post-6299","page","type-page","status-publish","has-post-thumbnail","hentry"],"aioseo_notices":[],"jetpack_sharing_enabled":true,"jetpack-related-posts":[{"id":6259,"url":"https:\/\/luther-akademie.de\/pl\/akademie\/geschichte\/","url_meta":{"origin":6299,"position":0},"title":"Geschichte | Historia","author":"Thomas M\u00fcller","date":"17. grudnia 2024","format":false,"excerpt":"Badania naukowe- spotkania - duchowo\u015b\u0107 Jesieni\u0105 2003 roku z po\u0142\u0105czenia dw\u00f3ch stowarzysze\u0144: Akademii Lutra w Sondershausen (Turyngia) oraz Akademii Lutra w Ratzeburgu (Szlezwik-Holsztyn) powsta\u0142o jedno stowarzyszenie zarejestrowane pod nazw\u0105 Akademia Lutra Sondershausen-Ratzeburg z siedzib\u0105 w Ratzeburgu.","rel":"","context":"Podobny wpis","block_context":{"text":"Podobny wpis","link":""},"img":{"alt_text":"","src":"https:\/\/i0.wp.com\/luther-akademie.de\/wp-content\/uploads\/2025\/02\/Geschichte_2-1-scaled.jpg?resize=350%2C200&ssl=1","width":350,"height":200,"srcset":"https:\/\/i0.wp.com\/luther-akademie.de\/wp-content\/uploads\/2025\/02\/Geschichte_2-1-scaled.jpg?resize=350%2C200&ssl=1 1x, https:\/\/i0.wp.com\/luther-akademie.de\/wp-content\/uploads\/2025\/02\/Geschichte_2-1-scaled.jpg?resize=525%2C300&ssl=1 1.5x, https:\/\/i0.wp.com\/luther-akademie.de\/wp-content\/uploads\/2025\/02\/Geschichte_2-1-scaled.jpg?resize=700%2C400&ssl=1 2x, https:\/\/i0.wp.com\/luther-akademie.de\/wp-content\/uploads\/2025\/02\/Geschichte_2-1-scaled.jpg?resize=1050%2C600&ssl=1 3x, https:\/\/i0.wp.com\/luther-akademie.de\/wp-content\/uploads\/2025\/02\/Geschichte_2-1-scaled.jpg?resize=1400%2C800&ssl=1 4x"},"classes":[]},{"id":6236,"url":"https:\/\/luther-akademie.de\/pl\/akademie\/","url_meta":{"origin":6299,"position":1},"title":"Informacje o Akademii Lutra","author":"Thomas M\u00fcller","date":"3. grudnia 2024","format":false,"excerpt":"Akademia Lutra zajmuje si\u0119 teologi\u0105 Marcina Lutra w kontek\u015bcie wsp\u00f3\u0142czesnych przemian w teologii, Ko\u015bciele i w spo\u0142ecze\u0144stwie.","rel":"","context":"Podobny wpis","block_context":{"text":"Podobny wpis","link":""},"img":{"alt_text":"Das Kuratorium tagt","src":"https:\/\/i0.wp.com\/luther-akademie.de\/wp-content\/uploads\/2024\/12\/P9232219-scaled.webp?resize=350%2C200&ssl=1","width":350,"height":200,"srcset":"https:\/\/i0.wp.com\/luther-akademie.de\/wp-content\/uploads\/2024\/12\/P9232219-scaled.webp?resize=350%2C200&ssl=1 1x, https:\/\/i0.wp.com\/luther-akademie.de\/wp-content\/uploads\/2024\/12\/P9232219-scaled.webp?resize=525%2C300&ssl=1 1.5x, https:\/\/i0.wp.com\/luther-akademie.de\/wp-content\/uploads\/2024\/12\/P9232219-scaled.webp?resize=700%2C400&ssl=1 2x, https:\/\/i0.wp.com\/luther-akademie.de\/wp-content\/uploads\/2024\/12\/P9232219-scaled.webp?resize=1050%2C600&ssl=1 3x, https:\/\/i0.wp.com\/luther-akademie.de\/wp-content\/uploads\/2024\/12\/P9232219-scaled.webp?resize=1400%2C800&ssl=1 4x"},"classes":[]},{"id":6224,"url":"https:\/\/luther-akademie.de\/pl\/","url_meta":{"origin":6299,"position":2},"title":"Willkommen | Witamy","author":"Thomas M\u00fcller","date":"1. grudnia 2024","format":false,"excerpt":"Akademia Lutra jest przestrzeni\u0105 spotkania ludzi z r\u00f3\u017cnych kraj\u00f3w i Ko\u015bcio\u0142\u00f3w, a tak\u017ce teolog\u00f3w, przedstawicieli innych dziedzin nauki, specjalist\u00f3w oraz wszystkich zainteresowanych, aby wsp\u00f3lnie pracowa\u0107 i rozwa\u017ca\u0107 prawdy wiary.","rel":"","context":"Podobny wpis","block_context":{"text":"Podobny wpis","link":""},"img":{"alt_text":"","src":"","width":0,"height":0},"classes":[]},{"id":6592,"url":"https:\/\/luther-akademie.de\/pl\/impressum\/datenschutz\/","url_meta":{"origin":6299,"position":3},"title":"Datenschutz | Prywatno\u015b\u0107","author":"Thomas M\u00fcller","date":"31. grudnia 2024","format":false,"excerpt":"Prywatno\u015b\u0107 - informacje i powiadomieniaPrzedmowa: Nie ma powodu do paniki, ale pow\u00f3d do dzia\u0142aniaAkademia Lutra chcia\u0142aby nadal informowa\u0107 o swoich dzia\u0142aniach i zaprasza\u0107 na inspiruj\u0105ce i edukacyjne wydarzenia teologiczne. Dzi\u0119kujemy za zaufanie, ci\u0105g\u0142e zainteresowanie i wsparcie naszej pracy.Ochrona Twoich danych osobowych podczas przetwarzania przy okazji wizyty na naszej stronie g\u0142\u00f3wnej\u2026","rel":"","context":"Podobny wpis","block_context":{"text":"Podobny wpis","link":""},"img":{"alt_text":"","src":"","width":0,"height":0},"classes":[]},{"id":6276,"url":"https:\/\/luther-akademie.de\/pl\/akademie\/stiftung\/","url_meta":{"origin":6299,"position":4},"title":"Ratzeburska Fundacja Akademii Lutra","author":"Thomas M\u00fcller","date":"18. grudnia 2024","format":false,"excerpt":"Ratzeburska Fundacja Akademii Lutra istnieje od 1999 roku. Jej za\u0142o\u017cyciel prof. dr dr Joachim Heubach by\u0142 do roku 1991 m.in. biskupem Ewangelicko-Lutera\u0144skiego Ko\u015bcio\u0142a Krajowego w Schaumburg-Lippe.","rel":"","context":"Podobny wpis","block_context":{"text":"Podobny wpis","link":""},"img":{"alt_text":"","src":"https:\/\/i0.wp.com\/luther-akademie.de\/wp-content\/uploads\/2024\/12\/20190228_Abenmahl-Foto-Hannegreth-Grundmann-scaled.webp?resize=350%2C200&ssl=1","width":350,"height":200,"srcset":"https:\/\/i0.wp.com\/luther-akademie.de\/wp-content\/uploads\/2024\/12\/20190228_Abenmahl-Foto-Hannegreth-Grundmann-scaled.webp?resize=350%2C200&ssl=1 1x, https:\/\/i0.wp.com\/luther-akademie.de\/wp-content\/uploads\/2024\/12\/20190228_Abenmahl-Foto-Hannegreth-Grundmann-scaled.webp?resize=525%2C300&ssl=1 1.5x, https:\/\/i0.wp.com\/luther-akademie.de\/wp-content\/uploads\/2024\/12\/20190228_Abenmahl-Foto-Hannegreth-Grundmann-scaled.webp?resize=700%2C400&ssl=1 2x, https:\/\/i0.wp.com\/luther-akademie.de\/wp-content\/uploads\/2024\/12\/20190228_Abenmahl-Foto-Hannegreth-Grundmann-scaled.webp?resize=1050%2C600&ssl=1 3x"},"classes":[]},{"id":6608,"url":"https:\/\/luther-akademie.de\/pl\/impressum\/datenschutzordnung\/","url_meta":{"origin":6299,"position":5},"title":"Datenschutzordnung | Polityka prywatno\u015bci","author":"Thomas M\u00fcller","date":"31. grudnia 2024","format":false,"excerpt":"Polityka prywatno\u015bciPreambu\u0142a\u00a7 1 Og\u00f3lnie\u00a7 2 Przetwarzanie danych osobowych cz\u0142onk\u00f3w\u00a7 3 Przetwarzanie danych w kontek\u015bcie public relations\u00a7 4 Odpowiedzialno\u015b\u0107 za przetwarzanie danych \u00a7 5 Wykorzystywanie i udost\u0119pnianie danych i list cz\u0142onk\u00f3w\u00a7 6 Komunikacja drog\u0105 e-mailow\u0105\u00a7 7 Zobowi\u0105zanie do zachowania poufno\u015bci\u00a7 8 Tworzenie i utrzymywanie stron internetowych\u00a7 9 Uprawnienia do przetwarzania tylko\u2026","rel":"","context":"Podobny wpis","block_context":{"text":"Podobny wpis","link":""},"img":{"alt_text":"","src":"","width":0,"height":0},"classes":[]}],"_links":{"self":[{"href":"https:\/\/luther-akademie.de\/pl\/wp-json\/wp\/v2\/pages\/6299","targetHints":{"allow":["GET"]}}],"collection":[{"href":"https:\/\/luther-akademie.de\/pl\/wp-json\/wp\/v2\/pages"}],"about":[{"href":"https:\/\/luther-akademie.de\/pl\/wp-json\/wp\/v2\/types\/page"}],"author":[{"embeddable":true,"href":"https:\/\/luther-akademie.de\/pl\/wp-json\/wp\/v2\/users\/1"}],"replies":[{"embeddable":true,"href":"https:\/\/luther-akademie.de\/pl\/wp-json\/wp\/v2\/comments?post=6299"}],"version-history":[{"count":5,"href":"https:\/\/luther-akademie.de\/pl\/wp-json\/wp\/v2\/pages\/6299\/revisions"}],"predecessor-version":[{"id":7182,"href":"https:\/\/luther-akademie.de\/pl\/wp-json\/wp\/v2\/pages\/6299\/revisions\/7182"}],"up":[{"embeddable":true,"href":"https:\/\/luther-akademie.de\/pl\/wp-json\/wp\/v2\/pages\/6236"}],"wp:featuredmedia":[{"embeddable":true,"href":"https:\/\/luther-akademie.de\/pl\/wp-json\/wp\/v2\/media\/5887"}],"wp:attachment":[{"href":"https:\/\/luther-akademie.de\/pl\/wp-json\/wp\/v2\/media?parent=6299"}],"curies":[{"name":"wp","href":"https:\/\/api.w.org\/{rel}","templated":true}]}}