{"id":6259,"date":"2024-12-17T15:16:51","date_gmt":"2024-12-17T14:16:51","guid":{"rendered":"https:\/\/luther-akademie.de\/akademie-3\/geschichte\/"},"modified":"2025-02-25T12:41:08","modified_gmt":"2025-02-25T11:41:08","slug":"geschichte","status":"publish","type":"page","link":"https:\/\/luther-akademie.de\/pl\/akademie\/geschichte\/","title":{"rendered":"Geschichte | Historia"},"content":{"rendered":"\t\t<div data-elementor-type=\"wp-page\" data-elementor-id=\"6259\" class=\"elementor elementor-6259\" data-elementor-post-type=\"page\">\n\t\t\t\t<div class=\"elementor-element elementor-element-7a652f7 e-con-full e-flex e-con e-parent\" data-id=\"7a652f7\" data-element_type=\"container\" data-e-type=\"container\" data-settings=\"{&quot;background_background&quot;:&quot;classic&quot;}\">\n\t\t\t\t<div class=\"elementor-element elementor-element-a0e750b elementor-skin-coverflow elementor-widget__width-initial elementor-widget elementor-widget-media-carousel\" data-id=\"a0e750b\" data-element_type=\"widget\" data-e-type=\"widget\" data-settings=\"{&quot;skin&quot;:&quot;coverflow&quot;,&quot;space_between&quot;:{&quot;unit&quot;:&quot;px&quot;,&quot;size&quot;:5,&quot;sizes&quot;:[]},&quot;speed&quot;:500,&quot;autoplay&quot;:&quot;yes&quot;,&quot;autoplay_speed&quot;:5000,&quot;loop&quot;:&quot;yes&quot;,&quot;pause_on_hover&quot;:&quot;yes&quot;,&quot;pause_on_interaction&quot;:&quot;yes&quot;,&quot;space_between_tablet&quot;:{&quot;unit&quot;:&quot;px&quot;,&quot;size&quot;:10,&quot;sizes&quot;:[]},&quot;space_between_mobile&quot;:{&quot;unit&quot;:&quot;px&quot;,&quot;size&quot;:10,&quot;sizes&quot;:[]}}\" data-widget_type=\"media-carousel.default\">\n\t\t\t\t<div class=\"elementor-widget-container\">\n\t\t\t\t\t\t\t\t\t<div class=\"elementor-swiper\">\n\t\t\t\t\t<div class=\"elementor-main-swiper swiper\" role=\"region\" aria-roledescription=\"carousel\" aria-label=\"Slides\">\n\t\t\t\t<div class=\"swiper-wrapper\">\n\t\t\t\t\t\t\t\t\t\t\t<div class=\"swiper-slide\" role=\"group\" aria-roledescription=\"slide\">\n\t\t\t\t\t\t\t\t\t<div class=\"elementor-carousel-image\" role=\"img\" aria-label=\"20190228_Abenmahl-Foto-Hannegreth Grundmann\" style=\"background-image: url(&#039;https:\/\/luther-akademie.de\/wp-content\/uploads\/2024\/12\/20190228_Abenmahl-Foto-Hannegreth-Grundmann-scaled.webp&#039;)\">\n\n\t\t\t\n\t\t\t\t\t<\/div>\n\t\t\t\t\t\t\t\t<\/div>\n\t\t\t\t\t\t\t\t\t\t\t<div class=\"swiper-slide\" role=\"group\" aria-roledescription=\"slide\">\n\t\t\t\t\t\t\t\t\t<div class=\"elementor-carousel-image\" role=\"img\" aria-label=\"Luther-Akademie_FA_Bd\" style=\"background-image: url(&#039;https:\/\/luther-akademie.de\/wp-content\/uploads\/2025\/02\/Luther-Akademie_FA_Bd.jpg&#039;)\">\n\n\t\t\t\n\t\t\t\t\t<\/div>\n\t\t\t\t\t\t\t\t<\/div>\n\t\t\t\t\t\t\t\t\t\t\t<div class=\"swiper-slide\" role=\"group\" aria-roledescription=\"slide\">\n\t\t\t\t\t\t\t\t\t<div class=\"elementor-carousel-image\" role=\"img\" aria-label=\"Lutherakademie Wittenberg 4.-06.10 2021 (402)\" style=\"background-image: url(&#039;https:\/\/luther-akademie.de\/wp-content\/uploads\/2024\/12\/Lutherakademie-Wittenberg-4.-06.10-2021-402-scaled.webp&#039;)\">\n\n\t\t\t\n\t\t\t\t\t<\/div>\n\t\t\t\t\t\t\t\t<\/div>\n\t\t\t\t\t\t\t\t\t\t\t<div class=\"swiper-slide\" role=\"group\" aria-roledescription=\"slide\">\n\t\t\t\t\t\t\t\t\t<div class=\"elementor-carousel-image\" role=\"img\" aria-label=\"Lutherakademie Wittenberg 4.-06.10 2021 (481)\" style=\"background-image: url(&#039;https:\/\/luther-akademie.de\/wp-content\/uploads\/2025\/01\/Lutherakademie-Wittenberg-4.-06.10-2021-481-scaled.jpg&#039;)\">\n\n\t\t\t\n\t\t\t\t\t<\/div>\n\t\t\t\t\t\t\t\t<\/div>\n\t\t\t\t\t\t\t\t\t\t\t<div class=\"swiper-slide\" role=\"group\" aria-roledescription=\"slide\">\n\t\t\t\t\t\t\t\t\t<div class=\"elementor-carousel-image\" role=\"img\" aria-label=\"Lutherakademie Wittenberg 4.-06.10 2021 (395)\" style=\"background-image: url(&#039;https:\/\/luther-akademie.de\/wp-content\/uploads\/2025\/01\/Lutherakademie-Wittenberg-4.-06.10-2021-395-scaled-e1737112471186.jpg&#039;)\">\n\n\t\t\t\n\t\t\t\t\t<\/div>\n\t\t\t\t\t\t\t\t<\/div>\n\t\t\t\t\t\t\t\t\t\t\t<div class=\"swiper-slide\" role=\"group\" aria-roledescription=\"slide\">\n\t\t\t\t\t\t\t\t\t<div class=\"elementor-carousel-image\" role=\"img\" aria-label=\"Lutherkirche\" style=\"background-image: url(&#039;https:\/\/luther-akademie.de\/wp-content\/uploads\/2025\/01\/Lutherakademie-Wittenberg-4.-06.10-2021-393-scaled.jpg&#039;)\">\n\n\t\t\t\n\t\t\t\t\t<\/div>\n\t\t\t\t\t\t\t\t<\/div>\n\t\t\t\t\t\t\t\t\t<\/div>\n\t\t\t\t\t\t\t\t\t\t\t\t\t\t\t\t\t\t\t\t\t<\/div>\n\t\t\t\t<\/div>\n\t\t\t\t\t\t\t\t<\/div>\n\t\t\t\t<\/div>\n\t\t\t\t<\/div>\n\t\t<div class=\"elementor-element elementor-element-b702f22 e-flex e-con-boxed e-con e-parent\" data-id=\"b702f22\" data-element_type=\"container\" data-e-type=\"container\">\n\t\t\t\t\t<div class=\"e-con-inner\">\n\t\t\t\t<div class=\"elementor-element elementor-element-1d5cee1 elementor-widget elementor-widget-spacer\" data-id=\"1d5cee1\" data-element_type=\"widget\" data-e-type=\"widget\" data-widget_type=\"spacer.default\">\n\t\t\t\t<div class=\"elementor-widget-container\">\n\t\t\t\t\t\t\t<div class=\"elementor-spacer\">\n\t\t\t<div class=\"elementor-spacer-inner\"><\/div>\n\t\t<\/div>\n\t\t\t\t\t\t<\/div>\n\t\t\t\t<\/div>\n\t\t\t\t\t<\/div>\n\t\t\t\t<\/div>\n\t\t<div class=\"elementor-element elementor-element-7620418e e-con-full e-flex e-con e-parent\" data-id=\"7620418e\" data-element_type=\"container\" data-e-type=\"container\">\n\t\t\t\t<div class=\"elementor-element elementor-element-554cf642 elementor-widget elementor-widget-text-editor\" data-id=\"554cf642\" data-element_type=\"widget\" data-e-type=\"widget\" data-widget_type=\"text-editor.default\">\n\t\t\t\t<div class=\"elementor-widget-container\">\n\t\t\t\t\t\t\t\t\t<h1>Historia<\/h1><div class=\"contentbereich-text\"><p><strong>Badania naukowe- spotkania &#8211; duchowo\u015b\u0107 <\/strong><\/p>Jesieni\u0105 2003 roku z po\u0142\u0105czenia dw\u00f3ch stowarzysze\u0144: Akademii Lutra w\u00a0 Sondershausen (Turyngia) oraz Akademii Lutra w Ratzeburgu (Szlezwik-Holsztyn) powsta\u0142o jedno stowarzyszenie zarejestrowane pod nazw\u0105 Akademia Lutra Sondershausen-Ratzeburg z siedzib\u0105 w Ratzeburgu. <br \/><p>Akademia Lutra w Sondershausen zosta\u0142a za\u0142o\u017cona w 1932 roku i by\u0142a zakorzeniona w apologetycznej tradycji lat dwudziestych XX wieku.<\/p><p>Akademii Lutra w Ratzeburgu zosta\u0142a za\u0142o\u017cona w 1975 roku w Ratzeburgu, a jej powstanie stanowi\u0142o owoc zjazd\u00f3w niemiecko-skandynawskich teolog\u00f3w.<\/p><p>Obie akademie by\u0142y instytucjonalnie i teologicznie zwi\u0105zane z lutera\u0144sk\u0105 reformacj\u0105, dla obu akademii istotna by\u0142a wsp\u00f3\u0142praca i kontakty z nordyckimi Ko\u015bcio\u0142ami i teologami, obie akademie postrzega\u0142y tak\u017ce swoj\u0105 dzia\u0142alno\u015b\u0107 w kontek\u015bcie ekumenicznej odpowiedzialno\u015bci.<\/p><hr \/><\/div>\t\t\t\t\t\t\t\t<\/div>\n\t\t\t\t<\/div>\n\t\t\t\t<\/div>\n\t\t\t\t<\/div>\n\t\t","protected":false},"excerpt":{"rendered":"<p>Badania naukowe- spotkania &#8211; duchowo\u015b\u0107<br \/>\nJesieni\u0105 2003 roku z po\u0142\u0105czenia dw\u00f3ch stowarzysze\u0144: Akademii Lutra w  Sondershausen (Turyngia) oraz Akademii Lutra w Ratzeburgu (Szlezwik-Holsztyn) powsta\u0142o jedno stowarzyszenie zarejestrowane pod nazw\u0105 Akademia Lutra Sondershausen-Ratzeburg z siedzib\u0105 w Ratzeburgu. <\/p>\n","protected":false},"author":10,"featured_media":6105,"parent":6236,"menu_order":0,"comment_status":"closed","ping_status":"closed","template":"","meta":{"footnotes":""},"class_list":["post-6259","page","type-page","status-publish","has-post-thumbnail","hentry"],"aioseo_notices":[],"jetpack_sharing_enabled":true,"jetpack-related-posts":[{"id":6236,"url":"https:\/\/luther-akademie.de\/pl\/akademie\/","url_meta":{"origin":6259,"position":0},"title":"Informacje o Akademii Lutra","author":"Thomas M\u00fcller","date":"3. grudnia 2024","format":false,"excerpt":"Akademia Lutra zajmuje si\u0119 teologi\u0105 Marcina Lutra w kontek\u015bcie wsp\u00f3\u0142czesnych przemian w teologii, Ko\u015bciele i w spo\u0142ecze\u0144stwie.","rel":"","context":"Podobny wpis","block_context":{"text":"Podobny wpis","link":""},"img":{"alt_text":"Das Kuratorium tagt","src":"https:\/\/i0.wp.com\/luther-akademie.de\/wp-content\/uploads\/2024\/12\/P9232219-scaled.webp?resize=350%2C200&ssl=1","width":350,"height":200,"srcset":"https:\/\/i0.wp.com\/luther-akademie.de\/wp-content\/uploads\/2024\/12\/P9232219-scaled.webp?resize=350%2C200&ssl=1 1x, https:\/\/i0.wp.com\/luther-akademie.de\/wp-content\/uploads\/2024\/12\/P9232219-scaled.webp?resize=525%2C300&ssl=1 1.5x, https:\/\/i0.wp.com\/luther-akademie.de\/wp-content\/uploads\/2024\/12\/P9232219-scaled.webp?resize=700%2C400&ssl=1 2x, https:\/\/i0.wp.com\/luther-akademie.de\/wp-content\/uploads\/2024\/12\/P9232219-scaled.webp?resize=1050%2C600&ssl=1 3x, https:\/\/i0.wp.com\/luther-akademie.de\/wp-content\/uploads\/2024\/12\/P9232219-scaled.webp?resize=1400%2C800&ssl=1 4x"},"classes":[]},{"id":6276,"url":"https:\/\/luther-akademie.de\/pl\/akademie\/stiftung\/","url_meta":{"origin":6259,"position":1},"title":"Ratzeburska Fundacja Akademii Lutra","author":"Thomas M\u00fcller","date":"18. grudnia 2024","format":false,"excerpt":"Ratzeburska Fundacja Akademii Lutra istnieje od 1999 roku. Jej za\u0142o\u017cyciel prof. dr dr Joachim Heubach by\u0142 do roku 1991 m.in. biskupem Ewangelicko-Lutera\u0144skiego Ko\u015bcio\u0142a Krajowego w Schaumburg-Lippe.","rel":"","context":"Podobny wpis","block_context":{"text":"Podobny wpis","link":""},"img":{"alt_text":"","src":"https:\/\/i0.wp.com\/luther-akademie.de\/wp-content\/uploads\/2024\/12\/20190228_Abenmahl-Foto-Hannegreth-Grundmann-scaled.webp?resize=350%2C200&ssl=1","width":350,"height":200,"srcset":"https:\/\/i0.wp.com\/luther-akademie.de\/wp-content\/uploads\/2024\/12\/20190228_Abenmahl-Foto-Hannegreth-Grundmann-scaled.webp?resize=350%2C200&ssl=1 1x, https:\/\/i0.wp.com\/luther-akademie.de\/wp-content\/uploads\/2024\/12\/20190228_Abenmahl-Foto-Hannegreth-Grundmann-scaled.webp?resize=525%2C300&ssl=1 1.5x, https:\/\/i0.wp.com\/luther-akademie.de\/wp-content\/uploads\/2024\/12\/20190228_Abenmahl-Foto-Hannegreth-Grundmann-scaled.webp?resize=700%2C400&ssl=1 2x, https:\/\/i0.wp.com\/luther-akademie.de\/wp-content\/uploads\/2024\/12\/20190228_Abenmahl-Foto-Hannegreth-Grundmann-scaled.webp?resize=1050%2C600&ssl=1 3x"},"classes":[]},{"id":6299,"url":"https:\/\/luther-akademie.de\/pl\/akademie\/verein\/","url_meta":{"origin":6259,"position":2},"title":"Verein | Stowarzyszenie","author":"Thomas M\u00fcller","date":"26. stycznia 2025","format":false,"excerpt":"Dzia\u0142alno\u015b\u0107 Akademii Lutra finansowana jest przez Stowarzyszenie Akademii Lutra Sondershausen-Ratzeburg z siedzib\u0105 w Ratzenburgu. Do Stowarzyszenia nale\u017cy oko\u0142o 240 cz\u0142onk\u00f3w.","rel":"","context":"Podobny wpis","block_context":{"text":"Podobny wpis","link":""},"img":{"alt_text":"","src":"https:\/\/i0.wp.com\/luther-akademie.de\/wp-content\/uploads\/2024\/12\/20190228_Abenmahl-Foto-Hannegreth-Grundmann-scaled.webp?resize=350%2C200&ssl=1","width":350,"height":200,"srcset":"https:\/\/i0.wp.com\/luther-akademie.de\/wp-content\/uploads\/2024\/12\/20190228_Abenmahl-Foto-Hannegreth-Grundmann-scaled.webp?resize=350%2C200&ssl=1 1x, https:\/\/i0.wp.com\/luther-akademie.de\/wp-content\/uploads\/2024\/12\/20190228_Abenmahl-Foto-Hannegreth-Grundmann-scaled.webp?resize=525%2C300&ssl=1 1.5x, https:\/\/i0.wp.com\/luther-akademie.de\/wp-content\/uploads\/2024\/12\/20190228_Abenmahl-Foto-Hannegreth-Grundmann-scaled.webp?resize=700%2C400&ssl=1 2x, https:\/\/i0.wp.com\/luther-akademie.de\/wp-content\/uploads\/2024\/12\/20190228_Abenmahl-Foto-Hannegreth-Grundmann-scaled.webp?resize=1050%2C600&ssl=1 3x"},"classes":[]},{"id":6460,"url":"https:\/\/luther-akademie.de\/pl\/tagungen\/","url_meta":{"origin":6259,"position":3},"title":"Tagungen | Konferencje","author":"Thomas M\u00fcller","date":"20. grudnia 2024","format":false,"excerpt":"Akademia Lutera\u0144ska Sondershausen-Ratzeburg organizuje warsztaty, konferencje, seminaria dla student\u00f3w teologii","rel":"","context":"Podobny wpis","block_context":{"text":"Podobny wpis","link":""},"img":{"alt_text":"","src":"https:\/\/i0.wp.com\/luther-akademie.de\/wp-content\/uploads\/2024\/12\/Lutherakademie-Wittenberg-4.-06.10-2021-368-scaled.webp?resize=350%2C200&ssl=1","width":350,"height":200,"srcset":"https:\/\/i0.wp.com\/luther-akademie.de\/wp-content\/uploads\/2024\/12\/Lutherakademie-Wittenberg-4.-06.10-2021-368-scaled.webp?resize=350%2C200&ssl=1 1x, https:\/\/i0.wp.com\/luther-akademie.de\/wp-content\/uploads\/2024\/12\/Lutherakademie-Wittenberg-4.-06.10-2021-368-scaled.webp?resize=525%2C300&ssl=1 1.5x, https:\/\/i0.wp.com\/luther-akademie.de\/wp-content\/uploads\/2024\/12\/Lutherakademie-Wittenberg-4.-06.10-2021-368-scaled.webp?resize=700%2C400&ssl=1 2x, https:\/\/i0.wp.com\/luther-akademie.de\/wp-content\/uploads\/2024\/12\/Lutherakademie-Wittenberg-4.-06.10-2021-368-scaled.webp?resize=1050%2C600&ssl=1 3x, https:\/\/i0.wp.com\/luther-akademie.de\/wp-content\/uploads\/2024\/12\/Lutherakademie-Wittenberg-4.-06.10-2021-368-scaled.webp?resize=1400%2C800&ssl=1 4x"},"classes":[]},{"id":6592,"url":"https:\/\/luther-akademie.de\/pl\/impressum\/datenschutz\/","url_meta":{"origin":6259,"position":4},"title":"Datenschutz | Prywatno\u015b\u0107","author":"Thomas M\u00fcller","date":"31. grudnia 2024","format":false,"excerpt":"Prywatno\u015b\u0107 - informacje i powiadomieniaPrzedmowa: Nie ma powodu do paniki, ale pow\u00f3d do dzia\u0142aniaAkademia Lutra chcia\u0142aby nadal informowa\u0107 o swoich dzia\u0142aniach i zaprasza\u0107 na inspiruj\u0105ce i edukacyjne wydarzenia teologiczne. Dzi\u0119kujemy za zaufanie, ci\u0105g\u0142e zainteresowanie i wsparcie naszej pracy.Ochrona Twoich danych osobowych podczas przetwarzania przy okazji wizyty na naszej stronie g\u0142\u00f3wnej\u2026","rel":"","context":"Podobny wpis","block_context":{"text":"Podobny wpis","link":""},"img":{"alt_text":"","src":"","width":0,"height":0},"classes":[]},{"id":7514,"url":"https:\/\/luther-akademie.de\/pl\/foerderpreis\/foerderpreis-2018\/","url_meta":{"origin":6259,"position":5},"title":"F\u00f6rderpreis 2018 \/ Nagroda za badania lutera\u0144skie 2018","author":"Thomas M\u00fcller","date":"29. listopada 2024","format":false,"excerpt":"Nagroda za badania lutera\u0144skie 2018Rado\u015b\u0107 jury oraz laureat\u00f3w podczas ceremonii wr\u0119czenia nagr\u00f3d.Od lewej do prawej: Prof. Oswald Bayer, Prof. Bo Holm (z ty\u0142u), Biskup Frank Otfried July, trzej laureaci: Lorenz Opitz, Helge Preising, Maximilian Rosin, z ty\u0142u: pastor Winfried Krause.Zdj\u0119cie: Hannegreth Grundmann\u00a0Ceremonia wr\u0119czenia nagr\u00f3d za badania lutera\u0144skie przyznane przez Akademi\u0119\u2026","rel":"","context":"Podobny wpis","block_context":{"text":"Podobny wpis","link":""},"img":{"alt_text":"","src":"https:\/\/i0.wp.com\/luther-akademie.de\/wp-content\/uploads\/2024\/12\/ratzeburg2018_2-1.webp?resize=350%2C200&ssl=1","width":350,"height":200,"srcset":"https:\/\/i0.wp.com\/luther-akademie.de\/wp-content\/uploads\/2024\/12\/ratzeburg2018_2-1.webp?resize=350%2C200&ssl=1 1x, https:\/\/i0.wp.com\/luther-akademie.de\/wp-content\/uploads\/2024\/12\/ratzeburg2018_2-1.webp?resize=525%2C300&ssl=1 1.5x, https:\/\/i0.wp.com\/luther-akademie.de\/wp-content\/uploads\/2024\/12\/ratzeburg2018_2-1.webp?resize=700%2C400&ssl=1 2x"},"classes":[]}],"_links":{"self":[{"href":"https:\/\/luther-akademie.de\/pl\/wp-json\/wp\/v2\/pages\/6259","targetHints":{"allow":["GET"]}}],"collection":[{"href":"https:\/\/luther-akademie.de\/pl\/wp-json\/wp\/v2\/pages"}],"about":[{"href":"https:\/\/luther-akademie.de\/pl\/wp-json\/wp\/v2\/types\/page"}],"author":[{"embeddable":true,"href":"https:\/\/luther-akademie.de\/pl\/wp-json\/wp\/v2\/users\/10"}],"replies":[{"embeddable":true,"href":"https:\/\/luther-akademie.de\/pl\/wp-json\/wp\/v2\/comments?post=6259"}],"version-history":[{"count":4,"href":"https:\/\/luther-akademie.de\/pl\/wp-json\/wp\/v2\/pages\/6259\/revisions"}],"predecessor-version":[{"id":6703,"href":"https:\/\/luther-akademie.de\/pl\/wp-json\/wp\/v2\/pages\/6259\/revisions\/6703"}],"up":[{"embeddable":true,"href":"https:\/\/luther-akademie.de\/pl\/wp-json\/wp\/v2\/pages\/6236"}],"wp:featuredmedia":[{"embeddable":true,"href":"https:\/\/luther-akademie.de\/pl\/wp-json\/wp\/v2\/media\/6105"}],"wp:attachment":[{"href":"https:\/\/luther-akademie.de\/pl\/wp-json\/wp\/v2\/media?parent=6259"}],"curies":[{"name":"wp","href":"https:\/\/api.w.org\/{rel}","templated":true}]}}