{"id":6629,"date":"2024-12-31T12:14:48","date_gmt":"2024-12-31T11:14:48","guid":{"rendered":"https:\/\/luther-akademie.de\/impressum\/"},"modified":"2025-02-24T22:02:01","modified_gmt":"2025-02-24T21:02:01","slug":"impressum","status":"publish","type":"page","link":"https:\/\/luther-akademie.de\/da\/impressum\/","title":{"rendered":"Impressum"},"content":{"rendered":"\t\t<div data-elementor-type=\"wp-page\" data-elementor-id=\"6629\" class=\"elementor elementor-6629\" data-elementor-post-type=\"page\">\n\t\t\t\t<div class=\"elementor-element elementor-element-7620418e e-con-full e-flex e-con e-parent\" data-id=\"7620418e\" data-element_type=\"container\" data-e-type=\"container\">\n\t\t\t\t<div class=\"elementor-element elementor-element-554cf642 elementor-widget elementor-widget-text-editor\" data-id=\"554cf642\" data-element_type=\"widget\" data-e-type=\"widget\" data-widget_type=\"text-editor.default\">\n\t\t\t\t<div class=\"elementor-widget-container\">\n\t\t\t\t\t\t\t\t\t<h1>Kontakt \/ Impressum<\/h1><div class=\"contentbereich-text\"><p>Luther-Akademie Sondershausen-Ratzeburg e.V.<br \/>att. Dr. Rainer Rausch <br \/>Waldstra\u00dfe 48<br \/>23996 Bad Kleinen<\/p><p>E-Mail:\u00a0 buero@luther-akademie.de<\/p><p>Mobil: +49(0)173 62 62 488<br \/>Ansvarshavende redaktion\u00a0(ogs\u00e5 presseansvarlig)<br \/>Luther-Akademie Sondershausen-Ratzeburg e.V.<br \/>Dr. Rainer Rausch<\/p><p>H\u00e6ftelse:<br \/>Selv med omhyggelig kontrol af indholdet h\u00e6fter vi ikke for indholdet af eksterne links. Indholdet af de linkede sider er udbyderen alene ansvarlig for.<br \/>V\u00e6r ogs\u00e5 opm\u00e6rksom p\u00e5 vores databeskyttelseserkl\u00e6ring<\/p><hr \/><p>Lutherbilledet:<br \/>af Lucas Cranach den yngre. Med tilladelse fra<br \/><em><strong><a href=\"http:\/\/www.lucascranach.org\/digitalarchive.php\" target=\"_blank\" rel=\"noopener\">Cranach Digital Archive.<\/a><\/strong><\/em><br \/>Den originale triptykon findes i Sct. Petri Kirche W\u00f6rlitz.<\/p><hr \/><p>Webdesign:<br \/>Thomas Mueller (Tapir-Anwendungen)<br \/>Ops\u00e6tning, r\u00e5dgivning, indholdsm\u00e6ssige rettelser.<\/p><\/div>\t\t\t\t\t\t\t\t<\/div>\n\t\t\t\t<\/div>\n\t\t\t\t<\/div>\n\t\t\t\t<\/div>\n\t\t","protected":false},"excerpt":{"rendered":"<p>Kontakt \/ Impressum Luther-Akademie Sondershausen-Ratzeburg e.V.att. Dr. Rainer Rausch Waldstra\u00dfe 4823996 Bad Kleinen E-Mail:\u00a0 buero@luther-akademie.de Mobil: +49(0)173 62 62 488Ansvarshavende redaktion\u00a0(ogs\u00e5 presseansvarlig)Luther-Akademie Sondershausen-Ratzeburg e.V.Dr. Rainer&hellip;<\/p>\n","protected":false},"author":1,"featured_media":0,"parent":0,"menu_order":0,"comment_status":"closed","ping_status":"closed","template":"","meta":{"footnotes":""},"class_list":["post-6629","page","type-page","status-publish","hentry"],"aioseo_notices":[],"jetpack_sharing_enabled":true,"jetpack-related-posts":[{"id":6298,"url":"https:\/\/luther-akademie.de\/da\/akademie\/verein\/","url_meta":{"origin":6629,"position":0},"title":"Verein | Foreningen","author":"Thomas M\u00fcller","date":"26. januar 2025","format":false,"excerpt":"I dag udf\u00f8res Lutherakademiets arbejde af foreningen Luther-Akademie Sondershausen-Ratzeburg e. V. med base i Ratzeburg. Foreningen har omkring 240 medlemmer.","rel":"","context":"Similar post","block_context":{"text":"Similar post","link":""},"img":{"alt_text":"","src":"https:\/\/i0.wp.com\/luther-akademie.de\/wp-content\/uploads\/2024\/12\/20190228_Abenmahl-Foto-Hannegreth-Grundmann-scaled.webp?resize=350%2C200&ssl=1","width":350,"height":200,"srcset":"https:\/\/i0.wp.com\/luther-akademie.de\/wp-content\/uploads\/2024\/12\/20190228_Abenmahl-Foto-Hannegreth-Grundmann-scaled.webp?resize=350%2C200&ssl=1 1x, https:\/\/i0.wp.com\/luther-akademie.de\/wp-content\/uploads\/2024\/12\/20190228_Abenmahl-Foto-Hannegreth-Grundmann-scaled.webp?resize=525%2C300&ssl=1 1.5x, https:\/\/i0.wp.com\/luther-akademie.de\/wp-content\/uploads\/2024\/12\/20190228_Abenmahl-Foto-Hannegreth-Grundmann-scaled.webp?resize=700%2C400&ssl=1 2x, https:\/\/i0.wp.com\/luther-akademie.de\/wp-content\/uploads\/2024\/12\/20190228_Abenmahl-Foto-Hannegreth-Grundmann-scaled.webp?resize=1050%2C600&ssl=1 3x"},"classes":[]},{"id":6235,"url":"https:\/\/luther-akademie.de\/da\/akademie\/","url_meta":{"origin":6629,"position":1},"title":"Aufgaben der Luther-Akademie | Information","author":"Thomas M\u00fcller","date":"3. december 2024","format":false,"excerpt":"Lutherakademiet besk\u00e6ftiger sig med Luthers teologi i lyset af den aktuelle udvikling inden for teologi, kirke og samfund.","rel":"","context":"Similar post","block_context":{"text":"Similar post","link":""},"img":{"alt_text":"Das Kuratorium tagt","src":"https:\/\/i0.wp.com\/luther-akademie.de\/wp-content\/uploads\/2024\/12\/P9232219-scaled.webp?resize=350%2C200&ssl=1","width":350,"height":200,"srcset":"https:\/\/i0.wp.com\/luther-akademie.de\/wp-content\/uploads\/2024\/12\/P9232219-scaled.webp?resize=350%2C200&ssl=1 1x, https:\/\/i0.wp.com\/luther-akademie.de\/wp-content\/uploads\/2024\/12\/P9232219-scaled.webp?resize=525%2C300&ssl=1 1.5x, https:\/\/i0.wp.com\/luther-akademie.de\/wp-content\/uploads\/2024\/12\/P9232219-scaled.webp?resize=700%2C400&ssl=1 2x, https:\/\/i0.wp.com\/luther-akademie.de\/wp-content\/uploads\/2024\/12\/P9232219-scaled.webp?resize=1050%2C600&ssl=1 3x, https:\/\/i0.wp.com\/luther-akademie.de\/wp-content\/uploads\/2024\/12\/P9232219-scaled.webp?resize=1400%2C800&ssl=1 4x"},"classes":[]},{"id":6478,"url":"https:\/\/luther-akademie.de\/da\/foerderpreis\/","url_meta":{"origin":6629,"position":2},"title":"F\u00f6rderpreis | Studiepris","author":"Thomas M\u00fcller","date":"20. januar 2025","format":false,"excerpt":"Der kan indsendes artikler (seminaropgaver eller akademiske opgaver - p\u00e5 tysk), der er skrevet i l\u00f8bet af studiet, og som besk\u00e6ftiger sig med Luthers teologi ud fra et historisk, systematisk-teologisk eller praktisk-teologisk perspektiv.","rel":"","context":"Similar post","block_context":{"text":"Similar post","link":""},"img":{"alt_text":"","src":"https:\/\/i0.wp.com\/luther-akademie.de\/wp-content\/uploads\/2024\/12\/P9252383-scaled.webp?resize=350%2C200&ssl=1","width":350,"height":200,"srcset":"https:\/\/i0.wp.com\/luther-akademie.de\/wp-content\/uploads\/2024\/12\/P9252383-scaled.webp?resize=350%2C200&ssl=1 1x, https:\/\/i0.wp.com\/luther-akademie.de\/wp-content\/uploads\/2024\/12\/P9252383-scaled.webp?resize=525%2C300&ssl=1 1.5x, https:\/\/i0.wp.com\/luther-akademie.de\/wp-content\/uploads\/2024\/12\/P9252383-scaled.webp?resize=700%2C400&ssl=1 2x, https:\/\/i0.wp.com\/luther-akademie.de\/wp-content\/uploads\/2024\/12\/P9252383-scaled.webp?resize=1050%2C600&ssl=1 3x, https:\/\/i0.wp.com\/luther-akademie.de\/wp-content\/uploads\/2024\/12\/P9252383-scaled.webp?resize=1400%2C800&ssl=1 4x"},"classes":[]},{"id":6258,"url":"https:\/\/luther-akademie.de\/da\/akademie\/geschichte\/","url_meta":{"origin":6629,"position":3},"title":"Geschichte | Historie","author":"Thomas M\u00fcller","date":"17. december 2024","format":false,"excerpt":"Forskning - m\u00f8de - spiritualitet I efter\u00e5ret 2003 fusionerede foreningerne Luther-Akademie Sondershausen e. V. (Th\u00fcringen) og Luther-Akademie e. V. Ratzeburg (Slesvig-Holsten) til foreningen Luther-Akademie Sondershausen-Ratzeburg e. V. med hjemsted i Ratzeburg.","rel":"","context":"Similar post","block_context":{"text":"Similar post","link":""},"img":{"alt_text":"","src":"https:\/\/i0.wp.com\/luther-akademie.de\/wp-content\/uploads\/2025\/02\/Geschichte_2-1-scaled.jpg?resize=350%2C200&ssl=1","width":350,"height":200,"srcset":"https:\/\/i0.wp.com\/luther-akademie.de\/wp-content\/uploads\/2025\/02\/Geschichte_2-1-scaled.jpg?resize=350%2C200&ssl=1 1x, https:\/\/i0.wp.com\/luther-akademie.de\/wp-content\/uploads\/2025\/02\/Geschichte_2-1-scaled.jpg?resize=525%2C300&ssl=1 1.5x, https:\/\/i0.wp.com\/luther-akademie.de\/wp-content\/uploads\/2025\/02\/Geschichte_2-1-scaled.jpg?resize=700%2C400&ssl=1 2x, https:\/\/i0.wp.com\/luther-akademie.de\/wp-content\/uploads\/2025\/02\/Geschichte_2-1-scaled.jpg?resize=1050%2C600&ssl=1 3x, https:\/\/i0.wp.com\/luther-akademie.de\/wp-content\/uploads\/2025\/02\/Geschichte_2-1-scaled.jpg?resize=1400%2C800&ssl=1 4x"},"classes":[]},{"id":6275,"url":"https:\/\/luther-akademie.de\/da\/akademie\/stiftung\/","url_meta":{"origin":6629,"position":4},"title":"Stiftung | Stiftelsen","author":"Thomas M\u00fcller","date":"18. december 2024","format":false,"excerpt":"\u00bbLuther-Akademie-Ratzeburg-Stiftung\u00ab har eksisteret siden 1999, og dens grundl\u00e6gger, Prof. Dr. Joachim Heubach, var blandt andet regional biskop i den evangelisk-lutherske kirke i Schaumburg-Lippe indtil 1991.","rel":"","context":"Similar post","block_context":{"text":"Similar post","link":""},"img":{"alt_text":"","src":"https:\/\/i0.wp.com\/luther-akademie.de\/wp-content\/uploads\/2024\/12\/20190228_Abenmahl-Foto-Hannegreth-Grundmann-scaled.webp?resize=350%2C200&ssl=1","width":350,"height":200,"srcset":"https:\/\/i0.wp.com\/luther-akademie.de\/wp-content\/uploads\/2024\/12\/20190228_Abenmahl-Foto-Hannegreth-Grundmann-scaled.webp?resize=350%2C200&ssl=1 1x, https:\/\/i0.wp.com\/luther-akademie.de\/wp-content\/uploads\/2024\/12\/20190228_Abenmahl-Foto-Hannegreth-Grundmann-scaled.webp?resize=525%2C300&ssl=1 1.5x, https:\/\/i0.wp.com\/luther-akademie.de\/wp-content\/uploads\/2024\/12\/20190228_Abenmahl-Foto-Hannegreth-Grundmann-scaled.webp?resize=700%2C400&ssl=1 2x, https:\/\/i0.wp.com\/luther-akademie.de\/wp-content\/uploads\/2024\/12\/20190228_Abenmahl-Foto-Hannegreth-Grundmann-scaled.webp?resize=1050%2C600&ssl=1 3x"},"classes":[]},{"id":2049,"url":"https:\/\/luther-akademie.de\/impressum\/","url_meta":{"origin":6629,"position":5},"title":"Impressum","author":"Thomas M\u00fcller","date":"31. december 2024","format":false,"excerpt":"Kontakt \/ ImpressumLuther-Akademie Sondershausen-Ratzeburg e.V.Sitz: Ratzeburg\u00a0 (ehemals Dormitorium)Registergericht:Amtsgericht RatzeburgRegisternummer: VR 281 - BA 405Vertretungsberechtigter Vorstand:Landesbischof emeritus Dr. h.c. Frank Otfried July(E-Mail: praesident@luther-akademie.de)Luther-Akademie Sondershausen-Ratzeburg e.V.Zu H\u00e4nden von Dr. Rainer Rausch\u00a0 Waldstra\u00dfe 4823996 Bad KleinenE-Mail: buero@luther-akademie.deMobil: 0173 62 62 488Redaktionell verantwortlich (auch im Sinne der Presse)Luther-Akademie Sondershausen-Ratzeburg e.V.Dr. Rainer RauschHaftungshinweis:Trotz sorgf\u00e4ltiger inhaltlicher\u2026","rel":"","context":"Similar post","block_context":{"text":"Similar post","link":""},"img":{"alt_text":"","src":"","width":0,"height":0},"classes":[]}],"_links":{"self":[{"href":"https:\/\/luther-akademie.de\/da\/wp-json\/wp\/v2\/pages\/6629","targetHints":{"allow":["GET"]}}],"collection":[{"href":"https:\/\/luther-akademie.de\/da\/wp-json\/wp\/v2\/pages"}],"about":[{"href":"https:\/\/luther-akademie.de\/da\/wp-json\/wp\/v2\/types\/page"}],"author":[{"embeddable":true,"href":"https:\/\/luther-akademie.de\/da\/wp-json\/wp\/v2\/users\/1"}],"replies":[{"embeddable":true,"href":"https:\/\/luther-akademie.de\/da\/wp-json\/wp\/v2\/comments?post=6629"}],"version-history":[{"count":3,"href":"https:\/\/luther-akademie.de\/da\/wp-json\/wp\/v2\/pages\/6629\/revisions"}],"predecessor-version":[{"id":6698,"href":"https:\/\/luther-akademie.de\/da\/wp-json\/wp\/v2\/pages\/6629\/revisions\/6698"}],"wp:attachment":[{"href":"https:\/\/luther-akademie.de\/da\/wp-json\/wp\/v2\/media?parent=6629"}],"curies":[{"name":"wp","href":"https:\/\/api.w.org\/{rel}","templated":true}]}}