{"id":6478,"date":"2025-01-20T10:36:22","date_gmt":"2025-01-20T09:36:22","guid":{"rendered":"https:\/\/luther-akademie.de\/foerderpreis\/"},"modified":"2025-02-25T18:00:18","modified_gmt":"2025-02-25T17:00:18","slug":"foerderpreis","status":"publish","type":"page","link":"https:\/\/luther-akademie.de\/da\/foerderpreis\/","title":{"rendered":"F\u00f6rderpreis | Studiepris"},"content":{"rendered":"\t\t<div data-elementor-type=\"wp-page\" data-elementor-id=\"6478\" class=\"elementor elementor-6478\" data-elementor-post-type=\"page\">\n\t\t\t\t<div class=\"elementor-element elementor-element-e9c6b08 e-flex e-con-boxed e-con e-parent\" data-id=\"e9c6b08\" data-element_type=\"container\" data-e-type=\"container\">\n\t\t\t\t\t<div class=\"e-con-inner\">\n\t\t\t\t<div class=\"elementor-element elementor-element-17fb545 elementor-widget__width-initial elementor-widget elementor-widget-shortcode\" data-id=\"17fb545\" data-element_type=\"widget\" data-e-type=\"widget\" data-widget_type=\"shortcode.default\">\n\t\t\t\t<div class=\"elementor-widget-container\">\n\t\t\t\t\t\t\t<div class=\"elementor-shortcode\">  <\/div>\n\t\t\t\t\t\t<\/div>\n\t\t\t\t<\/div>\n\t\t\t\t\t<\/div>\n\t\t\t\t<\/div>\n\t\t<div class=\"elementor-element elementor-element-7620418e e-con-full e-flex e-con e-parent\" data-id=\"7620418e\" data-element_type=\"container\" data-e-type=\"container\">\n\t\t\t\t<div class=\"elementor-element elementor-element-554cf642 elementor-widget elementor-widget-text-editor\" data-id=\"554cf642\" data-element_type=\"widget\" data-e-type=\"widget\" data-widget_type=\"text-editor.default\">\n\t\t\t\t<div class=\"elementor-widget-container\">\n\t\t\t\t\t\t\t\t\t<h1>Studiepris<\/h1><div class=\"contentbereich-text\"><p><strong>Lutherakademiet Sondershausen-Ratzeburg uddeler hvert \u00e5r<\/strong><strong>:<\/strong><\/p><ul><li><strong><em>Studieprisen for Lutherforskning<\/em><\/strong><br \/><p>\u00a0<\/p><p>Der kan indsendes artikler (seminaropgaver eller akademiske opgaver &#8211; p\u00e5 tysk), der er skrevet i l\u00f8bet af studiet, og som besk\u00e6ftiger sig med Luthers teologi ud fra et historisk, systematisk-teologisk eller praktisk-teologisk perspektiv. Bidrag om andre reformatorer kan ogs\u00e5 komme i betragtning, forudsat at de kan relateres til Luther.<\/p><\/li><\/ul><\/div>\t\t\t\t\t\t\t\t<\/div>\n\t\t\t\t<\/div>\n\t\t\t\t<\/div>\n\t\t\t\t<\/div>\n\t\t","protected":false},"excerpt":{"rendered":"<p>Der kan indsendes artikler (seminaropgaver eller akademiske opgaver &#8211; p\u00e5 tysk), der er skrevet i l\u00f8bet af studiet, og som besk\u00e6ftiger sig med Luthers teologi ud fra et historisk, systematisk-teologisk eller praktisk-teologisk perspektiv. <\/p>\n","protected":false},"author":1,"featured_media":5766,"parent":0,"menu_order":0,"comment_status":"closed","ping_status":"closed","template":"","meta":{"footnotes":""},"class_list":["post-6478","page","type-page","status-publish","has-post-thumbnail","hentry"],"aioseo_notices":[],"jetpack_sharing_enabled":true,"jetpack-related-posts":[{"id":6235,"url":"https:\/\/luther-akademie.de\/da\/akademie\/","url_meta":{"origin":6478,"position":0},"title":"Aufgaben der Luther-Akademie | Information","author":"Thomas M\u00fcller","date":"3. december 2024","format":false,"excerpt":"Lutherakademiet besk\u00e6ftiger sig med Luthers teologi i lyset af den aktuelle udvikling inden for teologi, kirke og samfund.","rel":"","context":"Similar post","block_context":{"text":"Similar post","link":""},"img":{"alt_text":"Das Kuratorium tagt","src":"https:\/\/i0.wp.com\/luther-akademie.de\/wp-content\/uploads\/2024\/12\/P9232219-scaled.webp?resize=350%2C200&ssl=1","width":350,"height":200,"srcset":"https:\/\/i0.wp.com\/luther-akademie.de\/wp-content\/uploads\/2024\/12\/P9232219-scaled.webp?resize=350%2C200&ssl=1 1x, https:\/\/i0.wp.com\/luther-akademie.de\/wp-content\/uploads\/2024\/12\/P9232219-scaled.webp?resize=525%2C300&ssl=1 1.5x, https:\/\/i0.wp.com\/luther-akademie.de\/wp-content\/uploads\/2024\/12\/P9232219-scaled.webp?resize=700%2C400&ssl=1 2x, https:\/\/i0.wp.com\/luther-akademie.de\/wp-content\/uploads\/2024\/12\/P9232219-scaled.webp?resize=1050%2C600&ssl=1 3x, https:\/\/i0.wp.com\/luther-akademie.de\/wp-content\/uploads\/2024\/12\/P9232219-scaled.webp?resize=1400%2C800&ssl=1 4x"},"classes":[]},{"id":6208,"url":"https:\/\/luther-akademie.de\/da\/","url_meta":{"origin":6478,"position":1},"title":"Willkommen | Velkommen","author":"Thomas M\u00fcller","date":"1. december 2024","format":false,"excerpt":"Luther-akademiet samler mennesker fra forskellige lande og kirker, teologer og akademikere fra andre fagomr\u00e5der, eksperter og nysgerrige med henblik f\u00e6lles arbejde og refleksion. Teologisk st\u00e5r akademiet i den lutherske bekendelsestradition.","rel":"","context":"Similar post","block_context":{"text":"Similar post","link":""},"img":{"alt_text":"","src":"","width":0,"height":0},"classes":[]},{"id":6298,"url":"https:\/\/luther-akademie.de\/da\/akademie\/verein\/","url_meta":{"origin":6478,"position":2},"title":"Verein | Foreningen","author":"Thomas M\u00fcller","date":"26. januar 2025","format":false,"excerpt":"I dag udf\u00f8res Lutherakademiets arbejde af foreningen Luther-Akademie Sondershausen-Ratzeburg e. V. med base i Ratzeburg. Foreningen har omkring 240 medlemmer.","rel":"","context":"Similar post","block_context":{"text":"Similar post","link":""},"img":{"alt_text":"","src":"https:\/\/i0.wp.com\/luther-akademie.de\/wp-content\/uploads\/2024\/12\/20190228_Abenmahl-Foto-Hannegreth-Grundmann-scaled.webp?resize=350%2C200&ssl=1","width":350,"height":200,"srcset":"https:\/\/i0.wp.com\/luther-akademie.de\/wp-content\/uploads\/2024\/12\/20190228_Abenmahl-Foto-Hannegreth-Grundmann-scaled.webp?resize=350%2C200&ssl=1 1x, https:\/\/i0.wp.com\/luther-akademie.de\/wp-content\/uploads\/2024\/12\/20190228_Abenmahl-Foto-Hannegreth-Grundmann-scaled.webp?resize=525%2C300&ssl=1 1.5x, https:\/\/i0.wp.com\/luther-akademie.de\/wp-content\/uploads\/2024\/12\/20190228_Abenmahl-Foto-Hannegreth-Grundmann-scaled.webp?resize=700%2C400&ssl=1 2x, https:\/\/i0.wp.com\/luther-akademie.de\/wp-content\/uploads\/2024\/12\/20190228_Abenmahl-Foto-Hannegreth-Grundmann-scaled.webp?resize=1050%2C600&ssl=1 3x"},"classes":[]},{"id":6258,"url":"https:\/\/luther-akademie.de\/da\/akademie\/geschichte\/","url_meta":{"origin":6478,"position":3},"title":"Geschichte | Historie","author":"Thomas M\u00fcller","date":"17. december 2024","format":false,"excerpt":"Forskning - m\u00f8de - spiritualitet I efter\u00e5ret 2003 fusionerede foreningerne Luther-Akademie Sondershausen e. V. (Th\u00fcringen) og Luther-Akademie e. V. Ratzeburg (Slesvig-Holsten) til foreningen Luther-Akademie Sondershausen-Ratzeburg e. V. med hjemsted i Ratzeburg.","rel":"","context":"Similar post","block_context":{"text":"Similar post","link":""},"img":{"alt_text":"","src":"https:\/\/i0.wp.com\/luther-akademie.de\/wp-content\/uploads\/2025\/02\/Geschichte_2-1-scaled.jpg?resize=350%2C200&ssl=1","width":350,"height":200,"srcset":"https:\/\/i0.wp.com\/luther-akademie.de\/wp-content\/uploads\/2025\/02\/Geschichte_2-1-scaled.jpg?resize=350%2C200&ssl=1 1x, https:\/\/i0.wp.com\/luther-akademie.de\/wp-content\/uploads\/2025\/02\/Geschichte_2-1-scaled.jpg?resize=525%2C300&ssl=1 1.5x, https:\/\/i0.wp.com\/luther-akademie.de\/wp-content\/uploads\/2025\/02\/Geschichte_2-1-scaled.jpg?resize=700%2C400&ssl=1 2x, https:\/\/i0.wp.com\/luther-akademie.de\/wp-content\/uploads\/2025\/02\/Geschichte_2-1-scaled.jpg?resize=1050%2C600&ssl=1 3x, https:\/\/i0.wp.com\/luther-akademie.de\/wp-content\/uploads\/2025\/02\/Geschichte_2-1-scaled.jpg?resize=1400%2C800&ssl=1 4x"},"classes":[]},{"id":6275,"url":"https:\/\/luther-akademie.de\/da\/akademie\/stiftung\/","url_meta":{"origin":6478,"position":4},"title":"Stiftung | Stiftelsen","author":"Thomas M\u00fcller","date":"18. december 2024","format":false,"excerpt":"\u00bbLuther-Akademie-Ratzeburg-Stiftung\u00ab har eksisteret siden 1999, og dens grundl\u00e6gger, Prof. Dr. Joachim Heubach, var blandt andet regional biskop i den evangelisk-lutherske kirke i Schaumburg-Lippe indtil 1991.","rel":"","context":"Similar post","block_context":{"text":"Similar post","link":""},"img":{"alt_text":"","src":"https:\/\/i0.wp.com\/luther-akademie.de\/wp-content\/uploads\/2024\/12\/20190228_Abenmahl-Foto-Hannegreth-Grundmann-scaled.webp?resize=350%2C200&ssl=1","width":350,"height":200,"srcset":"https:\/\/i0.wp.com\/luther-akademie.de\/wp-content\/uploads\/2024\/12\/20190228_Abenmahl-Foto-Hannegreth-Grundmann-scaled.webp?resize=350%2C200&ssl=1 1x, https:\/\/i0.wp.com\/luther-akademie.de\/wp-content\/uploads\/2024\/12\/20190228_Abenmahl-Foto-Hannegreth-Grundmann-scaled.webp?resize=525%2C300&ssl=1 1.5x, https:\/\/i0.wp.com\/luther-akademie.de\/wp-content\/uploads\/2024\/12\/20190228_Abenmahl-Foto-Hannegreth-Grundmann-scaled.webp?resize=700%2C400&ssl=1 2x, https:\/\/i0.wp.com\/luther-akademie.de\/wp-content\/uploads\/2024\/12\/20190228_Abenmahl-Foto-Hannegreth-Grundmann-scaled.webp?resize=1050%2C600&ssl=1 3x"},"classes":[]},{"id":6459,"url":"https:\/\/luther-akademie.de\/da\/tagungen\/","url_meta":{"origin":6478,"position":5},"title":"Tagungen | Konferencer","author":"Thomas M\u00fcller","date":"20. december 2024","format":false,"excerpt":"Luther Academy Sondershausen-Ratzeburg arrangerer workshops, konferencer, seminarer for teologiske studerende","rel":"","context":"Similar post","block_context":{"text":"Similar post","link":""},"img":{"alt_text":"","src":"https:\/\/i0.wp.com\/luther-akademie.de\/wp-content\/uploads\/2024\/12\/Lutherakademie-Wittenberg-4.-06.10-2021-368-scaled.webp?resize=350%2C200&ssl=1","width":350,"height":200,"srcset":"https:\/\/i0.wp.com\/luther-akademie.de\/wp-content\/uploads\/2024\/12\/Lutherakademie-Wittenberg-4.-06.10-2021-368-scaled.webp?resize=350%2C200&ssl=1 1x, https:\/\/i0.wp.com\/luther-akademie.de\/wp-content\/uploads\/2024\/12\/Lutherakademie-Wittenberg-4.-06.10-2021-368-scaled.webp?resize=525%2C300&ssl=1 1.5x, https:\/\/i0.wp.com\/luther-akademie.de\/wp-content\/uploads\/2024\/12\/Lutherakademie-Wittenberg-4.-06.10-2021-368-scaled.webp?resize=700%2C400&ssl=1 2x, https:\/\/i0.wp.com\/luther-akademie.de\/wp-content\/uploads\/2024\/12\/Lutherakademie-Wittenberg-4.-06.10-2021-368-scaled.webp?resize=1050%2C600&ssl=1 3x, https:\/\/i0.wp.com\/luther-akademie.de\/wp-content\/uploads\/2024\/12\/Lutherakademie-Wittenberg-4.-06.10-2021-368-scaled.webp?resize=1400%2C800&ssl=1 4x"},"classes":[]}],"_links":{"self":[{"href":"https:\/\/luther-akademie.de\/da\/wp-json\/wp\/v2\/pages\/6478","targetHints":{"allow":["GET"]}}],"collection":[{"href":"https:\/\/luther-akademie.de\/da\/wp-json\/wp\/v2\/pages"}],"about":[{"href":"https:\/\/luther-akademie.de\/da\/wp-json\/wp\/v2\/types\/page"}],"author":[{"embeddable":true,"href":"https:\/\/luther-akademie.de\/da\/wp-json\/wp\/v2\/users\/1"}],"replies":[{"embeddable":true,"href":"https:\/\/luther-akademie.de\/da\/wp-json\/wp\/v2\/comments?post=6478"}],"version-history":[{"count":9,"href":"https:\/\/luther-akademie.de\/da\/wp-json\/wp\/v2\/pages\/6478\/revisions"}],"predecessor-version":[{"id":7137,"href":"https:\/\/luther-akademie.de\/da\/wp-json\/wp\/v2\/pages\/6478\/revisions\/7137"}],"wp:featuredmedia":[{"embeddable":true,"href":"https:\/\/luther-akademie.de\/da\/wp-json\/wp\/v2\/media\/5766"}],"wp:attachment":[{"href":"https:\/\/luther-akademie.de\/da\/wp-json\/wp\/v2\/media?parent=6478"}],"curies":[{"name":"wp","href":"https:\/\/api.w.org\/{rel}","templated":true}]}}