{"id":6459,"date":"2024-12-20T11:44:32","date_gmt":"2024-12-20T10:44:32","guid":{"rendered":"https:\/\/luther-akademie.de\/tagungen\/"},"modified":"2025-02-23T14:10:11","modified_gmt":"2025-02-23T13:10:11","slug":"tagungen","status":"publish","type":"page","link":"https:\/\/luther-akademie.de\/da\/tagungen\/","title":{"rendered":"Tagungen | Konferencer"},"content":{"rendered":"\t\t<div data-elementor-type=\"wp-page\" data-elementor-id=\"6459\" class=\"elementor elementor-6459\" data-elementor-post-type=\"page\">\n\t\t\t\t<div class=\"elementor-element elementor-element-3b5f66d e-con-full e-flex e-con e-parent\" data-id=\"3b5f66d\" data-element_type=\"container\" data-e-type=\"container\">\n\t\t\t\t<div class=\"elementor-element elementor-element-ddc9711 elementor-widget__width-initial elementor-widget elementor-widget-shortcode\" data-id=\"ddc9711\" data-element_type=\"widget\" data-e-type=\"widget\" data-widget_type=\"shortcode.default\">\n\t\t\t\t<div class=\"elementor-widget-container\">\n\t\t\t\t\t\t\t<div class=\"elementor-shortcode\">  <\/div>\n\t\t\t\t\t\t<\/div>\n\t\t\t\t<\/div>\n\t\t\t\t<\/div>\n\t\t<div class=\"elementor-element elementor-element-7620418e e-con-full e-flex e-con e-parent\" data-id=\"7620418e\" data-element_type=\"container\" data-e-type=\"container\">\n\t\t\t\t<div class=\"elementor-element elementor-element-554cf642 elementor-widget elementor-widget-text-editor\" data-id=\"554cf642\" data-element_type=\"widget\" data-e-type=\"widget\" data-widget_type=\"text-editor.default\">\n\t\t\t\t<div class=\"elementor-widget-container\">\n\t\t\t\t\t\t\t\t\t<h1>Konferencer<\/h1><div class=\"contentbereich-text\"><p><strong>Lutherakademiet Sondershausen-Ratzeburg arrangerer:<\/strong><\/p><ul><li>\u00e5rlige konferencer om centrale teologiske, kirkelige, sociale og generelle videnskabelige emner<\/li><li>Specialkonferencer om specifikke emner inden for kirke, teologi og samfund samt besl\u00e6gtede vidensomr\u00e5der<\/li><li>Seminarer for teologistuderende og pr\u00e6ster i deres f\u00f8rste \u00e5r i embede<\/li><\/ul><\/div>\t\t\t\t\t\t\t\t<\/div>\n\t\t\t\t<\/div>\n\t\t\t\t<\/div>\n\t\t\t\t<\/div>\n\t\t","protected":false},"excerpt":{"rendered":"<p>Luther Academy Sondershausen-Ratzeburg arrangerer workshops, konferencer, seminarer for teologiske studerende<\/p>\n","protected":false},"author":1,"featured_media":5888,"parent":0,"menu_order":0,"comment_status":"closed","ping_status":"closed","template":"","meta":{"footnotes":""},"class_list":["post-6459","page","type-page","status-publish","has-post-thumbnail","hentry"],"aioseo_notices":[],"jetpack_sharing_enabled":true,"jetpack-related-posts":[{"id":6235,"url":"https:\/\/luther-akademie.de\/da\/akademie\/","url_meta":{"origin":6459,"position":0},"title":"Aufgaben der Luther-Akademie | Information","author":"Thomas M\u00fcller","date":"3. december 2024","format":false,"excerpt":"Lutherakademiet besk\u00e6ftiger sig med Luthers teologi i lyset af den aktuelle udvikling inden for teologi, kirke og samfund.","rel":"","context":"Similar post","block_context":{"text":"Similar post","link":""},"img":{"alt_text":"Das Kuratorium tagt","src":"https:\/\/i0.wp.com\/luther-akademie.de\/wp-content\/uploads\/2024\/12\/P9232219-scaled.webp?resize=350%2C200&ssl=1","width":350,"height":200,"srcset":"https:\/\/i0.wp.com\/luther-akademie.de\/wp-content\/uploads\/2024\/12\/P9232219-scaled.webp?resize=350%2C200&ssl=1 1x, https:\/\/i0.wp.com\/luther-akademie.de\/wp-content\/uploads\/2024\/12\/P9232219-scaled.webp?resize=525%2C300&ssl=1 1.5x, https:\/\/i0.wp.com\/luther-akademie.de\/wp-content\/uploads\/2024\/12\/P9232219-scaled.webp?resize=700%2C400&ssl=1 2x, https:\/\/i0.wp.com\/luther-akademie.de\/wp-content\/uploads\/2024\/12\/P9232219-scaled.webp?resize=1050%2C600&ssl=1 3x, https:\/\/i0.wp.com\/luther-akademie.de\/wp-content\/uploads\/2024\/12\/P9232219-scaled.webp?resize=1400%2C800&ssl=1 4x"},"classes":[]},{"id":6258,"url":"https:\/\/luther-akademie.de\/da\/akademie\/geschichte\/","url_meta":{"origin":6459,"position":1},"title":"Geschichte | Historie","author":"Thomas M\u00fcller","date":"17. december 2024","format":false,"excerpt":"Forskning - m\u00f8de - spiritualitet I efter\u00e5ret 2003 fusionerede foreningerne Luther-Akademie Sondershausen e. V. (Th\u00fcringen) og Luther-Akademie e. V. Ratzeburg (Slesvig-Holsten) til foreningen Luther-Akademie Sondershausen-Ratzeburg e. V. med hjemsted i Ratzeburg.","rel":"","context":"Similar post","block_context":{"text":"Similar post","link":""},"img":{"alt_text":"","src":"https:\/\/i0.wp.com\/luther-akademie.de\/wp-content\/uploads\/2025\/02\/Geschichte_2-1-scaled.jpg?resize=350%2C200&ssl=1","width":350,"height":200,"srcset":"https:\/\/i0.wp.com\/luther-akademie.de\/wp-content\/uploads\/2025\/02\/Geschichte_2-1-scaled.jpg?resize=350%2C200&ssl=1 1x, https:\/\/i0.wp.com\/luther-akademie.de\/wp-content\/uploads\/2025\/02\/Geschichte_2-1-scaled.jpg?resize=525%2C300&ssl=1 1.5x, https:\/\/i0.wp.com\/luther-akademie.de\/wp-content\/uploads\/2025\/02\/Geschichte_2-1-scaled.jpg?resize=700%2C400&ssl=1 2x, https:\/\/i0.wp.com\/luther-akademie.de\/wp-content\/uploads\/2025\/02\/Geschichte_2-1-scaled.jpg?resize=1050%2C600&ssl=1 3x, https:\/\/i0.wp.com\/luther-akademie.de\/wp-content\/uploads\/2025\/02\/Geschichte_2-1-scaled.jpg?resize=1400%2C800&ssl=1 4x"},"classes":[]},{"id":6478,"url":"https:\/\/luther-akademie.de\/da\/foerderpreis\/","url_meta":{"origin":6459,"position":2},"title":"F\u00f6rderpreis | Studiepris","author":"Thomas M\u00fcller","date":"20. januar 2025","format":false,"excerpt":"Der kan indsendes artikler (seminaropgaver eller akademiske opgaver - p\u00e5 tysk), der er skrevet i l\u00f8bet af studiet, og som besk\u00e6ftiger sig med Luthers teologi ud fra et historisk, systematisk-teologisk eller praktisk-teologisk perspektiv.","rel":"","context":"Similar post","block_context":{"text":"Similar post","link":""},"img":{"alt_text":"","src":"https:\/\/i0.wp.com\/luther-akademie.de\/wp-content\/uploads\/2024\/12\/P9252383-scaled.webp?resize=350%2C200&ssl=1","width":350,"height":200,"srcset":"https:\/\/i0.wp.com\/luther-akademie.de\/wp-content\/uploads\/2024\/12\/P9252383-scaled.webp?resize=350%2C200&ssl=1 1x, https:\/\/i0.wp.com\/luther-akademie.de\/wp-content\/uploads\/2024\/12\/P9252383-scaled.webp?resize=525%2C300&ssl=1 1.5x, https:\/\/i0.wp.com\/luther-akademie.de\/wp-content\/uploads\/2024\/12\/P9252383-scaled.webp?resize=700%2C400&ssl=1 2x, https:\/\/i0.wp.com\/luther-akademie.de\/wp-content\/uploads\/2024\/12\/P9252383-scaled.webp?resize=1050%2C600&ssl=1 3x, https:\/\/i0.wp.com\/luther-akademie.de\/wp-content\/uploads\/2024\/12\/P9252383-scaled.webp?resize=1400%2C800&ssl=1 4x"},"classes":[]},{"id":6208,"url":"https:\/\/luther-akademie.de\/da\/","url_meta":{"origin":6459,"position":3},"title":"Willkommen | Velkommen","author":"Thomas M\u00fcller","date":"1. december 2024","format":false,"excerpt":"Luther-akademiet samler mennesker fra forskellige lande og kirker, teologer og akademikere fra andre fagomr\u00e5der, eksperter og nysgerrige med henblik f\u00e6lles arbejde og refleksion. Teologisk st\u00e5r akademiet i den lutherske bekendelsestradition.","rel":"","context":"Similar post","block_context":{"text":"Similar post","link":""},"img":{"alt_text":"","src":"","width":0,"height":0},"classes":[]},{"id":6298,"url":"https:\/\/luther-akademie.de\/da\/akademie\/verein\/","url_meta":{"origin":6459,"position":4},"title":"Verein | Foreningen","author":"Thomas M\u00fcller","date":"26. januar 2025","format":false,"excerpt":"I dag udf\u00f8res Lutherakademiets arbejde af foreningen Luther-Akademie Sondershausen-Ratzeburg e. V. med base i Ratzeburg. Foreningen har omkring 240 medlemmer.","rel":"","context":"Similar post","block_context":{"text":"Similar post","link":""},"img":{"alt_text":"","src":"https:\/\/i0.wp.com\/luther-akademie.de\/wp-content\/uploads\/2024\/12\/20190228_Abenmahl-Foto-Hannegreth-Grundmann-scaled.webp?resize=350%2C200&ssl=1","width":350,"height":200,"srcset":"https:\/\/i0.wp.com\/luther-akademie.de\/wp-content\/uploads\/2024\/12\/20190228_Abenmahl-Foto-Hannegreth-Grundmann-scaled.webp?resize=350%2C200&ssl=1 1x, https:\/\/i0.wp.com\/luther-akademie.de\/wp-content\/uploads\/2024\/12\/20190228_Abenmahl-Foto-Hannegreth-Grundmann-scaled.webp?resize=525%2C300&ssl=1 1.5x, https:\/\/i0.wp.com\/luther-akademie.de\/wp-content\/uploads\/2024\/12\/20190228_Abenmahl-Foto-Hannegreth-Grundmann-scaled.webp?resize=700%2C400&ssl=1 2x, https:\/\/i0.wp.com\/luther-akademie.de\/wp-content\/uploads\/2024\/12\/20190228_Abenmahl-Foto-Hannegreth-Grundmann-scaled.webp?resize=1050%2C600&ssl=1 3x"},"classes":[]},{"id":984,"url":"https:\/\/luther-akademie.de\/tagungen\/","url_meta":{"origin":6459,"position":5},"title":"Tagungen","author":"Thomas M\u00fcller","date":"20. december 2024","format":false,"excerpt":"Die Luther-Akademie Sondershausen-Ratzeburg veranstaltet Arbeitstagungen,Fachtagungen, Seminare f\u00fcr Studierende der Theologie","rel":"","context":"Similar post","block_context":{"text":"Similar post","link":""},"img":{"alt_text":"","src":"https:\/\/i0.wp.com\/luther-akademie.de\/wp-content\/uploads\/2024\/12\/Lutherakademie-Wittenberg-4.-06.10-2021-368-scaled.webp?resize=350%2C200&ssl=1","width":350,"height":200,"srcset":"https:\/\/i0.wp.com\/luther-akademie.de\/wp-content\/uploads\/2024\/12\/Lutherakademie-Wittenberg-4.-06.10-2021-368-scaled.webp?resize=350%2C200&ssl=1 1x, https:\/\/i0.wp.com\/luther-akademie.de\/wp-content\/uploads\/2024\/12\/Lutherakademie-Wittenberg-4.-06.10-2021-368-scaled.webp?resize=525%2C300&ssl=1 1.5x, https:\/\/i0.wp.com\/luther-akademie.de\/wp-content\/uploads\/2024\/12\/Lutherakademie-Wittenberg-4.-06.10-2021-368-scaled.webp?resize=700%2C400&ssl=1 2x, https:\/\/i0.wp.com\/luther-akademie.de\/wp-content\/uploads\/2024\/12\/Lutherakademie-Wittenberg-4.-06.10-2021-368-scaled.webp?resize=1050%2C600&ssl=1 3x, https:\/\/i0.wp.com\/luther-akademie.de\/wp-content\/uploads\/2024\/12\/Lutherakademie-Wittenberg-4.-06.10-2021-368-scaled.webp?resize=1400%2C800&ssl=1 4x"},"classes":[]}],"_links":{"self":[{"href":"https:\/\/luther-akademie.de\/da\/wp-json\/wp\/v2\/pages\/6459","targetHints":{"allow":["GET"]}}],"collection":[{"href":"https:\/\/luther-akademie.de\/da\/wp-json\/wp\/v2\/pages"}],"about":[{"href":"https:\/\/luther-akademie.de\/da\/wp-json\/wp\/v2\/types\/page"}],"author":[{"embeddable":true,"href":"https:\/\/luther-akademie.de\/da\/wp-json\/wp\/v2\/users\/1"}],"replies":[{"embeddable":true,"href":"https:\/\/luther-akademie.de\/da\/wp-json\/wp\/v2\/comments?post=6459"}],"version-history":[{"count":0,"href":"https:\/\/luther-akademie.de\/da\/wp-json\/wp\/v2\/pages\/6459\/revisions"}],"wp:featuredmedia":[{"embeddable":true,"href":"https:\/\/luther-akademie.de\/da\/wp-json\/wp\/v2\/media\/5888"}],"wp:attachment":[{"href":"https:\/\/luther-akademie.de\/da\/wp-json\/wp\/v2\/media?parent=6459"}],"curies":[{"name":"wp","href":"https:\/\/api.w.org\/{rel}","templated":true}]}}