{"id":6298,"date":"2025-01-26T19:24:07","date_gmt":"2025-01-26T18:24:07","guid":{"rendered":"https:\/\/luther-akademie.de\/akademie-3\/verein\/"},"modified":"2025-02-25T18:22:54","modified_gmt":"2025-02-25T17:22:54","slug":"verein","status":"publish","type":"page","link":"https:\/\/luther-akademie.de\/da\/akademie\/verein\/","title":{"rendered":"Verein | Foreningen"},"content":{"rendered":"\t\t<div data-elementor-type=\"wp-page\" data-elementor-id=\"6298\" class=\"elementor elementor-6298\" data-elementor-post-type=\"page\">\n\t\t\t\t<div class=\"elementor-element elementor-element-7a652f7 e-con-full e-flex e-con e-parent\" data-id=\"7a652f7\" data-element_type=\"container\" data-e-type=\"container\" data-settings=\"{&quot;background_background&quot;:&quot;classic&quot;}\">\n\t\t\t\t<div class=\"elementor-element elementor-element-a0e750b elementor-skin-coverflow elementor-widget elementor-widget-media-carousel\" data-id=\"a0e750b\" data-element_type=\"widget\" data-e-type=\"widget\" data-settings=\"{&quot;skin&quot;:&quot;coverflow&quot;,&quot;speed&quot;:500,&quot;autoplay&quot;:&quot;yes&quot;,&quot;autoplay_speed&quot;:5000,&quot;loop&quot;:&quot;yes&quot;,&quot;pause_on_hover&quot;:&quot;yes&quot;,&quot;pause_on_interaction&quot;:&quot;yes&quot;,&quot;space_between&quot;:{&quot;unit&quot;:&quot;px&quot;,&quot;size&quot;:10,&quot;sizes&quot;:[]},&quot;space_between_tablet&quot;:{&quot;unit&quot;:&quot;px&quot;,&quot;size&quot;:10,&quot;sizes&quot;:[]},&quot;space_between_mobile&quot;:{&quot;unit&quot;:&quot;px&quot;,&quot;size&quot;:10,&quot;sizes&quot;:[]}}\" data-widget_type=\"media-carousel.default\">\n\t\t\t\t<div class=\"elementor-widget-container\">\n\t\t\t\t\t\t\t\t\t<div class=\"elementor-swiper\">\n\t\t\t\t\t<div class=\"elementor-main-swiper swiper\" role=\"region\" aria-roledescription=\"carousel\" aria-label=\"Slides\">\n\t\t\t\t<div class=\"swiper-wrapper\">\n\t\t\t\t\t\t\t\t\t\t\t<div class=\"swiper-slide\" role=\"group\" aria-roledescription=\"slide\">\n\t\t\t\t\t\t\t\t\t<div class=\"elementor-carousel-image\" role=\"img\" aria-label=\"20190228_Abenmahl-Foto-Hannegreth Grundmann\" style=\"background-image: url(&#039;https:\/\/luther-akademie.de\/wp-content\/uploads\/2024\/12\/20190228_Abenmahl-Foto-Hannegreth-Grundmann-scaled.webp&#039;)\">\n\n\t\t\t\n\t\t\t\t\t<\/div>\n\t\t\t\t\t\t\t\t<\/div>\n\t\t\t\t\t\t\t\t\t\t\t<div class=\"swiper-slide\" role=\"group\" aria-roledescription=\"slide\">\n\t\t\t\t\t\t\t\t\t<div class=\"elementor-carousel-image\" role=\"img\" aria-label=\"luther-woerlitz\" style=\"background-image: url(&#039;https:\/\/luther-akademie.de\/wp-content\/uploads\/2024\/12\/luther-woerlitz.webp&#039;)\">\n\n\t\t\t\n\t\t\t\t\t<\/div>\n\t\t\t\t\t\t\t\t<\/div>\n\t\t\t\t\t\t\t\t\t\t\t<div class=\"swiper-slide\" role=\"group\" aria-roledescription=\"slide\">\n\t\t\t\t\t\t\t\t\t<div class=\"elementor-carousel-image\" role=\"img\" aria-label=\"Lutherakademie Wittenberg 4.-06.10 2021 (402)\" style=\"background-image: url(&#039;https:\/\/luther-akademie.de\/wp-content\/uploads\/2024\/12\/Lutherakademie-Wittenberg-4.-06.10-2021-402-scaled.webp&#039;)\">\n\n\t\t\t\n\t\t\t\t\t<\/div>\n\t\t\t\t\t\t\t\t<\/div>\n\t\t\t\t\t\t\t\t\t\t\t<div class=\"swiper-slide\" role=\"group\" aria-roledescription=\"slide\">\n\t\t\t\t\t\t\t\t\t<div class=\"elementor-carousel-image\" role=\"img\" aria-label=\"Luther-Akademie_FA_Bd\" style=\"background-image: url(&#039;https:\/\/luther-akademie.de\/wp-content\/uploads\/2025\/02\/Luther-Akademie_FA_Bd.jpg&#039;)\">\n\n\t\t\t\n\t\t\t\t\t<\/div>\n\t\t\t\t\t\t\t\t<\/div>\n\t\t\t\t\t\t\t\t\t\t\t<div class=\"swiper-slide\" role=\"group\" aria-roledescription=\"slide\">\n\t\t\t\t\t\t\t\t\t<div class=\"elementor-carousel-image\" role=\"img\" aria-label=\"Lutherakademie Wittenberg 4.-06.10 2021 (481)\" style=\"background-image: url(&#039;https:\/\/luther-akademie.de\/wp-content\/uploads\/2025\/01\/Lutherakademie-Wittenberg-4.-06.10-2021-481-scaled.jpg&#039;)\">\n\n\t\t\t\n\t\t\t\t\t<\/div>\n\t\t\t\t\t\t\t\t<\/div>\n\t\t\t\t\t\t\t\t\t\t\t<div class=\"swiper-slide\" role=\"group\" aria-roledescription=\"slide\">\n\t\t\t\t\t\t\t\t\t<div class=\"elementor-carousel-image\" role=\"img\" aria-label=\"Lutherakademie Wittenberg 4.-06.10 2021 (395)\" style=\"background-image: url(&#039;https:\/\/luther-akademie.de\/wp-content\/uploads\/2025\/01\/Lutherakademie-Wittenberg-4.-06.10-2021-395-scaled-e1737112471186.jpg&#039;)\">\n\n\t\t\t\n\t\t\t\t\t<\/div>\n\t\t\t\t\t\t\t\t<\/div>\n\t\t\t\t\t\t\t\t\t\t\t<div class=\"swiper-slide\" role=\"group\" aria-roledescription=\"slide\">\n\t\t\t\t\t\t\t\t\t<div class=\"elementor-carousel-image\" role=\"img\" aria-label=\"Lutherkirche\" style=\"background-image: url(&#039;https:\/\/luther-akademie.de\/wp-content\/uploads\/2025\/01\/Lutherakademie-Wittenberg-4.-06.10-2021-393-scaled.jpg&#039;)\">\n\n\t\t\t\n\t\t\t\t\t<\/div>\n\t\t\t\t\t\t\t\t<\/div>\n\t\t\t\t\t\t\t\t\t<\/div>\n\t\t\t\t\t\t\t\t\t\t\t\t\t\t\t\t\t\t\t\t\t<\/div>\n\t\t\t\t<\/div>\n\t\t\t\t\t\t\t\t<\/div>\n\t\t\t\t<\/div>\n\t\t\t\t<\/div>\n\t\t<div class=\"elementor-element elementor-element-b702f22 e-flex e-con-boxed e-con e-parent\" data-id=\"b702f22\" data-element_type=\"container\" data-e-type=\"container\">\n\t\t\t\t\t<div class=\"e-con-inner\">\n\t\t\t\t<div class=\"elementor-element elementor-element-1d5cee1 elementor-widget elementor-widget-spacer\" data-id=\"1d5cee1\" data-element_type=\"widget\" data-e-type=\"widget\" data-widget_type=\"spacer.default\">\n\t\t\t\t<div class=\"elementor-widget-container\">\n\t\t\t\t\t\t\t<div class=\"elementor-spacer\">\n\t\t\t<div class=\"elementor-spacer-inner\"><\/div>\n\t\t<\/div>\n\t\t\t\t\t\t<\/div>\n\t\t\t\t<\/div>\n\t\t\t\t\t<\/div>\n\t\t\t\t<\/div>\n\t\t<div class=\"elementor-element elementor-element-c3e09f4 e-con-full e-flex e-con e-parent\" data-id=\"c3e09f4\" data-element_type=\"container\" data-e-type=\"container\">\n\t\t\t\t<div class=\"elementor-element elementor-element-61c1d74 elementor-widget elementor-widget-text-editor\" data-id=\"61c1d74\" data-element_type=\"widget\" data-e-type=\"widget\" data-widget_type=\"text-editor.default\">\n\t\t\t\t<div class=\"elementor-widget-container\">\n\t\t\t\t\t\t\t\t\t<h1>Foreningen<\/h1><p>I dag udf\u00f8res Lutherakademiets arbejde af foreningen Luther-Akademie Sondershausen-Ratzeburg e. V. med base i Ratzeburg. Foreningen har omkring 240 medlemmer.<\/p><p>Ud over generalforsamlingen er foreningens organer bestyrelsen og kuratoriet. Bestyrelsen tegnes af pr\u00e6sidenten og vicepr\u00e6sidenten. Formanden for kuratoriet er ogs\u00e5 akademiets videnskabelige leder.<\/p><p>Arbejdet finansieres af medlemskontingenter, andre bidrag fra kirker og sogne, donationer og tildelinger fra Luther-Akademie-Ratzeburg-Stiftung. Foreningen er anerkendt som en almennyttig organisation.<\/p><p>Enhver fysisk eller juridisk person, der er enig i og \u00f8nsker at fremme form\u00e5lene for Lutherakademiet Sondershausen-Ratzeburg, kan blive medlem. Minimumskontingent for medlemskab er i \u00f8jeblikket \u20ac 45,- om \u00e5ret (studerende \u20ac 12,-).<\/p><p>Hvis du er interesseret, kan du downloade de relevante dokumenter som PDF-filer her:<\/p><p style=\"padding-left: 40px;\">* <a href=\"https:\/\/luther-akademie.de\/wp-content\/uploads\/2024\/12\/Satzung_der_Luther-Akademie-Ratzeburg-Stiftung-2010.pdf\" target=\"_blank\" rel=\"noopener\"><span style=\"text-decoration: underline;\"><strong><em>Vedt\u00e6gter<\/em><\/strong><\/span><\/a> \u00a0 |\u00a0 *\u00a0<a href=\"https:\/\/luther-akademie.de\/wp-content\/uploads\/2025\/02\/Mitgliedschaftserklaerung-2.pdf\" target=\"_blank\" rel=\"noopener\"><span style=\"text-decoration: underline;\"><em><strong>Ans\u00f8gning om medlemskab<\/strong> <\/em><\/span><\/a><\/p>\t\t\t\t\t\t\t\t<\/div>\n\t\t\t\t<\/div>\n\t\t\t\t<\/div>\n\t\t\t\t<\/div>\n\t\t","protected":false},"excerpt":{"rendered":"<p>I dag udf\u00f8res Lutherakademiets arbejde af foreningen Luther-Akademie Sondershausen-Ratzeburg e. V. med base i Ratzeburg. Foreningen har omkring 240 medlemmer.<\/p>\n","protected":false},"author":1,"featured_media":5886,"parent":6235,"menu_order":0,"comment_status":"closed","ping_status":"closed","template":"","meta":{"footnotes":""},"class_list":["post-6298","page","type-page","status-publish","has-post-thumbnail","hentry"],"aioseo_notices":[],"jetpack_sharing_enabled":true,"jetpack-related-posts":[{"id":6258,"url":"https:\/\/luther-akademie.de\/da\/akademie\/geschichte\/","url_meta":{"origin":6298,"position":0},"title":"Geschichte | Historie","author":"Thomas M\u00fcller","date":"17. december 2024","format":false,"excerpt":"Forskning - m\u00f8de - spiritualitet I efter\u00e5ret 2003 fusionerede foreningerne Luther-Akademie Sondershausen e. V. (Th\u00fcringen) og Luther-Akademie e. V. Ratzeburg (Slesvig-Holsten) til foreningen Luther-Akademie Sondershausen-Ratzeburg e. V. med hjemsted i Ratzeburg.","rel":"","context":"Similar post","block_context":{"text":"Similar post","link":""},"img":{"alt_text":"","src":"https:\/\/i0.wp.com\/luther-akademie.de\/wp-content\/uploads\/2025\/02\/Geschichte_2-1-scaled.jpg?resize=350%2C200&ssl=1","width":350,"height":200,"srcset":"https:\/\/i0.wp.com\/luther-akademie.de\/wp-content\/uploads\/2025\/02\/Geschichte_2-1-scaled.jpg?resize=350%2C200&ssl=1 1x, https:\/\/i0.wp.com\/luther-akademie.de\/wp-content\/uploads\/2025\/02\/Geschichte_2-1-scaled.jpg?resize=525%2C300&ssl=1 1.5x, https:\/\/i0.wp.com\/luther-akademie.de\/wp-content\/uploads\/2025\/02\/Geschichte_2-1-scaled.jpg?resize=700%2C400&ssl=1 2x, https:\/\/i0.wp.com\/luther-akademie.de\/wp-content\/uploads\/2025\/02\/Geschichte_2-1-scaled.jpg?resize=1050%2C600&ssl=1 3x, https:\/\/i0.wp.com\/luther-akademie.de\/wp-content\/uploads\/2025\/02\/Geschichte_2-1-scaled.jpg?resize=1400%2C800&ssl=1 4x"},"classes":[]},{"id":6235,"url":"https:\/\/luther-akademie.de\/da\/akademie\/","url_meta":{"origin":6298,"position":1},"title":"Aufgaben der Luther-Akademie | Information","author":"Thomas M\u00fcller","date":"3. december 2024","format":false,"excerpt":"Lutherakademiet besk\u00e6ftiger sig med Luthers teologi i lyset af den aktuelle udvikling inden for teologi, kirke og samfund.","rel":"","context":"Similar post","block_context":{"text":"Similar post","link":""},"img":{"alt_text":"Das Kuratorium tagt","src":"https:\/\/i0.wp.com\/luther-akademie.de\/wp-content\/uploads\/2024\/12\/P9232219-scaled.webp?resize=350%2C200&ssl=1","width":350,"height":200,"srcset":"https:\/\/i0.wp.com\/luther-akademie.de\/wp-content\/uploads\/2024\/12\/P9232219-scaled.webp?resize=350%2C200&ssl=1 1x, https:\/\/i0.wp.com\/luther-akademie.de\/wp-content\/uploads\/2024\/12\/P9232219-scaled.webp?resize=525%2C300&ssl=1 1.5x, https:\/\/i0.wp.com\/luther-akademie.de\/wp-content\/uploads\/2024\/12\/P9232219-scaled.webp?resize=700%2C400&ssl=1 2x, https:\/\/i0.wp.com\/luther-akademie.de\/wp-content\/uploads\/2024\/12\/P9232219-scaled.webp?resize=1050%2C600&ssl=1 3x, https:\/\/i0.wp.com\/luther-akademie.de\/wp-content\/uploads\/2024\/12\/P9232219-scaled.webp?resize=1400%2C800&ssl=1 4x"},"classes":[]},{"id":6275,"url":"https:\/\/luther-akademie.de\/da\/akademie\/stiftung\/","url_meta":{"origin":6298,"position":2},"title":"Stiftung | Stiftelsen","author":"Thomas M\u00fcller","date":"18. december 2024","format":false,"excerpt":"\u00bbLuther-Akademie-Ratzeburg-Stiftung\u00ab har eksisteret siden 1999, og dens grundl\u00e6gger, Prof. Dr. Joachim Heubach, var blandt andet regional biskop i den evangelisk-lutherske kirke i Schaumburg-Lippe indtil 1991.","rel":"","context":"Similar post","block_context":{"text":"Similar post","link":""},"img":{"alt_text":"","src":"https:\/\/i0.wp.com\/luther-akademie.de\/wp-content\/uploads\/2024\/12\/20190228_Abenmahl-Foto-Hannegreth-Grundmann-scaled.webp?resize=350%2C200&ssl=1","width":350,"height":200,"srcset":"https:\/\/i0.wp.com\/luther-akademie.de\/wp-content\/uploads\/2024\/12\/20190228_Abenmahl-Foto-Hannegreth-Grundmann-scaled.webp?resize=350%2C200&ssl=1 1x, https:\/\/i0.wp.com\/luther-akademie.de\/wp-content\/uploads\/2024\/12\/20190228_Abenmahl-Foto-Hannegreth-Grundmann-scaled.webp?resize=525%2C300&ssl=1 1.5x, https:\/\/i0.wp.com\/luther-akademie.de\/wp-content\/uploads\/2024\/12\/20190228_Abenmahl-Foto-Hannegreth-Grundmann-scaled.webp?resize=700%2C400&ssl=1 2x, https:\/\/i0.wp.com\/luther-akademie.de\/wp-content\/uploads\/2024\/12\/20190228_Abenmahl-Foto-Hannegreth-Grundmann-scaled.webp?resize=1050%2C600&ssl=1 3x"},"classes":[]},{"id":6478,"url":"https:\/\/luther-akademie.de\/da\/foerderpreis\/","url_meta":{"origin":6298,"position":3},"title":"F\u00f6rderpreis | Studiepris","author":"Thomas M\u00fcller","date":"20. januar 2025","format":false,"excerpt":"Der kan indsendes artikler (seminaropgaver eller akademiske opgaver - p\u00e5 tysk), der er skrevet i l\u00f8bet af studiet, og som besk\u00e6ftiger sig med Luthers teologi ud fra et historisk, systematisk-teologisk eller praktisk-teologisk perspektiv.","rel":"","context":"Similar post","block_context":{"text":"Similar post","link":""},"img":{"alt_text":"","src":"https:\/\/i0.wp.com\/luther-akademie.de\/wp-content\/uploads\/2024\/12\/P9252383-scaled.webp?resize=350%2C200&ssl=1","width":350,"height":200,"srcset":"https:\/\/i0.wp.com\/luther-akademie.de\/wp-content\/uploads\/2024\/12\/P9252383-scaled.webp?resize=350%2C200&ssl=1 1x, https:\/\/i0.wp.com\/luther-akademie.de\/wp-content\/uploads\/2024\/12\/P9252383-scaled.webp?resize=525%2C300&ssl=1 1.5x, https:\/\/i0.wp.com\/luther-akademie.de\/wp-content\/uploads\/2024\/12\/P9252383-scaled.webp?resize=700%2C400&ssl=1 2x, https:\/\/i0.wp.com\/luther-akademie.de\/wp-content\/uploads\/2024\/12\/P9252383-scaled.webp?resize=1050%2C600&ssl=1 3x, https:\/\/i0.wp.com\/luther-akademie.de\/wp-content\/uploads\/2024\/12\/P9252383-scaled.webp?resize=1400%2C800&ssl=1 4x"},"classes":[]},{"id":6459,"url":"https:\/\/luther-akademie.de\/da\/tagungen\/","url_meta":{"origin":6298,"position":4},"title":"Tagungen | Konferencer","author":"Thomas M\u00fcller","date":"20. december 2024","format":false,"excerpt":"Luther Academy Sondershausen-Ratzeburg arrangerer workshops, konferencer, seminarer for teologiske studerende","rel":"","context":"Similar post","block_context":{"text":"Similar post","link":""},"img":{"alt_text":"","src":"https:\/\/i0.wp.com\/luther-akademie.de\/wp-content\/uploads\/2024\/12\/Lutherakademie-Wittenberg-4.-06.10-2021-368-scaled.webp?resize=350%2C200&ssl=1","width":350,"height":200,"srcset":"https:\/\/i0.wp.com\/luther-akademie.de\/wp-content\/uploads\/2024\/12\/Lutherakademie-Wittenberg-4.-06.10-2021-368-scaled.webp?resize=350%2C200&ssl=1 1x, https:\/\/i0.wp.com\/luther-akademie.de\/wp-content\/uploads\/2024\/12\/Lutherakademie-Wittenberg-4.-06.10-2021-368-scaled.webp?resize=525%2C300&ssl=1 1.5x, https:\/\/i0.wp.com\/luther-akademie.de\/wp-content\/uploads\/2024\/12\/Lutherakademie-Wittenberg-4.-06.10-2021-368-scaled.webp?resize=700%2C400&ssl=1 2x, https:\/\/i0.wp.com\/luther-akademie.de\/wp-content\/uploads\/2024\/12\/Lutherakademie-Wittenberg-4.-06.10-2021-368-scaled.webp?resize=1050%2C600&ssl=1 3x, https:\/\/i0.wp.com\/luther-akademie.de\/wp-content\/uploads\/2024\/12\/Lutherakademie-Wittenberg-4.-06.10-2021-368-scaled.webp?resize=1400%2C800&ssl=1 4x"},"classes":[]},{"id":6208,"url":"https:\/\/luther-akademie.de\/da\/","url_meta":{"origin":6298,"position":5},"title":"Willkommen | Velkommen","author":"Thomas M\u00fcller","date":"1. december 2024","format":false,"excerpt":"Luther-akademiet samler mennesker fra forskellige lande og kirker, teologer og akademikere fra andre fagomr\u00e5der, eksperter og nysgerrige med henblik f\u00e6lles arbejde og refleksion. Teologisk st\u00e5r akademiet i den lutherske bekendelsestradition.","rel":"","context":"Similar post","block_context":{"text":"Similar post","link":""},"img":{"alt_text":"","src":"","width":0,"height":0},"classes":[]}],"_links":{"self":[{"href":"https:\/\/luther-akademie.de\/da\/wp-json\/wp\/v2\/pages\/6298","targetHints":{"allow":["GET"]}}],"collection":[{"href":"https:\/\/luther-akademie.de\/da\/wp-json\/wp\/v2\/pages"}],"about":[{"href":"https:\/\/luther-akademie.de\/da\/wp-json\/wp\/v2\/types\/page"}],"author":[{"embeddable":true,"href":"https:\/\/luther-akademie.de\/da\/wp-json\/wp\/v2\/users\/1"}],"replies":[{"embeddable":true,"href":"https:\/\/luther-akademie.de\/da\/wp-json\/wp\/v2\/comments?post=6298"}],"version-history":[{"count":6,"href":"https:\/\/luther-akademie.de\/da\/wp-json\/wp\/v2\/pages\/6298\/revisions"}],"predecessor-version":[{"id":7156,"href":"https:\/\/luther-akademie.de\/da\/wp-json\/wp\/v2\/pages\/6298\/revisions\/7156"}],"up":[{"embeddable":true,"href":"https:\/\/luther-akademie.de\/da\/wp-json\/wp\/v2\/pages\/6235"}],"wp:featuredmedia":[{"embeddable":true,"href":"https:\/\/luther-akademie.de\/da\/wp-json\/wp\/v2\/media\/5886"}],"wp:attachment":[{"href":"https:\/\/luther-akademie.de\/da\/wp-json\/wp\/v2\/media?parent=6298"}],"curies":[{"name":"wp","href":"https:\/\/api.w.org\/{rel}","templated":true}]}}