{"id":6235,"date":"2024-12-03T11:56:42","date_gmt":"2024-12-03T10:56:42","guid":{"rendered":"https:\/\/luther-akademie.de\/akademie-3\/"},"modified":"2025-02-25T18:40:51","modified_gmt":"2025-02-25T17:40:51","slug":"akademie","status":"publish","type":"page","link":"https:\/\/luther-akademie.de\/da\/akademie\/","title":{"rendered":"Aufgaben der Luther-Akademie | Information"},"content":{"rendered":"\t\t<div data-elementor-type=\"wp-page\" data-elementor-id=\"6235\" class=\"elementor elementor-6235\" data-elementor-post-type=\"page\">\n\t\t\t\t<div class=\"elementor-element elementor-element-5a386e5 e-con-full e-flex e-con e-parent\" data-id=\"5a386e5\" data-element_type=\"container\" data-e-type=\"container\">\n\t\t\t\t<div class=\"elementor-element elementor-element-970b051 elementor-widget__width-initial elementor-widget elementor-widget-shortcode\" data-id=\"970b051\" data-element_type=\"widget\" data-e-type=\"widget\" data-widget_type=\"shortcode.default\">\n\t\t\t\t<div class=\"elementor-widget-container\">\n\t\t\t\t\t\t\t<div class=\"elementor-shortcode\">  <\/div>\n\t\t\t\t\t\t<\/div>\n\t\t\t\t<\/div>\n\t\t\t\t<\/div>\n\t\t<div class=\"elementor-element elementor-element-7620418e e-con-full e-flex e-con e-parent\" data-id=\"7620418e\" data-element_type=\"container\" data-e-type=\"container\">\n\t\t\t\t<div class=\"elementor-element elementor-element-554cf642 elementor-widget elementor-widget-text-editor\" data-id=\"554cf642\" data-element_type=\"widget\" data-e-type=\"widget\" data-widget_type=\"text-editor.default\">\n\t\t\t\t<div class=\"elementor-widget-container\">\n\t\t\t\t\t\t\t\t\t<div class=\"contentbereich-text\"><h1>Information om Lutherakademiet<\/h1><p>Lutherakademiet besk\u00e6ftiger sig med Luthers teologi i lyset af den aktuelle udvikling inden for teologi, kirke og samfund.<\/p><p><strong>Luther-Akademiet Sondershausen-Ratzeburg har is\u00e6r f\u00f8lgende opgaver<\/strong><strong>:<\/strong><\/p><ul><li>underst\u00f8ttelse af videnskab og \u00e5ndsliv i forl\u00e6ngelse af en luthersk tros- og verdensforst\u00e5else og i bevidsthed om \u00f8kumenisk ansvar<\/li><li>deltagelse i det akademiske studium af den lutherske reformation<\/li><li>proaktivt engagement i nutidens intellektuelle str\u00f8mninger<\/li><li>dialog om definitionen af sociale, menneskelige og religi\u00f8se v\u00e6rdier<\/li><li>dyrkelse af en luthersk spiritualitet i gudstjeneste og samfundsliv<\/li><li>Samarbejde med nordiske teologer og andre forskere verden over<\/li><\/ul><p><strong>Lutherakademiet Sondershausen-Ratzeburg henvender sig til<\/strong>:<\/p><ul><li>alle, der \u00f8nsker at deltage i Lutherakademiets arbejde<\/li><li>Fagfolk inden for teologi og andre vidensomr\u00e5der<\/li><li>Studerende i teologi og andre fag<\/li><li>Personer med ansver i kirken og andre omr\u00e5der af det offentlige liv<\/li><\/ul><p><strong>Lutherakademiet Sondershausen-Ratzeburg arrangerer<\/strong>:<\/p><ul><li>\u00e5rlige konferencer om centrale teologiske, kirkelige, sociale og generelle videnskabelige emner<\/li><li>Faglige konferencer om specifikke emner inden for kirke, teologi og samfund samt besl\u00e6gtede vidensomr\u00e5der<\/li><li>Seminarer for teologistuderende og pr\u00e6ster i deres f\u00f8rste \u00e5r i embede.<\/li><\/ul><p><strong>Luther-Akademie Sondershausen-Ratzeburg st\u00f8tter:<\/strong><\/p><ul><li>M\u00f8der og kontakter med kristne i lutherske og andre kirker<\/li><li>Forbindelser til lutherdommen i hele verden, is\u00e6r i de nordiske kirker<\/li><li>International udveksling af forskere og studerende<\/li><\/ul><p><strong>Lutherakademiet Sondershausen-Ratzeburg udgiver:<\/strong><\/p><ul><li>Akademiske studier i serien Arbeiten zur Geschichte und Theologie des Luthertums, Neue Folge<\/li><li>Artikler og resultater fra dets konferencer i serien Ver\u00f6ffentlichungen der Luther-Akademie Sondershausen-Ratzeburg<\/li><\/ul><p><strong>Luther-Akademie Sondershausen-Ratzeburg st\u00f8tter<\/strong>:<\/p><ul><li>udgivelsen af videnskabelige studier inden for dets arbejdsomr\u00e5de<\/li><\/ul><p><strong>Luther-Akademie Sondershausen-Ratzeburg uddeler:<\/strong><\/p><ul><li>den \u00e5rlige studiepris for Luther-forskning<\/li><\/ul><\/div>\t\t\t\t\t\t\t\t<\/div>\n\t\t\t\t<\/div>\n\t\t\t\t<\/div>\n\t\t\t\t<\/div>\n\t\t","protected":false},"excerpt":{"rendered":"<p>Lutherakademiet besk\u00e6ftiger sig med Luthers teologi i lyset af den aktuelle udvikling inden for teologi, kirke og samfund.<\/p>\n","protected":false},"author":1,"featured_media":5746,"parent":0,"menu_order":0,"comment_status":"closed","ping_status":"closed","template":"","meta":{"footnotes":""},"class_list":["post-6235","page","type-page","status-publish","has-post-thumbnail","hentry"],"aioseo_notices":[],"jetpack_sharing_enabled":true,"jetpack-related-posts":[{"id":6478,"url":"https:\/\/luther-akademie.de\/da\/foerderpreis\/","url_meta":{"origin":6235,"position":0},"title":"F\u00f6rderpreis | Studiepris","author":"Thomas M\u00fcller","date":"20. januar 2025","format":false,"excerpt":"Der kan indsendes artikler (seminaropgaver eller akademiske opgaver - p\u00e5 tysk), der er skrevet i l\u00f8bet af studiet, og som besk\u00e6ftiger sig med Luthers teologi ud fra et historisk, systematisk-teologisk eller praktisk-teologisk perspektiv.","rel":"","context":"Similar post","block_context":{"text":"Similar post","link":""},"img":{"alt_text":"","src":"https:\/\/i0.wp.com\/luther-akademie.de\/wp-content\/uploads\/2024\/12\/P9252383-scaled.webp?resize=350%2C200&ssl=1","width":350,"height":200,"srcset":"https:\/\/i0.wp.com\/luther-akademie.de\/wp-content\/uploads\/2024\/12\/P9252383-scaled.webp?resize=350%2C200&ssl=1 1x, https:\/\/i0.wp.com\/luther-akademie.de\/wp-content\/uploads\/2024\/12\/P9252383-scaled.webp?resize=525%2C300&ssl=1 1.5x, https:\/\/i0.wp.com\/luther-akademie.de\/wp-content\/uploads\/2024\/12\/P9252383-scaled.webp?resize=700%2C400&ssl=1 2x, https:\/\/i0.wp.com\/luther-akademie.de\/wp-content\/uploads\/2024\/12\/P9252383-scaled.webp?resize=1050%2C600&ssl=1 3x, https:\/\/i0.wp.com\/luther-akademie.de\/wp-content\/uploads\/2024\/12\/P9252383-scaled.webp?resize=1400%2C800&ssl=1 4x"},"classes":[]},{"id":6298,"url":"https:\/\/luther-akademie.de\/da\/akademie\/verein\/","url_meta":{"origin":6235,"position":1},"title":"Verein | Foreningen","author":"Thomas M\u00fcller","date":"26. januar 2025","format":false,"excerpt":"I dag udf\u00f8res Lutherakademiets arbejde af foreningen Luther-Akademie Sondershausen-Ratzeburg e. V. med base i Ratzeburg. Foreningen har omkring 240 medlemmer.","rel":"","context":"Similar post","block_context":{"text":"Similar post","link":""},"img":{"alt_text":"","src":"https:\/\/i0.wp.com\/luther-akademie.de\/wp-content\/uploads\/2024\/12\/20190228_Abenmahl-Foto-Hannegreth-Grundmann-scaled.webp?resize=350%2C200&ssl=1","width":350,"height":200,"srcset":"https:\/\/i0.wp.com\/luther-akademie.de\/wp-content\/uploads\/2024\/12\/20190228_Abenmahl-Foto-Hannegreth-Grundmann-scaled.webp?resize=350%2C200&ssl=1 1x, https:\/\/i0.wp.com\/luther-akademie.de\/wp-content\/uploads\/2024\/12\/20190228_Abenmahl-Foto-Hannegreth-Grundmann-scaled.webp?resize=525%2C300&ssl=1 1.5x, https:\/\/i0.wp.com\/luther-akademie.de\/wp-content\/uploads\/2024\/12\/20190228_Abenmahl-Foto-Hannegreth-Grundmann-scaled.webp?resize=700%2C400&ssl=1 2x, https:\/\/i0.wp.com\/luther-akademie.de\/wp-content\/uploads\/2024\/12\/20190228_Abenmahl-Foto-Hannegreth-Grundmann-scaled.webp?resize=1050%2C600&ssl=1 3x"},"classes":[]},{"id":6275,"url":"https:\/\/luther-akademie.de\/da\/akademie\/stiftung\/","url_meta":{"origin":6235,"position":2},"title":"Stiftung | Stiftelsen","author":"Thomas M\u00fcller","date":"18. december 2024","format":false,"excerpt":"\u00bbLuther-Akademie-Ratzeburg-Stiftung\u00ab har eksisteret siden 1999, og dens grundl\u00e6gger, Prof. Dr. Joachim Heubach, var blandt andet regional biskop i den evangelisk-lutherske kirke i Schaumburg-Lippe indtil 1991.","rel":"","context":"Similar post","block_context":{"text":"Similar post","link":""},"img":{"alt_text":"","src":"https:\/\/i0.wp.com\/luther-akademie.de\/wp-content\/uploads\/2024\/12\/20190228_Abenmahl-Foto-Hannegreth-Grundmann-scaled.webp?resize=350%2C200&ssl=1","width":350,"height":200,"srcset":"https:\/\/i0.wp.com\/luther-akademie.de\/wp-content\/uploads\/2024\/12\/20190228_Abenmahl-Foto-Hannegreth-Grundmann-scaled.webp?resize=350%2C200&ssl=1 1x, https:\/\/i0.wp.com\/luther-akademie.de\/wp-content\/uploads\/2024\/12\/20190228_Abenmahl-Foto-Hannegreth-Grundmann-scaled.webp?resize=525%2C300&ssl=1 1.5x, https:\/\/i0.wp.com\/luther-akademie.de\/wp-content\/uploads\/2024\/12\/20190228_Abenmahl-Foto-Hannegreth-Grundmann-scaled.webp?resize=700%2C400&ssl=1 2x, https:\/\/i0.wp.com\/luther-akademie.de\/wp-content\/uploads\/2024\/12\/20190228_Abenmahl-Foto-Hannegreth-Grundmann-scaled.webp?resize=1050%2C600&ssl=1 3x"},"classes":[]},{"id":6258,"url":"https:\/\/luther-akademie.de\/da\/akademie\/geschichte\/","url_meta":{"origin":6235,"position":3},"title":"Geschichte | Historie","author":"Thomas M\u00fcller","date":"17. december 2024","format":false,"excerpt":"Forskning - m\u00f8de - spiritualitet I efter\u00e5ret 2003 fusionerede foreningerne Luther-Akademie Sondershausen e. V. (Th\u00fcringen) og Luther-Akademie e. V. Ratzeburg (Slesvig-Holsten) til foreningen Luther-Akademie Sondershausen-Ratzeburg e. V. med hjemsted i Ratzeburg.","rel":"","context":"Similar post","block_context":{"text":"Similar post","link":""},"img":{"alt_text":"","src":"https:\/\/i0.wp.com\/luther-akademie.de\/wp-content\/uploads\/2025\/02\/Geschichte_2-1-scaled.jpg?resize=350%2C200&ssl=1","width":350,"height":200,"srcset":"https:\/\/i0.wp.com\/luther-akademie.de\/wp-content\/uploads\/2025\/02\/Geschichte_2-1-scaled.jpg?resize=350%2C200&ssl=1 1x, https:\/\/i0.wp.com\/luther-akademie.de\/wp-content\/uploads\/2025\/02\/Geschichte_2-1-scaled.jpg?resize=525%2C300&ssl=1 1.5x, https:\/\/i0.wp.com\/luther-akademie.de\/wp-content\/uploads\/2025\/02\/Geschichte_2-1-scaled.jpg?resize=700%2C400&ssl=1 2x, https:\/\/i0.wp.com\/luther-akademie.de\/wp-content\/uploads\/2025\/02\/Geschichte_2-1-scaled.jpg?resize=1050%2C600&ssl=1 3x, https:\/\/i0.wp.com\/luther-akademie.de\/wp-content\/uploads\/2025\/02\/Geschichte_2-1-scaled.jpg?resize=1400%2C800&ssl=1 4x"},"classes":[]},{"id":6208,"url":"https:\/\/luther-akademie.de\/da\/","url_meta":{"origin":6235,"position":4},"title":"Willkommen | Velkommen","author":"Thomas M\u00fcller","date":"1. december 2024","format":false,"excerpt":"Luther-akademiet samler mennesker fra forskellige lande og kirker, teologer og akademikere fra andre fagomr\u00e5der, eksperter og nysgerrige med henblik f\u00e6lles arbejde og refleksion. Teologisk st\u00e5r akademiet i den lutherske bekendelsestradition.","rel":"","context":"Similar post","block_context":{"text":"Similar post","link":""},"img":{"alt_text":"","src":"","width":0,"height":0},"classes":[]},{"id":6459,"url":"https:\/\/luther-akademie.de\/da\/tagungen\/","url_meta":{"origin":6235,"position":5},"title":"Tagungen | Konferencer","author":"Thomas M\u00fcller","date":"20. december 2024","format":false,"excerpt":"Luther Academy Sondershausen-Ratzeburg arrangerer workshops, konferencer, seminarer for teologiske studerende","rel":"","context":"Similar post","block_context":{"text":"Similar post","link":""},"img":{"alt_text":"","src":"https:\/\/i0.wp.com\/luther-akademie.de\/wp-content\/uploads\/2024\/12\/Lutherakademie-Wittenberg-4.-06.10-2021-368-scaled.webp?resize=350%2C200&ssl=1","width":350,"height":200,"srcset":"https:\/\/i0.wp.com\/luther-akademie.de\/wp-content\/uploads\/2024\/12\/Lutherakademie-Wittenberg-4.-06.10-2021-368-scaled.webp?resize=350%2C200&ssl=1 1x, https:\/\/i0.wp.com\/luther-akademie.de\/wp-content\/uploads\/2024\/12\/Lutherakademie-Wittenberg-4.-06.10-2021-368-scaled.webp?resize=525%2C300&ssl=1 1.5x, https:\/\/i0.wp.com\/luther-akademie.de\/wp-content\/uploads\/2024\/12\/Lutherakademie-Wittenberg-4.-06.10-2021-368-scaled.webp?resize=700%2C400&ssl=1 2x, https:\/\/i0.wp.com\/luther-akademie.de\/wp-content\/uploads\/2024\/12\/Lutherakademie-Wittenberg-4.-06.10-2021-368-scaled.webp?resize=1050%2C600&ssl=1 3x, https:\/\/i0.wp.com\/luther-akademie.de\/wp-content\/uploads\/2024\/12\/Lutherakademie-Wittenberg-4.-06.10-2021-368-scaled.webp?resize=1400%2C800&ssl=1 4x"},"classes":[]}],"_links":{"self":[{"href":"https:\/\/luther-akademie.de\/da\/wp-json\/wp\/v2\/pages\/6235","targetHints":{"allow":["GET"]}}],"collection":[{"href":"https:\/\/luther-akademie.de\/da\/wp-json\/wp\/v2\/pages"}],"about":[{"href":"https:\/\/luther-akademie.de\/da\/wp-json\/wp\/v2\/types\/page"}],"author":[{"embeddable":true,"href":"https:\/\/luther-akademie.de\/da\/wp-json\/wp\/v2\/users\/1"}],"replies":[{"embeddable":true,"href":"https:\/\/luther-akademie.de\/da\/wp-json\/wp\/v2\/comments?post=6235"}],"version-history":[{"count":6,"href":"https:\/\/luther-akademie.de\/da\/wp-json\/wp\/v2\/pages\/6235\/revisions"}],"predecessor-version":[{"id":7162,"href":"https:\/\/luther-akademie.de\/da\/wp-json\/wp\/v2\/pages\/6235\/revisions\/7162"}],"wp:featuredmedia":[{"embeddable":true,"href":"https:\/\/luther-akademie.de\/da\/wp-json\/wp\/v2\/media\/5746"}],"wp:attachment":[{"href":"https:\/\/luther-akademie.de\/da\/wp-json\/wp\/v2\/media?parent=6235"}],"curies":[{"name":"wp","href":"https:\/\/api.w.org\/{rel}","templated":true}]}}